{"id":174045,"date":"2025-12-14T17:55:15","date_gmt":"2025-12-14T17:55:15","guid":{"rendered":"https:\/\/b2b.depodanmusteriye.com\/urun\/sarjli-radyo-hoparlor-ic-ve-dis-mekan-uyumlu\/"},"modified":"2025-12-14T17:55:15","modified_gmt":"2025-12-14T17:55:15","slug":"sarjli-radyo-hoparlor-ic-ve-dis-mekan-uyumlu","status":"publish","type":"product","link":"https:\/\/depodanmusteriye.com\/urunler\/urun\/sarjli-radyo-hoparlor-ic-ve-dis-mekan-uyumlu\/","title":{"rendered":"\u015earjl\u0131 Radyo Hoparl\u00f6r \u2013 \u0130\u00e7 ve D\u0131\u015f Mekan Uyumlu"},"content":{"rendered":"<h4>M\u00fczi\u011fi hayat\u0131n\u0131n her an\u0131nda yan\u0131nda ta\u015f\u0131mak isteyenler i\u00e7in bu kablosuz hoparl\u00f6r, \u00e7ok y\u00f6nl\u00fc \u00f6zellikleriyle \u00f6ne \u00e7\u0131k\u0131yor. Bluetooth ba\u011flant\u0131s\u0131yla t\u00fcm ak\u0131ll\u0131 telefon, tablet ve bilgisayarlarla uyumludur. Kabloya ihtiya\u00e7 duymadan m\u00fczi\u011finizi \u00f6zg\u00fcrce dinleyebilirsiniz.<br \/>\nRadyo severler i\u00e7in \u00f6zel olarak geli\u015ftirilen FM al\u0131c\u0131s\u0131, 87.5 \u2013 108.0 MHz frekans aral\u0131\u011f\u0131n\u0131 destekler. Antenli yap\u0131s\u0131, \u00e7ekim kalitesini art\u0131r\u0131r. Masa ba\u015f\u0131nda \u00e7al\u0131\u015f\u0131rken ya da kahve molas\u0131 verirken sevdi\u011finiz radyo programlar\u0131n\u0131 kesintisiz takip edebilirsiniz.<br \/>\nCihaz\u0131n \u00fczerinde yer alan USB ve haf\u0131za kart\u0131 giri\u015fleri sayesinde ta\u015f\u0131nabilir m\u00fczik ar\u015fivinizi do\u011frudan cihaza ba\u011flayabilirsiniz. LED \u0131\u015f\u0131kl\u0131 yap\u0131s\u0131 hem g\u00f6r\u00fcn\u00fcrl\u00fc\u011f\u00fc art\u0131r\u0131r hem de karanl\u0131k ortamlarda kullan\u0131labilen el feneri fonksiyonu sunar.<br \/>\n\u015e\u0131k ah\u015fap g\u00f6r\u00fcn\u00fcml\u00fc d\u0131\u015f y\u00fczey estetik bir g\u00f6r\u00fcn\u00fcm sunarken, plastik malzeme dayan\u0131kl\u0131l\u0131\u011f\u0131 art\u0131r\u0131r. Micro USB kablo ile \u015farj edilebilir; \u00fcstelik kutu i\u00e7eri\u011finde yer alan 18650 \u015farj edilebilir pil de kullan\u0131m kolayl\u0131\u011f\u0131 sa\u011flar. Alternatif olarak iki adet b\u00fcy\u00fck boy pil deste\u011fiyle uzun s\u00fcreli kullan\u0131mlar i\u00e7in uygundur.<br \/>\nTa\u015f\u0131ma kolu sayesinde kamp, do\u011fa y\u00fcr\u00fcy\u00fc\u015f\u00fc, sahil gezisi gibi a\u00e7\u0131k hava etkinliklerinde konfor sa\u011flar. Kompakt boyutlar\u0131yla her yere ta\u015f\u0131nabilir. <\/p>\n<p><b>1 adet fiyat\u0131d\u0131r<\/b> <\/p>\n<p><p><b>\u00dcretici Markas\u0131 : ZERO LAND<\/b><\/p>\n<p><b>\u00dcretici Kodu : UCZZZKTF1655RADYO3<\/b><\/p>\n<p><b>1 ADET F\u0130YATIDIR<\/b><\/p>\n<\/h4>\n<p><\/p>\n","protected":false},"excerpt":{"rendered":"<p>\u015earjl\u0131 Radyo Hoparl\u00f6r \u2013 \u0130\u00e7 ve D\u0131\u015f Mekan Uyumlu<\/p>\n","protected":false},"featured_media":174040,"comment_status":"open","ping_status":"closed","template":"","meta":[],"product_brand":[],"product_cat":[461,374],"product_tag":[2313,1968,1173,4228,13031,3975,1951,2104],"class_list":{"0":"post-174045","1":"product","2":"type-product","3":"status-publish","4":"has-post-thumbnail","6":"product_cat-bluetooth-hoparlor","7":"product_cat-mobil-aksesuar","8":"product_tag-dis","9":"product_tag-hoparlor","10":"product_tag-ic","11":"product_tag-mekan","12":"product_tag-radyo","13":"product_tag-sarjli","14":"product_tag-uyumlu","15":"product_tag-ve","17":"first","18":"instock","19":"taxable","20":"shipping-taxable","21":"purchasable","22":"product-type-simple"},"_links":{"self":[{"href":"https:\/\/depodanmusteriye.com\/urunler\/wp-json\/wp\/v2\/product\/174045","targetHints":{"allow":["GET"]}}],"collection":[{"href":"https:\/\/depodanmusteriye.com\/urunler\/wp-json\/wp\/v2\/product"}],"about":[{"href":"https:\/\/depodanmusteriye.com\/urunler\/wp-json\/wp\/v2\/types\/product"}],"replies":[{"embeddable":true,"href":"https:\/\/depodanmusteriye.com\/urunler\/wp-json\/wp\/v2\/comments?post=174045"}],"version-history":[{"count":0,"href":"https:\/\/depodanmusteriye.com\/urunler\/wp-json\/wp\/v2\/product\/174045\/revisions"}],"wp:featuredmedia":[{"embeddable":true,"href":"https:\/\/depodanmusteriye.com\/urunler\/wp-json\/wp\/v2\/media\/174040"}],"wp:attachment":[{"href":"https:\/\/depodanmusteriye.com\/urunler\/wp-json\/wp\/v2\/media?parent=174045"}],"wp:term":[{"taxonomy":"product_brand","embeddable":true,"href":"https:\/\/depodanmusteriye.com\/urunler\/wp-json\/wp\/v2\/product_brand?post=174045"},{"taxonomy":"product_cat","embeddable":true,"href":"https:\/\/depodanmusteriye.com\/urunler\/wp-json\/wp\/v2\/product_cat?post=174045"},{"taxonomy":"product_tag","embeddable":true,"href":"https:\/\/depodanmusteriye.com\/urunler\/wp-json\/wp\/v2\/product_tag?post=174045"}],"curies":[{"name":"wp","href":"https:\/\/api.w.org\/{rel}","templated":true}]}}