{"id":174039,"date":"2025-12-14T17:54:55","date_gmt":"2025-12-14T17:54:55","guid":{"rendered":"https:\/\/b2b.depodanmusteriye.com\/urun\/ahsap-gorunumlu-masaustu-bluetooth-cihaz\/"},"modified":"2025-12-14T17:54:55","modified_gmt":"2025-12-14T17:54:55","slug":"ahsap-gorunumlu-masaustu-bluetooth-cihaz","status":"publish","type":"product","link":"https:\/\/depodanmusteriye.com\/urunler\/urun\/ahsap-gorunumlu-masaustu-bluetooth-cihaz\/","title":{"rendered":"Ah\u015fap G\u00f6r\u00fcn\u00fcml\u00fc Masa\u00fcst\u00fc Bluetooth Cihaz"},"content":{"rendered":"<h4>Kablosuz ba\u011flant\u0131 \u00f6zelli\u011fi sayesinde bu \u00e7ok ama\u00e7l\u0131 hoparl\u00f6r, evden do\u011faya kadar her ortamda kaliteli m\u00fczik deneyimi sunar. T\u00fcm mobil cihazlarla uyumlu Bluetooth ba\u011flant\u0131s\u0131 sayesinde telefon, tablet veya bilgisayar\u0131n\u0131zdan kablo kullanmadan ses aktar\u0131m\u0131 yapabilirsiniz.<br \/>\n87.5 \u2013 108.0 MHz FM radyo deste\u011fiyle sevdi\u011finiz radyo programlar\u0131n\u0131 antenli yap\u0131s\u0131yla net \u015fekilde dinleyebilirsiniz. Radyo severler i\u00e7in \u00f6zel olarak geli\u015ftirilen bu sistem, 8 kanal destekli olup daha stabil bir yay\u0131n sunar.<br \/>\nMikro USB kablo ile \u015farj edilebilmesi ve kutu i\u00e7eri\u011finde yer alan 18650 \u015farjl\u0131 pil sayesinde prize ihtiya\u00e7 duymadan da kullan\u0131labilir. Ayr\u0131ca iki adet b\u00fcy\u00fck boy pille de \u00e7al\u0131\u015ft\u0131r\u0131labilir. Bu y\u00f6n\u00fcyle kamp, piknik, seyahat gibi d\u0131\u015f mekan kullan\u0131mlar\u0131nda olduk\u00e7a avantajl\u0131d\u0131r.<br \/>\nUSB ve haf\u0131za kart\u0131 giri\u015fleri sayesinde harici m\u00fczik kaynaklar\u0131n\u0131z\u0131 do\u011frudan ba\u011flayabilir, MP3 format\u0131ndaki dosyalar\u0131n\u0131z\u0131 kolayca oynatabilirsiniz. LED el feneri fonksiyonu, karanl\u0131k alanlarda kullan\u0131m kolayl\u0131\u011f\u0131 sunar. Gece kamp yaparken ya da elektrik kesintilerinde i\u015fe yarar bir \u00f6zellik olarak \u00f6ne \u00e7\u0131kar.<br \/>\nAh\u015fap g\u00f6r\u00fcn\u00fcml\u00fc d\u0131\u015f y\u00fczeyiyle \u015f\u0131k bir tasar\u0131ma sahip olan bu hoparl\u00f6r, sadece teknolojik de\u011fil ayn\u0131 zamanda dekoratif bir \u00fcr\u00fcn olarak da \u00f6ne \u00e7\u0131kar. Masa\u00fcst\u00fcnde, mutfakta ya da ofis ortam\u0131nda hem g\u00f6rsel hem i\u015flevsel olarak kullan\u0131\u015fl\u0131d\u0131r.<br \/>\nTa\u015f\u0131ma kolu sayesinde mobil kullan\u0131m kolayla\u015f\u0131r. Hafif ve kompakt yap\u0131s\u0131, her yere kolayca ta\u015f\u0131nabilmesini sa\u011flar. Bu cihaz, g\u00fcnl\u00fck kullan\u0131mda oldu\u011fu kadar a\u00e7\u0131k hava aktivitelerinde de m\u00fczi\u011fi her an yan\u0131n\u0131zda ta\u015f\u0131man\u0131z i\u00e7in tasarlanm\u0131\u015ft\u0131r. <\/p>\n<p><b>1 adet fiyat\u0131d\u0131r<\/b> <\/p>\n<p><p><b>\u00dcretici Markas\u0131 : ZERO LAND<\/b><\/p>\n<p><b>\u00dcretici Kodu : UCZZZKTF1655RADYO4<\/b><\/p>\n<p><b>1 ADET F\u0130YATIDIR<\/b><\/p>\n<\/h4>\n<p><\/p>\n","protected":false},"excerpt":{"rendered":"<p>Ah\u015fap G\u00f6r\u00fcn\u00fcml\u00fc Masa\u00fcst\u00fc Bluetooth Cihaz<\/p>\n","protected":false},"featured_media":174034,"comment_status":"open","ping_status":"closed","template":"","meta":[],"product_brand":[],"product_cat":[461,374],"product_tag":[1546,3605,4004,3441,3676],"class_list":{"0":"post-174039","1":"product","2":"type-product","3":"status-publish","4":"has-post-thumbnail","6":"product_cat-bluetooth-hoparlor","7":"product_cat-mobil-aksesuar","8":"product_tag-ahsap","9":"product_tag-bluetooth","10":"product_tag-cihaz","11":"product_tag-gorunumlu","12":"product_tag-masaustu","14":"first","15":"instock","16":"taxable","17":"shipping-taxable","18":"purchasable","19":"product-type-simple"},"_links":{"self":[{"href":"https:\/\/depodanmusteriye.com\/urunler\/wp-json\/wp\/v2\/product\/174039","targetHints":{"allow":["GET"]}}],"collection":[{"href":"https:\/\/depodanmusteriye.com\/urunler\/wp-json\/wp\/v2\/product"}],"about":[{"href":"https:\/\/depodanmusteriye.com\/urunler\/wp-json\/wp\/v2\/types\/product"}],"replies":[{"embeddable":true,"href":"https:\/\/depodanmusteriye.com\/urunler\/wp-json\/wp\/v2\/comments?post=174039"}],"version-history":[{"count":0,"href":"https:\/\/depodanmusteriye.com\/urunler\/wp-json\/wp\/v2\/product\/174039\/revisions"}],"wp:featuredmedia":[{"embeddable":true,"href":"https:\/\/depodanmusteriye.com\/urunler\/wp-json\/wp\/v2\/media\/174034"}],"wp:attachment":[{"href":"https:\/\/depodanmusteriye.com\/urunler\/wp-json\/wp\/v2\/media?parent=174039"}],"wp:term":[{"taxonomy":"product_brand","embeddable":true,"href":"https:\/\/depodanmusteriye.com\/urunler\/wp-json\/wp\/v2\/product_brand?post=174039"},{"taxonomy":"product_cat","embeddable":true,"href":"https:\/\/depodanmusteriye.com\/urunler\/wp-json\/wp\/v2\/product_cat?post=174039"},{"taxonomy":"product_tag","embeddable":true,"href":"https:\/\/depodanmusteriye.com\/urunler\/wp-json\/wp\/v2\/product_tag?post=174039"}],"curies":[{"name":"wp","href":"https:\/\/api.w.org\/{rel}","templated":true}]}}