{"id":174015,"date":"2025-12-14T17:53:47","date_gmt":"2025-12-14T17:53:47","guid":{"rendered":"https:\/\/b2b.depodanmusteriye.com\/urun\/6-saat-kullanimli-kablosuz-oyun-konsolu\/"},"modified":"2025-12-14T17:53:47","modified_gmt":"2025-12-14T17:53:47","slug":"6-saat-kullanimli-kablosuz-oyun-konsolu","status":"publish","type":"product","link":"https:\/\/depodanmusteriye.com\/urunler\/urun\/6-saat-kullanimli-kablosuz-oyun-konsolu\/","title":{"rendered":"6 Saat Kullan\u0131ml\u0131 Kablosuz Oyun Konsolu"},"content":{"rendered":"<h4>Klasik oyunlara modern dokunu\u015f getiren bu ta\u015f\u0131nabilir oyun konsolu, hem nostalji hem de yenilik arayanlar i\u00e7in m\u00fckemmel bir \u00e7\u00f6z\u00fcmd\u00fcr. IPS teknolojili 5 in\u00e7 ekran\u0131, geni\u015f g\u00f6r\u00fc\u015f a\u00e7\u0131s\u0131 ve OCA laminasyonuyla her a\u00e7\u0131dan net ve canl\u0131 g\u00f6r\u00fcnt\u00fc sunar. 640&#215;480 \u00e7\u00f6z\u00fcn\u00fcrl\u00fckte oyunlar adeta yeniden canlan\u0131r.<br \/>\n3000 mAh lityum pil ile donat\u0131lan cihaz, 6 saat boyunca kesintisiz oyun deneyimi sunar. C2C h\u0131zl\u0131 \u015farj \u00f6zelli\u011fiyle k\u0131sa s\u00fcrede tekrar dolarak vakit kaybetmeden oyuna d\u00f6nmenize olanak tan\u0131r.<br \/>\nJoystick b\u00f6l\u00fcm\u00fcnde yer alan 16 milyon renk destekli RGB \u0131\u015f\u0131k halkas\u0131, farkl\u0131 modlarda \u00e7al\u0131\u015fabilir ve kullan\u0131c\u0131 taraf\u0131ndan ki\u015fiselle\u015ftirilebilir. Bu \u00f6zellik, cihaz\u0131 hem \u015f\u0131k hem e\u011flenceli hale getirir.<br \/>\nBa\u011flant\u0131 se\u00e7enekleri olduk\u00e7a geni\u015ftir. HD \u00e7\u0131k\u0131\u015f deste\u011fi ile televizyona ba\u011flanabilir, Wi-Fi \u00fczerinden \u00e7evrim i\u00e7i \u00f6zellikler kullan\u0131labilir. 2.4G kablosuz ve kablolu kontrolc\u00fc deste\u011fi sayesinde tek ba\u015f\u0131n\u0131za ya da arkada\u015flar\u0131n\u0131zla oynayabilirsiniz. Titre\u015fim motoru sayesinde her etkile\u015fimi daha ger\u00e7ek\u00e7i hissedersiniz.<br \/>\nKompakt tasar\u0131m\u0131 sayesinde her an her yerde yan\u0131n\u0131zda ta\u015f\u0131maya uygundur. Elinize tam oturan ergonomisiyle uzun s\u00fcreli kullan\u0131mda bile konfor sunar. Teknolojiyle oyunu bir araya getiren bu cihaz, her ya\u015f grubundan kullan\u0131c\u0131 i\u00e7in harika bir tercihtir. <\/p>\n<p><b>1 adet fiyat\u0131d\u0131r<\/b> <\/p>\n<p><p><b>\u00dcretici Markas\u0131 : ZERO LAND<\/b><\/p>\n<p><b>\u00dcretici Kodu : UCZZZM22PROGAME2<\/b><\/p>\n<p><b>1 ADET F\u0130YATIDIR<\/b><\/p>\n<\/h4>\n<p><\/p>\n","protected":false},"excerpt":{"rendered":"<p>6 Saat Kullan\u0131ml\u0131 Kablosuz Oyun Konsolu<\/p>\n","protected":false},"featured_media":174010,"comment_status":"open","ping_status":"closed","template":"","meta":[],"product_brand":[],"product_cat":[1036,374],"product_tag":[1224,1640,3998,13070,3997,3637],"class_list":{"0":"post-174015","1":"product","2":"type-product","3":"status-publish","4":"has-post-thumbnail","6":"product_cat-konsol-gamepad-ve-joystick","7":"product_cat-mobil-aksesuar","8":"product_tag-1224","9":"product_tag-kablosuz","10":"product_tag-konsolu","11":"product_tag-kullanimli","12":"product_tag-oyun","13":"product_tag-saat","15":"first","16":"instock","17":"taxable","18":"shipping-taxable","19":"purchasable","20":"product-type-simple"},"_links":{"self":[{"href":"https:\/\/depodanmusteriye.com\/urunler\/wp-json\/wp\/v2\/product\/174015","targetHints":{"allow":["GET"]}}],"collection":[{"href":"https:\/\/depodanmusteriye.com\/urunler\/wp-json\/wp\/v2\/product"}],"about":[{"href":"https:\/\/depodanmusteriye.com\/urunler\/wp-json\/wp\/v2\/types\/product"}],"replies":[{"embeddable":true,"href":"https:\/\/depodanmusteriye.com\/urunler\/wp-json\/wp\/v2\/comments?post=174015"}],"version-history":[{"count":0,"href":"https:\/\/depodanmusteriye.com\/urunler\/wp-json\/wp\/v2\/product\/174015\/revisions"}],"wp:featuredmedia":[{"embeddable":true,"href":"https:\/\/depodanmusteriye.com\/urunler\/wp-json\/wp\/v2\/media\/174010"}],"wp:attachment":[{"href":"https:\/\/depodanmusteriye.com\/urunler\/wp-json\/wp\/v2\/media?parent=174015"}],"wp:term":[{"taxonomy":"product_brand","embeddable":true,"href":"https:\/\/depodanmusteriye.com\/urunler\/wp-json\/wp\/v2\/product_brand?post=174015"},{"taxonomy":"product_cat","embeddable":true,"href":"https:\/\/depodanmusteriye.com\/urunler\/wp-json\/wp\/v2\/product_cat?post=174015"},{"taxonomy":"product_tag","embeddable":true,"href":"https:\/\/depodanmusteriye.com\/urunler\/wp-json\/wp\/v2\/product_tag?post=174015"}],"curies":[{"name":"wp","href":"https:\/\/api.w.org\/{rel}","templated":true}]}}