{"id":174009,"date":"2025-12-14T17:53:30","date_gmt":"2025-12-14T17:53:30","guid":{"rendered":"https:\/\/b2b.depodanmusteriye.com\/urun\/klasik-oyunlar-icin-tasinabilir-konsol\/"},"modified":"2025-12-14T17:53:30","modified_gmt":"2025-12-14T17:53:30","slug":"klasik-oyunlar-icin-tasinabilir-konsol","status":"publish","type":"product","link":"https:\/\/depodanmusteriye.com\/urunler\/urun\/klasik-oyunlar-icin-tasinabilir-konsol\/","title":{"rendered":"Klasik Oyunlar \u0130\u00e7in Ta\u015f\u0131nabilir Konsol"},"content":{"rendered":"<h4>Geli\u015fmi\u015f donan\u0131m\u0131 ve \u015f\u0131k tasar\u0131m\u0131yla \u00f6ne \u00e7\u0131kan bu el konsolu, oyun keyfini bamba\u015fka bir seviyeye ta\u015f\u0131r. 5 in\u00e7 IPS ekran\u0131 sayesinde daha geni\u015f a\u00e7\u0131dan daha parlak ve net g\u00f6r\u00fcnt\u00fcler elde edersiniz. OCA tam laminasyon \u00f6zelli\u011fi, dokunmatik hissiyat\u0131 art\u0131r\u0131rken ekran\u0131 daha dayan\u0131kl\u0131 hale getirir.<br \/>\n640&#215;480 \u00e7\u00f6z\u00fcn\u00fcrl\u00fck, klasik oyunlara yeni bir canl\u0131l\u0131k kazand\u0131r\u0131r. Batarya kapasitesi 3000 mAh olup tek \u015farjla 6 saate kadar oyun s\u00fcresi sunar. USB-C destekli h\u0131zl\u0131 \u015farj \u00f6zelli\u011fi de cihaz\u0131 k\u0131sa s\u00fcrede tam dolu hale getirir.<br \/>\nRGB ayd\u0131nlatmal\u0131 joystick b\u00f6l\u00fcm\u00fc, farkl\u0131 \u0131\u015f\u0131k modlar\u0131yla \u00f6zelle\u015ftirilebilir. Ki\u015fisel zevkinize uygun \u015fekilde renk ve parlakl\u0131k ayarlayabilirsiniz. Bu \u00f6zellik sadece estetik de\u011fil, ayn\u0131 zamanda kullan\u0131m keyfini art\u0131ran bir unsurdur.<br \/>\nWi-Fi ba\u011flant\u0131s\u0131, HD video \u00e7\u0131k\u0131\u015f\u0131, kablosuz kontrolc\u00fc deste\u011fi ve titre\u015fim motoru gibi donan\u0131mlar, oyun deneyiminizi zenginle\u015ftirir. Bu sayede sadece ta\u015f\u0131nabilir de\u011fil, ayn\u0131 zamanda \u00e7ok oyunculu ve b\u00fcy\u00fck ekranl\u0131 kullan\u0131m i\u00e7in de idealdir.<br \/>\nModern hatlara sahip bu cihaz, nostaljik ruhu modern teknolojiyle birle\u015ftiriyor. Sevdikleriniz i\u00e7in \u00f6zel g\u00fcnlerde unutulmaz bir hediye se\u00e7ene\u011fi olabilir. <\/p>\n<p><b>1 adet fiyat\u0131d\u0131r<\/b> <\/p>\n<p><p><b>\u00dcretici Markas\u0131 : ZERO LAND<\/b><\/p>\n<p><b>\u00dcretici Kodu : UCZZZM22PROGAME3<\/b><\/p>\n<p><b>1 ADET F\u0130YATIDIR<\/b><\/p>\n<\/h4>\n<p><\/p>\n","protected":false},"excerpt":{"rendered":"<p>Klasik Oyunlar \u0130\u00e7in Ta\u015f\u0131nabilir Konsol<\/p>\n","protected":false},"featured_media":174004,"comment_status":"open","ping_status":"closed","template":"","meta":[],"product_brand":[],"product_cat":[1036,374],"product_tag":[1853,2029,13486,4292,2982],"class_list":{"0":"post-174009","1":"product","2":"type-product","3":"status-publish","4":"has-post-thumbnail","6":"product_cat-konsol-gamepad-ve-joystick","7":"product_cat-mobil-aksesuar","8":"product_tag-icin","9":"product_tag-klasik","10":"product_tag-konsol","11":"product_tag-oyunlar","12":"product_tag-tasinabilir","14":"first","15":"instock","16":"taxable","17":"shipping-taxable","18":"purchasable","19":"product-type-simple"},"_links":{"self":[{"href":"https:\/\/depodanmusteriye.com\/urunler\/wp-json\/wp\/v2\/product\/174009","targetHints":{"allow":["GET"]}}],"collection":[{"href":"https:\/\/depodanmusteriye.com\/urunler\/wp-json\/wp\/v2\/product"}],"about":[{"href":"https:\/\/depodanmusteriye.com\/urunler\/wp-json\/wp\/v2\/types\/product"}],"replies":[{"embeddable":true,"href":"https:\/\/depodanmusteriye.com\/urunler\/wp-json\/wp\/v2\/comments?post=174009"}],"version-history":[{"count":0,"href":"https:\/\/depodanmusteriye.com\/urunler\/wp-json\/wp\/v2\/product\/174009\/revisions"}],"wp:featuredmedia":[{"embeddable":true,"href":"https:\/\/depodanmusteriye.com\/urunler\/wp-json\/wp\/v2\/media\/174004"}],"wp:attachment":[{"href":"https:\/\/depodanmusteriye.com\/urunler\/wp-json\/wp\/v2\/media?parent=174009"}],"wp:term":[{"taxonomy":"product_brand","embeddable":true,"href":"https:\/\/depodanmusteriye.com\/urunler\/wp-json\/wp\/v2\/product_brand?post=174009"},{"taxonomy":"product_cat","embeddable":true,"href":"https:\/\/depodanmusteriye.com\/urunler\/wp-json\/wp\/v2\/product_cat?post=174009"},{"taxonomy":"product_tag","embeddable":true,"href":"https:\/\/depodanmusteriye.com\/urunler\/wp-json\/wp\/v2\/product_tag?post=174009"}],"curies":[{"name":"wp","href":"https:\/\/api.w.org\/{rel}","templated":true}]}}