{"id":174003,"date":"2025-12-14T17:53:12","date_gmt":"2025-12-14T17:53:12","guid":{"rendered":"https:\/\/b2b.depodanmusteriye.com\/urun\/hd-cikisli-wi-fi-destekli-oyun-konsolu\/"},"modified":"2025-12-14T17:53:12","modified_gmt":"2025-12-14T17:53:12","slug":"hd-cikisli-wi-fi-destekli-oyun-konsolu","status":"publish","type":"product","link":"https:\/\/depodanmusteriye.com\/urunler\/urun\/hd-cikisli-wi-fi-destekli-oyun-konsolu\/","title":{"rendered":"HD \u00c7\u0131k\u0131\u015fl\u0131, Wi-Fi Destekli Oyun Konsolu"},"content":{"rendered":"<h4>Ta\u015f\u0131nabilir yap\u0131s\u0131, g\u00fc\u00e7l\u00fc bataryas\u0131 ve \u00e7ok y\u00f6nl\u00fc ba\u011flant\u0131 se\u00e7enekleriyle bu oyun konsolu, hem \u00e7ocuklar hem yeti\u015fkinler i\u00e7in uygundur. IPS ekran\u0131 ile canl\u0131 ve net g\u00f6r\u00fcnt\u00fcler sunarken, tam g\u00f6r\u00fc\u015f a\u00e7\u0131s\u0131 sayesinde farkl\u0131 a\u00e7\u0131lardan da y\u00fcksek kaliteyi korur.<br \/>\nCihazda yer alan 3000 mAh lityum pil, 6 saatlik kesintisiz kullan\u0131m sunar. C2C tipi h\u0131zl\u0131 \u015farj giri\u015fi, cihaz\u0131 k\u0131sa s\u00fcrede tekrar kullan\u0131ma haz\u0131r hale getirir.<br \/>\nJoystick k\u0131sm\u0131ndaki RGB \u0131\u015f\u0131k halkas\u0131, cihaz\u0131n atmosferini de\u011fi\u015ftirecek kadar etkileyicidir. Farkl\u0131 modlar aras\u0131nda ge\u00e7i\u015f yapabilir, \u0131\u015f\u0131k efektlerini ki\u015fiselle\u015ftirebilirsiniz.<br \/>\nHD \u00e7\u0131k\u0131\u015f, Wi-Fi e\u015fle\u015fme, 2.4G kontrolc\u00fc ba\u011flant\u0131s\u0131 ve titre\u015fimli motor deste\u011fi sayesinde cihaz sadece bireysel kullan\u0131m de\u011fil; grup oyunlar\u0131 ve b\u00fcy\u00fck ekran deneyimleri i\u00e7in de idealdir.<br \/>\nTa\u015f\u0131nabilir boyutu ve ergonomik yap\u0131s\u0131 sayesinde cihaz\u0131 her yere kolayca g\u00f6t\u00fcrebilirsiniz. Gerek evde gerek d\u0131\u015f mek\u00e2nda rahat\u00e7a kullan\u0131labilir. Hem e\u011flenceli hem de fonksiyonel bir cihazd\u0131r. <\/p>\n<p><b>1 adet fiyat\u0131d\u0131r<\/b> <\/p>\n<p><p><b>\u00dcretici Markas\u0131 : ZERO LAND<\/b><\/p>\n<p><b>\u00dcretici Kodu : UCZZZM22PROGAME4<\/b><\/p>\n<p><b>1 ADET F\u0130YATIDIR<\/b><\/p>\n<\/h4>\n<p><\/p>\n","protected":false},"excerpt":{"rendered":"<p>HD \u00c7\u0131k\u0131\u015fl\u0131, Wi-Fi Destekli Oyun Konsolu<\/p>\n","protected":false},"featured_media":173998,"comment_status":"open","ping_status":"closed","template":"","meta":[],"product_brand":[],"product_cat":[1036,374],"product_tag":[1877,3695,3176,3998,3997,13535],"class_list":{"0":"post-174003","1":"product","2":"type-product","3":"status-publish","4":"has-post-thumbnail","6":"product_cat-konsol-gamepad-ve-joystick","7":"product_cat-mobil-aksesuar","8":"product_tag-cikisli","9":"product_tag-destekli","10":"product_tag-hd","11":"product_tag-konsolu","12":"product_tag-oyun","13":"product_tag-wi-fi","15":"first","16":"instock","17":"taxable","18":"shipping-taxable","19":"purchasable","20":"product-type-simple"},"_links":{"self":[{"href":"https:\/\/depodanmusteriye.com\/urunler\/wp-json\/wp\/v2\/product\/174003","targetHints":{"allow":["GET"]}}],"collection":[{"href":"https:\/\/depodanmusteriye.com\/urunler\/wp-json\/wp\/v2\/product"}],"about":[{"href":"https:\/\/depodanmusteriye.com\/urunler\/wp-json\/wp\/v2\/types\/product"}],"replies":[{"embeddable":true,"href":"https:\/\/depodanmusteriye.com\/urunler\/wp-json\/wp\/v2\/comments?post=174003"}],"version-history":[{"count":0,"href":"https:\/\/depodanmusteriye.com\/urunler\/wp-json\/wp\/v2\/product\/174003\/revisions"}],"wp:featuredmedia":[{"embeddable":true,"href":"https:\/\/depodanmusteriye.com\/urunler\/wp-json\/wp\/v2\/media\/173998"}],"wp:attachment":[{"href":"https:\/\/depodanmusteriye.com\/urunler\/wp-json\/wp\/v2\/media?parent=174003"}],"wp:term":[{"taxonomy":"product_brand","embeddable":true,"href":"https:\/\/depodanmusteriye.com\/urunler\/wp-json\/wp\/v2\/product_brand?post=174003"},{"taxonomy":"product_cat","embeddable":true,"href":"https:\/\/depodanmusteriye.com\/urunler\/wp-json\/wp\/v2\/product_cat?post=174003"},{"taxonomy":"product_tag","embeddable":true,"href":"https:\/\/depodanmusteriye.com\/urunler\/wp-json\/wp\/v2\/product_tag?post=174003"}],"curies":[{"name":"wp","href":"https:\/\/api.w.org\/{rel}","templated":true}]}}