{"id":173997,"date":"2025-12-14T17:52:54","date_gmt":"2025-12-14T17:52:54","guid":{"rendered":"https:\/\/b2b.depodanmusteriye.com\/urun\/hizli-sarjli-rgb-aydinlatmali-konsol\/"},"modified":"2025-12-14T17:52:54","modified_gmt":"2025-12-14T17:52:54","slug":"hizli-sarjli-rgb-aydinlatmali-konsol","status":"publish","type":"product","link":"https:\/\/depodanmusteriye.com\/urunler\/urun\/hizli-sarjli-rgb-aydinlatmali-konsol\/","title":{"rendered":"H\u0131zl\u0131 \u015earjl\u0131, RGB Ayd\u0131nlatmal\u0131 Konsol"},"content":{"rendered":"<h4>Bu cihaz, oyun oynamay\u0131 hayat\u0131n\u0131n bir par\u00e7as\u0131 haline getirenler i\u00e7in tasarland\u0131. 5 in\u00e7 IPS ekran\u0131, y\u00fcksek \u00e7\u00f6z\u00fcn\u00fcrl\u00fck ve tam g\u00f6r\u00fc\u015f a\u00e7\u0131s\u0131yla benzersiz bir g\u00f6rsel deneyim sunar. OCA laminasyon sayesinde ekran hem dayan\u0131kl\u0131 hem de daha canl\u0131d\u0131r.<br \/>\n3000 mAh batarya ile uzun s\u00fcreli kullan\u0131ma uygundur. Tek \u015farjla 6 saate kadar oyun oynayabilir, h\u0131zl\u0131 \u015farj \u00f6zelli\u011fiyle zamandan tasarruf edebilirsiniz.<br \/>\nJoystick k\u0131sm\u0131nda yer alan RGB \u0131\u015f\u0131k efekti, farkl\u0131 modlarda \u00e7al\u0131\u015farak cihaz\u0131 g\u00f6rsel olarak da \u00f6ne \u00e7\u0131kar\u0131r. Ki\u015fiselle\u015ftirilebilir \u0131\u015f\u0131k se\u00e7enekleri ile oyun atmosferinizi renklendirin.<br \/>\nGeli\u015fmi\u015f ba\u011flant\u0131 \u00f6zellikleri sayesinde \u00e7ok y\u00f6nl\u00fc bir kullan\u0131m sunar. HD \u00e7\u0131k\u0131\u015f\u0131 ile televizyona ba\u011flanabilir, Wi-Fi \u00fczerinden g\u00fcncellemeler yap\u0131labilir. Titre\u015fim motoru ve \u00e7ok oyunculu deste\u011fi ile daha ger\u00e7ek\u00e7i ve e\u011flenceli bir deneyim sa\u011flar.<br \/>\nKompakt ve ta\u015f\u0131nabilir yap\u0131s\u0131yla, bu konsol her yere kolayca g\u00f6t\u00fcr\u00fclebilir. Oyun merakl\u0131lar\u0131 i\u00e7in pratik ve etkileyici bir \u00e7\u00f6z\u00fcmd\u00fcr. <\/p>\n<p><b>1 adet fiyat\u0131d\u0131r<\/b> <\/p>\n<p><p><b>\u00dcretici Markas\u0131 : ZERO LAND<\/b><\/p>\n<p><b>\u00dcretici Kodu : UCZZZM22PROGAME5<\/b><\/p>\n<p><b>1 ADET F\u0130YATIDIR<\/b><\/p>\n<\/h4>\n<p><\/p>\n","protected":false},"excerpt":{"rendered":"<p>H\u0131zl\u0131 \u015earjl\u0131, RGB Ayd\u0131nlatmal\u0131 Konsol<\/p>\n","protected":false},"featured_media":173992,"comment_status":"open","ping_status":"closed","template":"","meta":[],"product_brand":[],"product_cat":[379,725],"product_tag":[4202,1825,13486,1967,3975],"class_list":{"0":"post-173997","1":"product","2":"type-product","3":"status-publish","4":"has-post-thumbnail","6":"product_cat-ev-yasam","7":"product_cat-psp-and-vita-oyunu","8":"product_tag-aydinlatmali","9":"product_tag-hizli","10":"product_tag-konsol","11":"product_tag-rgb","12":"product_tag-sarjli","14":"first","15":"instock","16":"taxable","17":"shipping-taxable","18":"purchasable","19":"product-type-simple"},"_links":{"self":[{"href":"https:\/\/depodanmusteriye.com\/urunler\/wp-json\/wp\/v2\/product\/173997","targetHints":{"allow":["GET"]}}],"collection":[{"href":"https:\/\/depodanmusteriye.com\/urunler\/wp-json\/wp\/v2\/product"}],"about":[{"href":"https:\/\/depodanmusteriye.com\/urunler\/wp-json\/wp\/v2\/types\/product"}],"replies":[{"embeddable":true,"href":"https:\/\/depodanmusteriye.com\/urunler\/wp-json\/wp\/v2\/comments?post=173997"}],"version-history":[{"count":0,"href":"https:\/\/depodanmusteriye.com\/urunler\/wp-json\/wp\/v2\/product\/173997\/revisions"}],"wp:featuredmedia":[{"embeddable":true,"href":"https:\/\/depodanmusteriye.com\/urunler\/wp-json\/wp\/v2\/media\/173992"}],"wp:attachment":[{"href":"https:\/\/depodanmusteriye.com\/urunler\/wp-json\/wp\/v2\/media?parent=173997"}],"wp:term":[{"taxonomy":"product_brand","embeddable":true,"href":"https:\/\/depodanmusteriye.com\/urunler\/wp-json\/wp\/v2\/product_brand?post=173997"},{"taxonomy":"product_cat","embeddable":true,"href":"https:\/\/depodanmusteriye.com\/urunler\/wp-json\/wp\/v2\/product_cat?post=173997"},{"taxonomy":"product_tag","embeddable":true,"href":"https:\/\/depodanmusteriye.com\/urunler\/wp-json\/wp\/v2\/product_tag?post=173997"}],"curies":[{"name":"wp","href":"https:\/\/api.w.org\/{rel}","templated":true}]}}