{"id":173961,"date":"2025-12-14T17:51:14","date_gmt":"2025-12-14T17:51:14","guid":{"rendered":"https:\/\/b2b.depodanmusteriye.com\/urun\/tum-klasik-oyunlari-destekleyen-64gb-tasinabilir-konsol\/"},"modified":"2025-12-14T17:51:14","modified_gmt":"2025-12-14T17:51:14","slug":"tum-klasik-oyunlari-destekleyen-64gb-tasinabilir-konsol","status":"publish","type":"product","link":"https:\/\/depodanmusteriye.com\/urunler\/urun\/tum-klasik-oyunlari-destekleyen-64gb-tasinabilir-konsol\/","title":{"rendered":"T\u00fcm Klasik Oyunlar\u0131 Destekleyen 64GB Ta\u015f\u0131nabilir Konsol"},"content":{"rendered":"<h4>Bu ta\u015f\u0131nabilir oyun konsolu, sadece oyun tutkunlar\u0131 de\u011fil, e\u011flenceyi yan\u0131nda ta\u015f\u0131mak isteyen herkes i\u00e7in tasarlanm\u0131\u015ft\u0131r. 4.3 in\u00e7 TFT LCD ekran\u0131 ve 3D g\u00f6r\u00fcnt\u00fc deste\u011fiyle oyunlar\u0131n i\u00e7ine \u00e7eker. 480&#215;272 \u00e7\u00f6z\u00fcn\u00fcrl\u00fckteki ekran, renk ve kontrast a\u00e7\u0131s\u0131ndan tatmin edici bir performans sunar.<br \/>\n64 GB dahili haf\u0131za ile y\u00fczlerce pop\u00fcler retro oyun \u00f6nceden y\u00fcklenmi\u015f olarak gelir. NES, GBA, GBC, SFC, PS1 ve MAME gibi klasik em\u00fclat\u00f6rleri destekler. Ayr\u0131ca 32 GB\u2019a kadar microSD kart deste\u011fi ile oyun kapasitesi art\u0131r\u0131labilir.<br \/>\n1000-1500 mAh bataryas\u0131, 3 ila 5 saat aras\u0131nda kesintisiz oyun oynama s\u00fcresi sunar. Micro USB \u015farj giri\u015fi sayesinde cihaz\u0131n\u0131z\u0131 kolayca \u015farj edebilir, her an kullan\u0131ma haz\u0131r hale getirebilirsiniz.<br \/>\nMultimedya \u00f6zellikleri cihaz\u0131 sadece bir oyun konsolu olmaktan \u00e7\u0131kar\u0131r. M\u00fczik \u00e7alar, video oynat\u0131c\u0131, foto\u011fraf g\u00f6r\u00fcnt\u00fcleme ve e-kitap okuma gibi i\u015flevlerle \u00e7ok y\u00f6nl\u00fc bir kullan\u0131m imk\u00e2n\u0131 sunar.<br \/>\nBasit men\u00fc yap\u0131s\u0131 ve fiziksel kontrol tu\u015flar\u0131 sayesinde cihaz olduk\u00e7a kullan\u0131c\u0131 dostudur. Gerek yeti\u015fkinler gerekse \u00e7ocuklar i\u00e7in rahat bir kullan\u0131m sa\u011flar. Kompakt boyutlar\u0131yla kolayca ta\u015f\u0131nabilir ve her ortamda kullan\u0131labilir.<br \/>\nEkonomik fiyat\u0131 ve sundu\u011fu \u00e7ok y\u00f6nl\u00fc e\u011flenceyle bu \u00fcr\u00fcn, hediye alternatifi olarak da \u00f6ne \u00e7\u0131kar. Oyun tutkunlar\u0131n\u0131n vazge\u00e7ilmezi olmaya adayd\u0131r. <\/p>\n<p><b>1 adet fiyat\u0131d\u0131r<\/b> <\/p>\n<p><p><b>\u00dcretici Markas\u0131 : ZERO LAND<\/b><\/p>\n<p><b>\u00dcretici Kodu : UCZZZM25PROGAME5<\/b><\/p>\n<p><b>1 ADET F\u0130YATIDIR<\/b><\/p>\n<\/h4>\n<p><\/p>\n","protected":false},"excerpt":{"rendered":"<p>T\u00fcm Klasik Oyunlar\u0131 Destekleyen 64GB Ta\u015f\u0131nabilir Konsol<\/p>\n","protected":false},"featured_media":173956,"comment_status":"open","ping_status":"closed","template":"","meta":[],"product_brand":[],"product_cat":[379,725],"product_tag":[1955,13379,2029,13486,13529,2982,4251],"class_list":{"0":"post-173961","1":"product","2":"type-product","3":"status-publish","4":"has-post-thumbnail","6":"product_cat-ev-yasam","7":"product_cat-psp-and-vita-oyunu","8":"product_tag-64gb","9":"product_tag-destekleyen","10":"product_tag-klasik","11":"product_tag-konsol","12":"product_tag-oyunlari","13":"product_tag-tasinabilir","14":"product_tag-tum","16":"first","17":"instock","18":"taxable","19":"shipping-taxable","20":"purchasable","21":"product-type-simple"},"_links":{"self":[{"href":"https:\/\/depodanmusteriye.com\/urunler\/wp-json\/wp\/v2\/product\/173961","targetHints":{"allow":["GET"]}}],"collection":[{"href":"https:\/\/depodanmusteriye.com\/urunler\/wp-json\/wp\/v2\/product"}],"about":[{"href":"https:\/\/depodanmusteriye.com\/urunler\/wp-json\/wp\/v2\/types\/product"}],"replies":[{"embeddable":true,"href":"https:\/\/depodanmusteriye.com\/urunler\/wp-json\/wp\/v2\/comments?post=173961"}],"version-history":[{"count":0,"href":"https:\/\/depodanmusteriye.com\/urunler\/wp-json\/wp\/v2\/product\/173961\/revisions"}],"wp:featuredmedia":[{"embeddable":true,"href":"https:\/\/depodanmusteriye.com\/urunler\/wp-json\/wp\/v2\/media\/173956"}],"wp:attachment":[{"href":"https:\/\/depodanmusteriye.com\/urunler\/wp-json\/wp\/v2\/media?parent=173961"}],"wp:term":[{"taxonomy":"product_brand","embeddable":true,"href":"https:\/\/depodanmusteriye.com\/urunler\/wp-json\/wp\/v2\/product_brand?post=173961"},{"taxonomy":"product_cat","embeddable":true,"href":"https:\/\/depodanmusteriye.com\/urunler\/wp-json\/wp\/v2\/product_cat?post=173961"},{"taxonomy":"product_tag","embeddable":true,"href":"https:\/\/depodanmusteriye.com\/urunler\/wp-json\/wp\/v2\/product_tag?post=173961"}],"curies":[{"name":"wp","href":"https:\/\/api.w.org\/{rel}","templated":true}]}}