{"id":173955,"date":"2025-12-14T17:51:00","date_gmt":"2025-12-14T17:51:00","guid":{"rendered":"https:\/\/b2b.depodanmusteriye.com\/urun\/1000-oyun-yuklu-hdmi-cikisli-retro-oyun-konsolu\/"},"modified":"2025-12-14T17:51:00","modified_gmt":"2025-12-14T17:51:00","slug":"1000-oyun-yuklu-hdmi-cikisli-retro-oyun-konsolu","status":"publish","type":"product","link":"https:\/\/depodanmusteriye.com\/urunler\/urun\/1000-oyun-yuklu-hdmi-cikisli-retro-oyun-konsolu\/","title":{"rendered":"1000 Oyun Y\u00fckl\u00fc HDMI \u00c7\u0131k\u0131\u015fl\u0131 Retro Oyun Konsolu"},"content":{"rendered":"<h4>Retro oyunlar\u0131n nostaljisini modern teknolojiyle birle\u015ftiren bu ta\u015f\u0131nabilir oyun konsolu, 1000\u2019den fazla y\u00fckl\u00fc klasik oyunla gelir. \u0130ster \u00e7ocukluk an\u0131lar\u0131n\u0131 tazelemek isteyin, ister yeni oyunlar ke\u015ffetmek, bu cihaz size her zaman e\u011flence sunar. Ayr\u0131ca, istedi\u011finiz oyunlar\u0131 y\u00fckleme imk\u00e2n\u0131 da sunar. Tek yapman\u0131z gereken, ilgili formatta indirdi\u011finiz oyunlar\u0131 cihaza aktarmak.<br \/>\nYaln\u0131zca ta\u015f\u0131nabilir de\u011fil, ayn\u0131 zamanda b\u00fcy\u00fck ekran keyfi de sunar! HDMI \u00e7\u0131k\u0131\u015f\u0131 sayesinde televizyona ba\u011flanarak y\u00fcksek \u00e7\u00f6z\u00fcn\u00fcrl\u00fckl\u00fc bir oyun deneyimi ya\u015fayabilirsiniz. Bu \u00f6zellik, arkada\u015flar\u0131n\u0131zla veya ailenizle toplu oyun keyfi ya\u015faman\u0131z i\u00e7in harika bir f\u0131rsat.<br \/>\n800mAh dahili lityum pil, tek \u015farjla yakla\u015f\u0131k 4 saat kesintisiz oyun imk\u00e2n\u0131 sunar. USB kablo ile kolayca \u015farj edilebilir ve tam dolum s\u00fcresi yakla\u015f\u0131k 1,5 saattir. B\u00f6ylece oyun keyfiniz yar\u0131da kalmaz.<br \/>\nKompakt tasar\u0131m\u0131, hafifli\u011fi ve renkli ekran\u0131 sayesinde seyahatlerde yan\u0131n\u0131zdan ay\u0131rmak istemeyeceksiniz. Elinize tam oturan ergonomik yap\u0131s\u0131, uzun s\u00fcreli oyunlarda bile konfor sa\u011flar.<br \/>\n\u00dcstelik bu cihaz sadece bir oyun konsolu de\u011fil. Video izleme, m\u00fczik dinleme, e-kitap okuma ve hatta bilgisayar ba\u011flant\u0131s\u0131 gibi ek i\u015flevleri de destekler. Yani bu cihaz, hem e\u011flence hem de g\u00fcnl\u00fck kullan\u0131m i\u00e7in vazge\u00e7ilmez bir yard\u0131mc\u0131n\u0131z olacak.<br \/>\nPaket i\u00e7eri\u011finde 1 adet el konsolu, 1 adet USB \u015farj kablosu, 1 adet HDMI kablo ve kullan\u0131m k\u0131lavuzu bulunur. Kurulum \u00e7ok kolayd\u0131r; kutusundan \u00e7\u0131kar\u0131n ve e\u011flenceye ba\u015flay\u0131n! <\/p>\n<p><b>1 adet fiyat\u0131d\u0131r<\/b> <\/p>\n<p><p><b>\u00dcretici Markas\u0131 : ZERO LAND<\/b><\/p>\n<p><b>\u00dcretici Kodu : UCZZZPROJETPRO<\/b><\/p>\n<p><b>1 ADET F\u0130YATIDIR<\/b><\/p>\n<\/h4>\n<p><\/p>\n","protected":false},"excerpt":{"rendered":"<p>1000 Oyun Y\u00fckl\u00fc HDMI \u00c7\u0131k\u0131\u015fl\u0131 Retro Oyun Konsolu<\/p>\n","protected":false},"featured_media":173950,"comment_status":"open","ping_status":"closed","template":"","meta":[],"product_brand":[],"product_cat":[1036,374],"product_tag":[3342,1877,4278,3998,3997,1963,13527],"class_list":{"0":"post-173955","1":"product","2":"type-product","3":"status-publish","4":"has-post-thumbnail","6":"product_cat-konsol-gamepad-ve-joystick","7":"product_cat-mobil-aksesuar","8":"product_tag-3342","9":"product_tag-cikisli","10":"product_tag-hdmi","11":"product_tag-konsolu","12":"product_tag-oyun","13":"product_tag-retro","14":"product_tag-yuklu","16":"first","17":"instock","18":"taxable","19":"shipping-taxable","20":"purchasable","21":"product-type-simple"},"_links":{"self":[{"href":"https:\/\/depodanmusteriye.com\/urunler\/wp-json\/wp\/v2\/product\/173955","targetHints":{"allow":["GET"]}}],"collection":[{"href":"https:\/\/depodanmusteriye.com\/urunler\/wp-json\/wp\/v2\/product"}],"about":[{"href":"https:\/\/depodanmusteriye.com\/urunler\/wp-json\/wp\/v2\/types\/product"}],"replies":[{"embeddable":true,"href":"https:\/\/depodanmusteriye.com\/urunler\/wp-json\/wp\/v2\/comments?post=173955"}],"version-history":[{"count":0,"href":"https:\/\/depodanmusteriye.com\/urunler\/wp-json\/wp\/v2\/product\/173955\/revisions"}],"wp:featuredmedia":[{"embeddable":true,"href":"https:\/\/depodanmusteriye.com\/urunler\/wp-json\/wp\/v2\/media\/173950"}],"wp:attachment":[{"href":"https:\/\/depodanmusteriye.com\/urunler\/wp-json\/wp\/v2\/media?parent=173955"}],"wp:term":[{"taxonomy":"product_brand","embeddable":true,"href":"https:\/\/depodanmusteriye.com\/urunler\/wp-json\/wp\/v2\/product_brand?post=173955"},{"taxonomy":"product_cat","embeddable":true,"href":"https:\/\/depodanmusteriye.com\/urunler\/wp-json\/wp\/v2\/product_cat?post=173955"},{"taxonomy":"product_tag","embeddable":true,"href":"https:\/\/depodanmusteriye.com\/urunler\/wp-json\/wp\/v2\/product_tag?post=173955"}],"curies":[{"name":"wp","href":"https:\/\/api.w.org\/{rel}","templated":true}]}}