{"id":173949,"date":"2025-12-14T17:50:42","date_gmt":"2025-12-14T17:50:42","guid":{"rendered":"https:\/\/b2b.depodanmusteriye.com\/urun\/kompakt-ve-hafif-retro-oyun-konsolu-1000-klasik-oyun-dahil\/"},"modified":"2025-12-14T17:50:42","modified_gmt":"2025-12-14T17:50:42","slug":"kompakt-ve-hafif-retro-oyun-konsolu-1000-klasik-oyun-dahil","status":"publish","type":"product","link":"https:\/\/depodanmusteriye.com\/urunler\/urun\/kompakt-ve-hafif-retro-oyun-konsolu-1000-klasik-oyun-dahil\/","title":{"rendered":"Kompakt ve Hafif Retro Oyun Konsolu 1000 Klasik Oyun Dahil"},"content":{"rendered":"<h4>Elinizdeki bu kompakt oyun konsolu, e\u011flencenin her t\u00fcr\u00fcn\u00fc tek bir g\u00f6vdede toplar. 1000\u2019den fazla nostaljik oyun, sizi \u00e7ocuklu\u011funuza geri g\u00f6t\u00fcr\u00fcrken, istedi\u011finiz formatta oyun y\u00fckleme \u00f6zelli\u011fi ile ki\u015fisel oyun ar\u015fivinizi olu\u015fturabilirsiniz.<br \/>\nTelevizyon ba\u011flant\u0131s\u0131 deste\u011fi, k\u00fc\u00e7\u00fck ekran keyfini devasa boyutlara ta\u015f\u0131r. HDMI \u00e7\u0131k\u0131\u015f sayesinde oyunlar\u0131n\u0131z\u0131 y\u00fcksek \u00e7\u00f6z\u00fcn\u00fcrl\u00fckte, net g\u00f6r\u00fcnt\u00fclerle oynayabilirsiniz. Evde veya misafirlikte, oyun deneyiminizi an\u0131nda b\u00fcy\u00fctebilirsiniz.<br \/>\nDahili 800mAh lityum pil, 4 saate kadar kesintisiz oyun deneyimi sunar. \u00dcstelik sadece 1,5 saat i\u00e7inde USB kablo ile yeniden \u015farj edilebilir. Seyahatlerde priz arama derdine son!<br \/>\nTa\u015f\u0131nabilirli\u011fi ile \u00f6ne \u00e7\u0131kan cihaz, hafif yap\u0131s\u0131 ve renkli ekran\u0131 sayesinde yan\u0131n\u0131zda ta\u015f\u0131mak i\u00e7in idealdir. Avu\u00e7 i\u00e7ine s\u0131\u011fan boyutu, ergonomik tu\u015f yerle\u015fimi ile birle\u015ferek uzun s\u00fcreli kullan\u0131mda bile rahatl\u0131k sa\u011flar.<br \/>\nOyun keyfinin \u00f6tesinde, bu cihaz ayn\u0131 zamanda video oynatma, m\u00fczik dinleme, e-kitap okuma ve bilgisayar ba\u011flant\u0131s\u0131 gibi multimedya \u00f6zellikleri de sunar. B\u00f6ylece tek cihazla hem e\u011flenir hem de g\u00fcnl\u00fck i\u015flerinizi halledebilirsiniz.<br \/>\nPaket i\u00e7eri\u011fi: 1 adet el konsolu, 1 adet USB kablosu, 1 adet HDMI kablosu, 1 adet kullan\u0131m k\u0131lavuzu. <\/p>\n<p><b>1 adet fiyat\u0131d\u0131r<\/b> <\/p>\n<p><p><b>\u00dcretici Markas\u0131 : ZERO LAND<\/b><\/p>\n<p><b>\u00dcretici Kodu : UCZZZPROJETPRO1<\/b><\/p>\n<p><b>1 ADET F\u0130YATIDIR<\/b><\/p>\n<\/h4>\n<p><\/p>\n","protected":false},"excerpt":{"rendered":"<p>Kompakt ve Hafif Retro Oyun Konsolu 1000 Klasik Oyun Dahil<\/p>\n","protected":false},"featured_media":173944,"comment_status":"open","ping_status":"closed","template":"","meta":[],"product_brand":[],"product_cat":[1036,374],"product_tag":[3342,13528,3996,2029,3986,3998,3997,1963,2104],"class_list":{"0":"post-173949","1":"product","2":"type-product","3":"status-publish","4":"has-post-thumbnail","6":"product_cat-konsol-gamepad-ve-joystick","7":"product_cat-mobil-aksesuar","8":"product_tag-3342","9":"product_tag-dahil","10":"product_tag-hafif","11":"product_tag-klasik","12":"product_tag-kompakt","13":"product_tag-konsolu","14":"product_tag-oyun","15":"product_tag-retro","16":"product_tag-ve","18":"first","19":"instock","20":"taxable","21":"shipping-taxable","22":"purchasable","23":"product-type-simple"},"_links":{"self":[{"href":"https:\/\/depodanmusteriye.com\/urunler\/wp-json\/wp\/v2\/product\/173949","targetHints":{"allow":["GET"]}}],"collection":[{"href":"https:\/\/depodanmusteriye.com\/urunler\/wp-json\/wp\/v2\/product"}],"about":[{"href":"https:\/\/depodanmusteriye.com\/urunler\/wp-json\/wp\/v2\/types\/product"}],"replies":[{"embeddable":true,"href":"https:\/\/depodanmusteriye.com\/urunler\/wp-json\/wp\/v2\/comments?post=173949"}],"version-history":[{"count":0,"href":"https:\/\/depodanmusteriye.com\/urunler\/wp-json\/wp\/v2\/product\/173949\/revisions"}],"wp:featuredmedia":[{"embeddable":true,"href":"https:\/\/depodanmusteriye.com\/urunler\/wp-json\/wp\/v2\/media\/173944"}],"wp:attachment":[{"href":"https:\/\/depodanmusteriye.com\/urunler\/wp-json\/wp\/v2\/media?parent=173949"}],"wp:term":[{"taxonomy":"product_brand","embeddable":true,"href":"https:\/\/depodanmusteriye.com\/urunler\/wp-json\/wp\/v2\/product_brand?post=173949"},{"taxonomy":"product_cat","embeddable":true,"href":"https:\/\/depodanmusteriye.com\/urunler\/wp-json\/wp\/v2\/product_cat?post=173949"},{"taxonomy":"product_tag","embeddable":true,"href":"https:\/\/depodanmusteriye.com\/urunler\/wp-json\/wp\/v2\/product_tag?post=173949"}],"curies":[{"name":"wp","href":"https:\/\/api.w.org\/{rel}","templated":true}]}}