{"id":173943,"date":"2025-12-14T17:50:27","date_gmt":"2025-12-14T17:50:27","guid":{"rendered":"https:\/\/b2b.depodanmusteriye.com\/urun\/sarjli-4-saat-oyun-sureli-tv-baglantili-retro-oyun-konsolu\/"},"modified":"2025-12-14T17:50:27","modified_gmt":"2025-12-14T17:50:27","slug":"sarjli-4-saat-oyun-sureli-tv-baglantili-retro-oyun-konsolu","status":"publish","type":"product","link":"https:\/\/depodanmusteriye.com\/urunler\/urun\/sarjli-4-saat-oyun-sureli-tv-baglantili-retro-oyun-konsolu\/","title":{"rendered":"\u015earjl\u0131 4 Saat Oyun S\u00fcreli TV Ba\u011flant\u0131l\u0131 Retro Oyun Konsolu"},"content":{"rendered":"<h4>Bu ta\u015f\u0131nabilir retro oyun konsolu, ge\u00e7mi\u015fin efsanevi oyunlar\u0131n\u0131 modern teknolojiyle bulu\u015fturuyor. \u0130\u00e7inde y\u00fckl\u00fc 1000\u2019den fazla klasik oyun ile geliyor. Ayr\u0131ca kullan\u0131c\u0131lar, uygun formatta indirdikleri oyunlar\u0131 kolayca y\u00fckleyerek kendi koleksiyonlar\u0131n\u0131 olu\u015fturabilirler.<br \/>\nTelevizyon ba\u011flant\u0131 \u00f6zelli\u011fi sayesinde, yaln\u0131zca elinizde de\u011fil, salonunuzun b\u00fcy\u00fck ekran\u0131nda da oyun oynayabilirsiniz. HDMI \u00e7\u0131k\u0131\u015f\u0131, y\u00fcksek \u00e7\u00f6z\u00fcn\u00fcrl\u00fckl\u00fc g\u00f6r\u00fcnt\u00fclerle oyun keyfinizi katlar.<br \/>\nDahili 800mAh lityum pil, tek \u015farjla yakla\u015f\u0131k 4 saat kesintisiz oyun sunar. Sadece 1,5 saatte USB kablo ile \u015farj edilebilir, b\u00f6ylece bekleme s\u00fcreniz minimuma iner.<br \/>\nHafif ve kompakt tasar\u0131m\u0131, renkli ekran\u0131 ve ergonomik yap\u0131s\u0131 sayesinde hem seyahatte hem de evde rahatl\u0131kla kullanabilirsiniz. \u00c7antan\u0131za at\u0131n, gitti\u011finiz her yerde oyun keyfiniz sizinle olsun.<br \/>\n\u00dcstelik bu cihaz, sadece oyun oynamakla kalmaz; video izleme, m\u00fczik dinleme, e-kitap okuma ve bilgisayar ba\u011flant\u0131s\u0131 gibi ek fonksiyonlar da sunar. E\u011flence ve g\u00fcnl\u00fck kullan\u0131m bir arada!<br \/>\nPaket i\u00e7eri\u011fi: 1 adet el konsolu, 1 adet USB \u015farj kablosu, 1 adet HDMI kablo, 1 adet kullan\u0131m k\u0131lavuzu. <\/p>\n<p><b>1 adet fiyat\u0131d\u0131r<\/b> <\/p>\n<p><p><b>\u00dcretici Markas\u0131 : ZERO LAND<\/b><\/p>\n<p><b>\u00dcretici Kodu : UCZZZPROJETPRO2<\/b><\/p>\n<p><b>1 ADET F\u0130YATIDIR<\/b><\/p>\n<\/h4>\n<p><\/p>\n","protected":false},"excerpt":{"rendered":"<p>\u015earjl\u0131 4 Saat Oyun S\u00fcreli TV Ba\u011flant\u0131l\u0131 Retro Oyun Konsolu<\/p>\n","protected":false},"featured_media":173938,"comment_status":"open","ping_status":"closed","template":"","meta":[],"product_brand":[],"product_cat":[1036,374],"product_tag":[1058,4247,3998,3997,1963,3637,3975,4256,4014],"class_list":{"0":"post-173943","1":"product","2":"type-product","3":"status-publish","4":"has-post-thumbnail","6":"product_cat-konsol-gamepad-ve-joystick","7":"product_cat-mobil-aksesuar","8":"product_tag-1058","9":"product_tag-baglantili","10":"product_tag-konsolu","11":"product_tag-oyun","12":"product_tag-retro","13":"product_tag-saat","14":"product_tag-sarjli","15":"product_tag-sureli","16":"product_tag-tv","18":"first","19":"instock","20":"taxable","21":"shipping-taxable","22":"purchasable","23":"product-type-simple"},"_links":{"self":[{"href":"https:\/\/depodanmusteriye.com\/urunler\/wp-json\/wp\/v2\/product\/173943","targetHints":{"allow":["GET"]}}],"collection":[{"href":"https:\/\/depodanmusteriye.com\/urunler\/wp-json\/wp\/v2\/product"}],"about":[{"href":"https:\/\/depodanmusteriye.com\/urunler\/wp-json\/wp\/v2\/types\/product"}],"replies":[{"embeddable":true,"href":"https:\/\/depodanmusteriye.com\/urunler\/wp-json\/wp\/v2\/comments?post=173943"}],"version-history":[{"count":0,"href":"https:\/\/depodanmusteriye.com\/urunler\/wp-json\/wp\/v2\/product\/173943\/revisions"}],"wp:featuredmedia":[{"embeddable":true,"href":"https:\/\/depodanmusteriye.com\/urunler\/wp-json\/wp\/v2\/media\/173938"}],"wp:attachment":[{"href":"https:\/\/depodanmusteriye.com\/urunler\/wp-json\/wp\/v2\/media?parent=173943"}],"wp:term":[{"taxonomy":"product_brand","embeddable":true,"href":"https:\/\/depodanmusteriye.com\/urunler\/wp-json\/wp\/v2\/product_brand?post=173943"},{"taxonomy":"product_cat","embeddable":true,"href":"https:\/\/depodanmusteriye.com\/urunler\/wp-json\/wp\/v2\/product_cat?post=173943"},{"taxonomy":"product_tag","embeddable":true,"href":"https:\/\/depodanmusteriye.com\/urunler\/wp-json\/wp\/v2\/product_tag?post=173943"}],"curies":[{"name":"wp","href":"https:\/\/api.w.org\/{rel}","templated":true}]}}