{"id":173937,"date":"2025-12-14T17:50:09","date_gmt":"2025-12-14T17:50:09","guid":{"rendered":"https:\/\/b2b.depodanmusteriye.com\/urun\/hdmi-cikisli-cok-fonksiyonlu-renkli-ekranli-el-konsolu\/"},"modified":"2025-12-14T17:50:09","modified_gmt":"2025-12-14T17:50:09","slug":"hdmi-cikisli-cok-fonksiyonlu-renkli-ekranli-el-konsolu","status":"publish","type":"product","link":"https:\/\/depodanmusteriye.com\/urunler\/urun\/hdmi-cikisli-cok-fonksiyonlu-renkli-ekranli-el-konsolu\/","title":{"rendered":"HDMI \u00c7\u0131k\u0131\u015fl\u0131 \u00c7ok Fonksiyonlu Renkli Ekranl\u0131 El Konsolu"},"content":{"rendered":"<h4>\u00c7ocuklu\u011funuzun unutulmaz oyunlar\u0131n\u0131 tek bir cihazda toplad\u0131k. Bu ta\u015f\u0131nabilir konsolda 1000\u2019den fazla klasik oyun y\u00fckl\u00fc olarak geliyor. Ayr\u0131ca kendi oyunlar\u0131n\u0131z\u0131 da y\u00fckleyerek cihaz\u0131n\u0131z\u0131 ki\u015fiselle\u015ftirebilirsiniz.<br \/>\nHDMI \u00e7\u0131k\u0131\u015f\u0131 sayesinde, oyun deneyiminizi televizyonunuza ta\u015f\u0131yabilir, y\u00fcksek \u00e7\u00f6z\u00fcn\u00fcrl\u00fckte arkada\u015flar\u0131n\u0131zla birlikte oynayabilirsiniz.<br \/>\n800mAh lityum pil ile tam dolumda 4 saat oyun keyfi sunar. 1,5 saat gibi k\u0131sa bir s\u00fcrede USB kablo ile \u015farj edilebilir.<br \/>\nKompakt boyutu, hafif yap\u0131s\u0131 ve ergonomik tu\u015flar\u0131 sayesinde her yerde rahatl\u0131kla kullanabilirsiniz. Renkli ekran\u0131, g\u00f6r\u00fcnt\u00fcleri daha canl\u0131 ve net hale getirir.<br \/>\nAyr\u0131ca bu cihaz video oynatma, m\u00fczik dinleme, e-kitap okuma ve bilgisayar ba\u011flant\u0131s\u0131 gibi \u00e7ok y\u00f6nl\u00fc kullan\u0131m imk\u00e2nlar\u0131 sunar. E\u011flenceyi tek cihazda toplay\u0131n!<br \/>\nPaket i\u00e7eri\u011fi: El konsolu, USB kablo, HDMI kablo, kullan\u0131m k\u0131lavuzu. <\/p>\n<p><b>1 adet fiyat\u0131d\u0131r<\/b> <\/p>\n<p><p><b>\u00dcretici Markas\u0131 : ZERO LAND<\/b><\/p>\n<p><b>\u00dcretici Kodu : UCZZZPROJETPRO3<\/b><\/p>\n<p><b>1 ADET F\u0130YATIDIR<\/b><\/p>\n<\/h4>\n<p><\/p>\n","protected":false},"excerpt":{"rendered":"<p>HDMI \u00c7\u0131k\u0131\u015fl\u0131 \u00c7ok Fonksiyonlu Renkli Ekranl\u0131 El Konsolu<\/p>\n","protected":false},"featured_media":173932,"comment_status":"open","ping_status":"closed","template":"","meta":[],"product_brand":[],"product_cat":[1036,374],"product_tag":[1877,4047,4085,2059,3009,4278,3998,1556],"class_list":{"0":"post-173937","1":"product","2":"type-product","3":"status-publish","4":"has-post-thumbnail","6":"product_cat-konsol-gamepad-ve-joystick","7":"product_cat-mobil-aksesuar","8":"product_tag-cikisli","9":"product_tag-cok","10":"product_tag-ekranli","11":"product_tag-el","12":"product_tag-fonksiyonlu","13":"product_tag-hdmi","14":"product_tag-konsolu","15":"product_tag-renkli","17":"first","18":"instock","19":"taxable","20":"shipping-taxable","21":"purchasable","22":"product-type-simple"},"_links":{"self":[{"href":"https:\/\/depodanmusteriye.com\/urunler\/wp-json\/wp\/v2\/product\/173937","targetHints":{"allow":["GET"]}}],"collection":[{"href":"https:\/\/depodanmusteriye.com\/urunler\/wp-json\/wp\/v2\/product"}],"about":[{"href":"https:\/\/depodanmusteriye.com\/urunler\/wp-json\/wp\/v2\/types\/product"}],"replies":[{"embeddable":true,"href":"https:\/\/depodanmusteriye.com\/urunler\/wp-json\/wp\/v2\/comments?post=173937"}],"version-history":[{"count":0,"href":"https:\/\/depodanmusteriye.com\/urunler\/wp-json\/wp\/v2\/product\/173937\/revisions"}],"wp:featuredmedia":[{"embeddable":true,"href":"https:\/\/depodanmusteriye.com\/urunler\/wp-json\/wp\/v2\/media\/173932"}],"wp:attachment":[{"href":"https:\/\/depodanmusteriye.com\/urunler\/wp-json\/wp\/v2\/media?parent=173937"}],"wp:term":[{"taxonomy":"product_brand","embeddable":true,"href":"https:\/\/depodanmusteriye.com\/urunler\/wp-json\/wp\/v2\/product_brand?post=173937"},{"taxonomy":"product_cat","embeddable":true,"href":"https:\/\/depodanmusteriye.com\/urunler\/wp-json\/wp\/v2\/product_cat?post=173937"},{"taxonomy":"product_tag","embeddable":true,"href":"https:\/\/depodanmusteriye.com\/urunler\/wp-json\/wp\/v2\/product_tag?post=173937"}],"curies":[{"name":"wp","href":"https:\/\/api.w.org\/{rel}","templated":true}]}}