{"id":17288,"date":"2025-12-05T05:15:19","date_gmt":"2025-12-05T05:15:19","guid":{"rendered":"https:\/\/b2b.depodanmusteriye.com\/urun\/karlie-kumlu-tunek-cap-12mm\/"},"modified":"2025-12-05T05:15:19","modified_gmt":"2025-12-05T05:15:19","slug":"karlie-kumlu-tunek-cap-12mm","status":"publish","type":"product","link":"https:\/\/depodanmusteriye.com\/urunler\/urun\/karlie-kumlu-tunek-cap-12mm\/","title":{"rendered":"Karl\u0131e Kumlu T\u00fcnek \u00c7ap 12mm"},"content":{"rendered":"<h4>\n<p>Kafes ku\u015flar\u0131n\u0131n t\u0131rnaklar\u0131 do\u011fada ya\u015fayan ku\u015flara k\u0131yasla daha h\u0131zl\u0131 b&uuml;y&uuml;r ve a\u015f\u0131r\u0131 uzun t\u0131rnaklar ku\u015fun rahats\u0131z olmas\u0131na yol a&ccedil;abilir. Karlie Kumlu ku\u015f t&uuml;nekleri gagay\u0131 ve t\u0131rnaklar\u0131 t&ouml;rp&uuml;lemek i&ccedil;in etkili bir ara&ccedil;t\u0131r. Kafesin ku\u015f i&ccedil;in daha sa\u011fl\u0131ukl\u0131 ve hijyenik bir yer olmas\u0131 i&ccedil;in Karlie kumlu ku\u015f ka\u011f\u0131tlar\u0131n\u0131 kullanman\u0131z\u0131 tavsiye ederiz.&nbsp;<\/p>\n<p>12 mm &ccedil;ap\u0131nda.&nbsp;<\/p>\n<p>\n<!--EndFragment--><\/p>\n<p><b>1 adet fiyat\u0131d\u0131r<\/b> <\/p>\n<p><p><b>\u00dcretici Markas\u0131 : KARLIE<\/b><\/p>\n<p><b>\u00dcretici Kodu : 4016598006252<\/b><\/p>\n<p><b>1 ADET F\u0130YATIDIR<\/b><\/p>\n<\/h4>\n<p><\/p>\n","protected":false},"excerpt":{"rendered":"<p>Karl\u0131e Kumlu T\u00fcnek \u00c7ap 12mm<\/p>\n","protected":false},"featured_media":17287,"comment_status":"open","ping_status":"closed","template":"","meta":[],"product_brand":[],"product_cat":[536,370],"product_tag":[4515,4514,1545,3027,1553],"class_list":{"0":"post-17288","1":"product","2":"type-product","3":"status-publish","4":"has-post-thumbnail","6":"product_cat-kus-tunegi","7":"product_cat-pet-shop","8":"product_tag-12mm","9":"product_tag-cap","10":"product_tag-karlie","11":"product_tag-kumlu","12":"product_tag-tunek","14":"first","15":"instock","16":"taxable","17":"shipping-taxable","18":"purchasable","19":"product-type-simple"},"_links":{"self":[{"href":"https:\/\/depodanmusteriye.com\/urunler\/wp-json\/wp\/v2\/product\/17288","targetHints":{"allow":["GET"]}}],"collection":[{"href":"https:\/\/depodanmusteriye.com\/urunler\/wp-json\/wp\/v2\/product"}],"about":[{"href":"https:\/\/depodanmusteriye.com\/urunler\/wp-json\/wp\/v2\/types\/product"}],"replies":[{"embeddable":true,"href":"https:\/\/depodanmusteriye.com\/urunler\/wp-json\/wp\/v2\/comments?post=17288"}],"version-history":[{"count":0,"href":"https:\/\/depodanmusteriye.com\/urunler\/wp-json\/wp\/v2\/product\/17288\/revisions"}],"wp:featuredmedia":[{"embeddable":true,"href":"https:\/\/depodanmusteriye.com\/urunler\/wp-json\/wp\/v2\/media\/17287"}],"wp:attachment":[{"href":"https:\/\/depodanmusteriye.com\/urunler\/wp-json\/wp\/v2\/media?parent=17288"}],"wp:term":[{"taxonomy":"product_brand","embeddable":true,"href":"https:\/\/depodanmusteriye.com\/urunler\/wp-json\/wp\/v2\/product_brand?post=17288"},{"taxonomy":"product_cat","embeddable":true,"href":"https:\/\/depodanmusteriye.com\/urunler\/wp-json\/wp\/v2\/product_cat?post=17288"},{"taxonomy":"product_tag","embeddable":true,"href":"https:\/\/depodanmusteriye.com\/urunler\/wp-json\/wp\/v2\/product_tag?post=17288"}],"curies":[{"name":"wp","href":"https:\/\/api.w.org\/{rel}","templated":true}]}}