{"id":172670,"date":"2025-12-14T16:48:10","date_gmt":"2025-12-14T16:48:10","guid":{"rendered":"https:\/\/b2b.depodanmusteriye.com\/urun\/2025-a-kalite-48v-sarjli-yuksek-basincli-su-tabancasi-orijinal-seri\/"},"modified":"2025-12-14T16:48:10","modified_gmt":"2025-12-14T16:48:10","slug":"2025-a-kalite-48v-sarjli-yuksek-basincli-su-tabancasi-orijinal-seri","status":"publish","type":"product","link":"https:\/\/depodanmusteriye.com\/urunler\/urun\/2025-a-kalite-48v-sarjli-yuksek-basincli-su-tabancasi-orijinal-seri\/","title":{"rendered":"2025 A Kalite 48V \u015earjl\u0131 Y\u00fcksek Bas\u0131n\u00e7l\u0131 Su Tabancas\u0131 Orijinal Seri"},"content":{"rendered":"<h4>Profesyonel ve g\u00fcnl\u00fck kullan\u0131m i\u00e7in tasarlanan bu 48V bas\u0131n\u00e7l\u0131 y\u0131kama tabancas\u0131, g\u00fc\u00e7l\u00fc motoru ve \u00e7\u0131kar\u0131labilir 15.000mAh piliyle uzun s\u00fcreli performans sunar. Musluk veya harici su kayna\u011f\u0131ndan beslenebilir. 5 metre uzunlu\u011funda filtreli hortumu, temiz su kullan\u0131m\u0131 sa\u011flar. K\u00f6p\u00fck haznesi ve \u00e7oklu p\u00fcsk\u00fcrtme modlar\u0131 ile farkl\u0131 y\u00fczeylerde etkili temizlik sa\u011flar. Hafif yap\u0131s\u0131 ile kolayca ta\u015f\u0131nabilir. <\/p>\n<p><b>1 adet fiyat\u0131d\u0131r<\/b> <\/p>\n<p><p><b>\u00dcretici Markas\u0131 : ZERO LAND<\/b><\/p>\n<p><b>\u00dcretici Kodu : XUCZARA\u00c7YIKAMA\u015eARJLI4<\/b><\/p>\n<p><b>1 ADET F\u0130YATIDIR<\/b><\/p>\n<\/h4>\n<p><\/p>\n","protected":false},"excerpt":{"rendered":"<p>2025 A Kalite 48V \u015earjl\u0131 Y\u00fcksek Bas\u0131n\u00e7l\u0131 Su Tabancas\u0131 Orijinal Seri<\/p>\n","protected":false},"featured_media":172665,"comment_status":"open","ping_status":"closed","template":"","meta":[],"product_brand":[],"product_cat":[379,707],"product_tag":[7616,13304,2004,4091,8051,13280,3975,10355,1330,3982,2630],"class_list":{"0":"post-172670","1":"product","2":"type-product","3":"status-publish","4":"has-post-thumbnail","6":"product_cat-ev-yasam","7":"product_cat-yuksek-basincli-yikama","8":"product_tag-7616","9":"product_tag-48v","10":"product_tag-a","11":"product_tag-basincli","12":"product_tag-kalite","13":"product_tag-orijinal","14":"product_tag-sarjli","15":"product_tag-seri","16":"product_tag-su","17":"product_tag-tabancasi","18":"product_tag-yuksek","20":"first","21":"instock","22":"taxable","23":"shipping-taxable","24":"purchasable","25":"product-type-simple"},"_links":{"self":[{"href":"https:\/\/depodanmusteriye.com\/urunler\/wp-json\/wp\/v2\/product\/172670","targetHints":{"allow":["GET"]}}],"collection":[{"href":"https:\/\/depodanmusteriye.com\/urunler\/wp-json\/wp\/v2\/product"}],"about":[{"href":"https:\/\/depodanmusteriye.com\/urunler\/wp-json\/wp\/v2\/types\/product"}],"replies":[{"embeddable":true,"href":"https:\/\/depodanmusteriye.com\/urunler\/wp-json\/wp\/v2\/comments?post=172670"}],"version-history":[{"count":0,"href":"https:\/\/depodanmusteriye.com\/urunler\/wp-json\/wp\/v2\/product\/172670\/revisions"}],"wp:featuredmedia":[{"embeddable":true,"href":"https:\/\/depodanmusteriye.com\/urunler\/wp-json\/wp\/v2\/media\/172665"}],"wp:attachment":[{"href":"https:\/\/depodanmusteriye.com\/urunler\/wp-json\/wp\/v2\/media?parent=172670"}],"wp:term":[{"taxonomy":"product_brand","embeddable":true,"href":"https:\/\/depodanmusteriye.com\/urunler\/wp-json\/wp\/v2\/product_brand?post=172670"},{"taxonomy":"product_cat","embeddable":true,"href":"https:\/\/depodanmusteriye.com\/urunler\/wp-json\/wp\/v2\/product_cat?post=172670"},{"taxonomy":"product_tag","embeddable":true,"href":"https:\/\/depodanmusteriye.com\/urunler\/wp-json\/wp\/v2\/product_tag?post=172670"}],"curies":[{"name":"wp","href":"https:\/\/api.w.org\/{rel}","templated":true}]}}