{"id":172112,"date":"2025-12-14T16:21:29","date_gmt":"2025-12-14T16:21:29","guid":{"rendered":"https:\/\/b2b.depodanmusteriye.com\/urun\/ip65-suya-dayanikli-kask-bluetooth-kulaklik-lcd-ekranli\/"},"modified":"2025-12-14T16:21:29","modified_gmt":"2025-12-14T16:21:29","slug":"ip65-suya-dayanikli-kask-bluetooth-kulaklik-lcd-ekranli","status":"publish","type":"product","link":"https:\/\/depodanmusteriye.com\/urunler\/urun\/ip65-suya-dayanikli-kask-bluetooth-kulaklik-lcd-ekranli\/","title":{"rendered":"IP65 Suya Dayan\u0131kl\u0131 Kask Bluetooth Kulakl\u0131k LCD Ekranl\u0131"},"content":{"rendered":"<h4>Suya dayan\u0131kl\u0131 kask kulakl\u0131\u011f\u0131, IP65 koruma s\u0131n\u0131f\u0131 ile her t\u00fcrl\u00fc hava ko\u015fulunda kullan\u0131labilir. Ya\u011fmurlu, r\u00fczg\u00e2rl\u0131 veya tozlu ortamlarda g\u00fcvenle \u00e7al\u0131\u015farak motosiklet s\u00fcr\u00fc\u015flerini daha keyifli hale getirir.<br \/>\nBluetooth 5.3 teknolojisi ve Qualcomm \u00e7ip deste\u011fi, h\u0131zl\u0131 ve stabil ba\u011flant\u0131 sunar. 500 metre interkom mesafesi ile yol arkada\u015flar\u0131n\u0131zla kesintisiz ileti\u015fim kurabilirsiniz. Ayn\u0131 anda 2 ki\u015fi ba\u011flant\u0131 deste\u011fi bulunur.<br \/>\nCihaz, g\u00fcr\u00fclt\u00fc azaltma \u00f6zelli\u011fi ile y\u00fcksek h\u0131zlarda bile net g\u00f6r\u00fc\u015fme yapman\u0131za imk\u00e2n tan\u0131r. M\u00fczik payla\u015f\u0131m\u0131 fonksiyonu sayesinde ayn\u0131 anda m\u00fczik dinleyebilirsiniz.<br \/>\nDahili 1000mAh batarya, uzun yolculuklarda kesintisiz performans sa\u011flar. FM radyo \u00f6zelli\u011fi ve SD kart deste\u011fi (4-32 GB) ile m\u00fczik keyfini art\u0131r\u0131r.<br \/>\nLED ayd\u0131nlatma fonksiyonu, gece s\u00fcr\u00fc\u015flerinde g\u00fcvenli\u011fi art\u0131r\u0131r. LCD ekran\u0131 ise pil seviyesi, ba\u011flant\u0131 ve frekans gibi bilgileri kolayca takip etmenizi sa\u011flar.<br \/>\nFlip-up kasklarla uyumlu tasar\u0131m\u0131 sayesinde montaj\u0131 kolayd\u0131r. Kompakt yap\u0131s\u0131 kask \u00fczerinde fazla yer kaplamaz. Bu kulakl\u0131k, hem g\u00fcvenlik hem de e\u011flenceyi ayn\u0131 anda isteyen motosiklet kullan\u0131c\u0131lar\u0131 i\u00e7in m\u00fckemmel bir \u00e7\u00f6z\u00fcmd\u00fcr. <\/p>\n<p><b>1 adet fiyat\u0131d\u0131r<\/b> <\/p>\n<p><p><b>\u00dcretici Markas\u0131 : ZERO LAND<\/b><\/p>\n<p><b>\u00dcretici Kodu : UCZZZQ58\u0130NTERCOM1<\/b><\/p>\n<p><b>1 ADET F\u0130YATIDIR<\/b><\/p>\n<\/h4>\n<p><\/p>\n","protected":false},"excerpt":{"rendered":"<p>IP65 Suya Dayan\u0131kl\u0131 Kask Bluetooth Kulakl\u0131k LCD Ekranl\u0131<\/p>\n","protected":false},"featured_media":172107,"comment_status":"open","ping_status":"closed","template":"","meta":[],"product_brand":[],"product_cat":[379,724],"product_tag":[3605,3993,4085,13109,4129,1641,4078,4000],"class_list":{"0":"post-172112","1":"product","2":"type-product","3":"status-publish","4":"has-post-thumbnail","6":"product_cat-ev-yasam","7":"product_cat-intercom","8":"product_tag-bluetooth","9":"product_tag-dayanikli","10":"product_tag-ekranli","11":"product_tag-ip65","12":"product_tag-kask","13":"product_tag-kulaklik","14":"product_tag-lcd","15":"product_tag-suya","17":"first","18":"instock","19":"taxable","20":"shipping-taxable","21":"purchasable","22":"product-type-simple"},"_links":{"self":[{"href":"https:\/\/depodanmusteriye.com\/urunler\/wp-json\/wp\/v2\/product\/172112","targetHints":{"allow":["GET"]}}],"collection":[{"href":"https:\/\/depodanmusteriye.com\/urunler\/wp-json\/wp\/v2\/product"}],"about":[{"href":"https:\/\/depodanmusteriye.com\/urunler\/wp-json\/wp\/v2\/types\/product"}],"replies":[{"embeddable":true,"href":"https:\/\/depodanmusteriye.com\/urunler\/wp-json\/wp\/v2\/comments?post=172112"}],"version-history":[{"count":0,"href":"https:\/\/depodanmusteriye.com\/urunler\/wp-json\/wp\/v2\/product\/172112\/revisions"}],"wp:featuredmedia":[{"embeddable":true,"href":"https:\/\/depodanmusteriye.com\/urunler\/wp-json\/wp\/v2\/media\/172107"}],"wp:attachment":[{"href":"https:\/\/depodanmusteriye.com\/urunler\/wp-json\/wp\/v2\/media?parent=172112"}],"wp:term":[{"taxonomy":"product_brand","embeddable":true,"href":"https:\/\/depodanmusteriye.com\/urunler\/wp-json\/wp\/v2\/product_brand?post=172112"},{"taxonomy":"product_cat","embeddable":true,"href":"https:\/\/depodanmusteriye.com\/urunler\/wp-json\/wp\/v2\/product_cat?post=172112"},{"taxonomy":"product_tag","embeddable":true,"href":"https:\/\/depodanmusteriye.com\/urunler\/wp-json\/wp\/v2\/product_tag?post=172112"}],"curies":[{"name":"wp","href":"https:\/\/api.w.org\/{rel}","templated":true}]}}