{"id":17110,"date":"2025-12-05T05:08:42","date_gmt":"2025-12-05T05:08:42","guid":{"rendered":"https:\/\/b2b.depodanmusteriye.com\/urun\/dophin-otomatik-yemleme-makinasi-3\/"},"modified":"2025-12-05T05:08:42","modified_gmt":"2025-12-05T05:08:42","slug":"dophin-otomatik-yemleme-makinasi-3","status":"publish","type":"product","link":"https:\/\/depodanmusteriye.com\/urunler\/urun\/dophin-otomatik-yemleme-makinasi-3\/","title":{"rendered":"Dophin Otomatik Yemleme Makinas\u0131"},"content":{"rendered":"<h4>\n<p><strong>Kolay kullan\u0131ml\u0131d\u0131r.<\/strong><br \/>\n<strong>Pul ve gran\u00fcl yem atabilir.<\/strong><br \/>\n<strong>G\u00fcnde 5 Farkl\u0131 zamanda ,3 farkl\u0131 yemleme miktar\u0131 ile yemleme yapar.<\/strong><\/p>\n<div><strong>2 Adet 1,5 V Kalem pil ile \u00e7al\u0131\u015fmaktad\u0131r.Kutudan 2 adet pil hediye \u00e7\u0131kmaktad\u0131r.<\/strong><\/div>\n<p><b>1 adet fiyat\u0131d\u0131r<\/b> <\/p>\n<p><p><b>\u00dcretici Markas\u0131 : DOPH\u0130N<\/b><\/p>\n<p><b>\u00dcretici Kodu : 6938104014910<\/b><\/p>\n<p><b>1 ADET F\u0130YATIDIR<\/b><\/p>\n<\/h4>\n<p><\/p>\n","protected":false},"excerpt":{"rendered":"<p>Dophin Otomatik Yemleme Makinas\u0131<\/p>\n","protected":false},"featured_media":17109,"comment_status":"open","ping_status":"closed","template":"","meta":[],"product_brand":[],"product_cat":[614,370],"product_tag":[1808,1690,1688,1689],"class_list":{"0":"post-17110","1":"product","2":"type-product","3":"status-publish","4":"has-post-thumbnail","6":"product_cat-akvaryum-otomatik-yem-makinesi","7":"product_cat-pet-shop","8":"product_tag-dophin","9":"product_tag-makinasi","10":"product_tag-otomatik","11":"product_tag-yemleme","13":"first","14":"instock","15":"taxable","16":"shipping-taxable","17":"purchasable","18":"product-type-simple"},"_links":{"self":[{"href":"https:\/\/depodanmusteriye.com\/urunler\/wp-json\/wp\/v2\/product\/17110","targetHints":{"allow":["GET"]}}],"collection":[{"href":"https:\/\/depodanmusteriye.com\/urunler\/wp-json\/wp\/v2\/product"}],"about":[{"href":"https:\/\/depodanmusteriye.com\/urunler\/wp-json\/wp\/v2\/types\/product"}],"replies":[{"embeddable":true,"href":"https:\/\/depodanmusteriye.com\/urunler\/wp-json\/wp\/v2\/comments?post=17110"}],"version-history":[{"count":0,"href":"https:\/\/depodanmusteriye.com\/urunler\/wp-json\/wp\/v2\/product\/17110\/revisions"}],"wp:featuredmedia":[{"embeddable":true,"href":"https:\/\/depodanmusteriye.com\/urunler\/wp-json\/wp\/v2\/media\/17109"}],"wp:attachment":[{"href":"https:\/\/depodanmusteriye.com\/urunler\/wp-json\/wp\/v2\/media?parent=17110"}],"wp:term":[{"taxonomy":"product_brand","embeddable":true,"href":"https:\/\/depodanmusteriye.com\/urunler\/wp-json\/wp\/v2\/product_brand?post=17110"},{"taxonomy":"product_cat","embeddable":true,"href":"https:\/\/depodanmusteriye.com\/urunler\/wp-json\/wp\/v2\/product_cat?post=17110"},{"taxonomy":"product_tag","embeddable":true,"href":"https:\/\/depodanmusteriye.com\/urunler\/wp-json\/wp\/v2\/product_tag?post=17110"}],"curies":[{"name":"wp","href":"https:\/\/api.w.org\/{rel}","templated":true}]}}