{"id":169970,"date":"2025-12-14T14:38:40","date_gmt":"2025-12-14T14:38:40","guid":{"rendered":"https:\/\/b2b.depodanmusteriye.com\/urun\/tasinabilir-cok-fonksiyonlu-sogutma-fani\/"},"modified":"2025-12-14T14:38:40","modified_gmt":"2025-12-14T14:38:40","slug":"tasinabilir-cok-fonksiyonlu-sogutma-fani","status":"publish","type":"product","link":"https:\/\/depodanmusteriye.com\/urunler\/urun\/tasinabilir-cok-fonksiyonlu-sogutma-fani\/","title":{"rendered":"Ta\u015f\u0131nabilir \u00c7ok Fonksiyonlu So\u011futma Fan\u0131"},"content":{"rendered":"<h4>Bu kompakt so\u011futma fan\u0131, sadece 3.7&#215;2.7&#215;3.8 in\u00e7 boyutunda olup ta\u015f\u0131nabilirli\u011fiyle \u00f6ne \u00e7\u0131kar. Yaz\u0131n s\u0131cak g\u00fcnlerinde serinlik sa\u011flarken, in\u015faat, mutfak veya tarla gibi yo\u011fun s\u0131cakl\u0131\u011fa maruz kalan i\u015flerde \u00e7al\u0131\u015fanlar i\u00e7in de ideal bir \u00e7\u00f6z\u00fcmd\u00fcr. Dayan\u0131kl\u0131 yap\u0131s\u0131yla uzun s\u00fcreli konfor sunar. <\/p>\n<p><b>1 adet fiyat\u0131d\u0131r<\/b> <\/p>\n<p><p><b>\u00dcretici Markas\u0131 : ZERO LAND<\/b><\/p>\n<p><b>\u00dcretici Kodu : XUCZM336FAN4<\/b><\/p>\n<p><b>1 ADET F\u0130YATIDIR<\/b><\/p>\n<\/h4>\n<p><\/p>\n","protected":false},"excerpt":{"rendered":"<p>Ta\u015f\u0131nabilir \u00c7ok Fonksiyonlu So\u011futma Fan\u0131<\/p>\n","protected":false},"featured_media":169965,"comment_status":"open","ping_status":"closed","template":"","meta":[],"product_brand":[],"product_cat":[379,2210],"product_tag":[4047,9624,3009,4295,2982],"class_list":{"0":"post-169970","1":"product","2":"type-product","3":"status-publish","4":"has-post-thumbnail","6":"product_cat-ev-yasam","7":"product_cat-vantilator-ev-ya-am","8":"product_tag-cok","9":"product_tag-fani","10":"product_tag-fonksiyonlu","11":"product_tag-sogutma","12":"product_tag-tasinabilir","14":"first","15":"instock","16":"taxable","17":"shipping-taxable","18":"purchasable","19":"product-type-simple"},"_links":{"self":[{"href":"https:\/\/depodanmusteriye.com\/urunler\/wp-json\/wp\/v2\/product\/169970","targetHints":{"allow":["GET"]}}],"collection":[{"href":"https:\/\/depodanmusteriye.com\/urunler\/wp-json\/wp\/v2\/product"}],"about":[{"href":"https:\/\/depodanmusteriye.com\/urunler\/wp-json\/wp\/v2\/types\/product"}],"replies":[{"embeddable":true,"href":"https:\/\/depodanmusteriye.com\/urunler\/wp-json\/wp\/v2\/comments?post=169970"}],"version-history":[{"count":0,"href":"https:\/\/depodanmusteriye.com\/urunler\/wp-json\/wp\/v2\/product\/169970\/revisions"}],"wp:featuredmedia":[{"embeddable":true,"href":"https:\/\/depodanmusteriye.com\/urunler\/wp-json\/wp\/v2\/media\/169965"}],"wp:attachment":[{"href":"https:\/\/depodanmusteriye.com\/urunler\/wp-json\/wp\/v2\/media?parent=169970"}],"wp:term":[{"taxonomy":"product_brand","embeddable":true,"href":"https:\/\/depodanmusteriye.com\/urunler\/wp-json\/wp\/v2\/product_brand?post=169970"},{"taxonomy":"product_cat","embeddable":true,"href":"https:\/\/depodanmusteriye.com\/urunler\/wp-json\/wp\/v2\/product_cat?post=169970"},{"taxonomy":"product_tag","embeddable":true,"href":"https:\/\/depodanmusteriye.com\/urunler\/wp-json\/wp\/v2\/product_tag?post=169970"}],"curies":[{"name":"wp","href":"https:\/\/api.w.org\/{rel}","templated":true}]}}