{"id":168509,"date":"2025-12-14T11:03:14","date_gmt":"2025-12-14T11:03:14","guid":{"rendered":"https:\/\/b2b.depodanmusteriye.com\/urun\/3-adet-x-250-yaprak-soso-kova-beyaz-sabun-kokulu-sirkeli-karbonatli-yuzey-temizleme-mendili\/"},"modified":"2026-03-20T01:58:28","modified_gmt":"2026-03-20T01:58:28","slug":"3-adet-x-250-yaprak-soso-kova-beyaz-sabun-kokulu-sirkeli-karbonatli-yuzey-temizleme-mendili","status":"publish","type":"product","link":"https:\/\/depodanmusteriye.com\/urunler\/urun\/3-adet-x-250-yaprak-soso-kova-beyaz-sabun-kokulu-sirkeli-karbonatli-yuzey-temizleme-mendili\/","title":{"rendered":"3 adet X 250 Yaprak &#8211; Soso Kova Beyaz Sabun Kokulu Sirkeli Karbonatl\u0131 Y\u00fczey Temizleme Mendili"},"content":{"rendered":"<h4>\n<p>\u00dcR\u00dcN ADI:<br \/>3 adet X 250 Yaprak &#8211; Soso Kova Beyaz Sabun Kokulu Sirkeli \u00a0Karbonatl\u0131 Y\u00fczey Temizleme Mendili<\/p>\n<p>MODEL KODU:<br \/>KOVAS13<\/p>\n<p>MARKA:<br \/>Soso Sa\u011fl\u0131k<\/p>\n<p>MEN\u015eE\u0130: \u00a0 \u00a0\u00a0<br \/>TR \u00a0 \u00a0 \u00a0<\/p>\n<p>BAKIM TAL\u0130MATI:<br \/>Durulama gerektirmez.<\/p>\n<p>\u00dcR\u00dcN A\u00c7IKLAMASI:<br \/>Soso Kova Islak Y\u00fczey Temizleyici Mendil<br \/>Soso Sa\u011fl\u0131k \u00dcr\u00fcnleri kalitesiyle \u00fcretilmi\u015f \u0131slak y\u00fczey temizleyici mendiller, g\u00fcnl\u00fck temizlik ihtiyac\u0131n\u0131za pratik ve etkili bir \u00e7\u00f6z\u00fcm sunar. \u00d6zel form\u00fcl\u00fc sayesinde evinizdeki, ofisinizdeki ve arac\u0131n\u0131zdaki sert y\u00fczeyleri hijyenik \u015fekilde temizler, ferah bir koku b\u0131rak\u0131r. Kova i\u00e7erisinde 250 adet mendil mevcuttur.<\/p>\n<p>1-\u00dcr\u00fcn \u00d6zellikleri:<br \/>&#8211; \u00dcr\u00fcn 3 kova X 250 mendildir<br \/>&#8211; G\u00fc\u00e7l\u00fc temizlik etkisiyle ya\u011f, toz ve kirleri kolayca \u00e7\u0131kar\u0131r.<br \/>&#8211; zararl\u0131 kimyasallar i\u00e7ermez.<br \/>&#8211; Leke ve iz b\u0131rakmaz.<br \/>&#8211; Pratik kullan\u0131m\u0131 sayesinde zamandan tasarruf sa\u011flar.<br \/>&#8211; Mutfak, banyo, masa, tezgah, klozet, araba i\u00e7i, kap\u0131 kolu ve daha bir\u00e7ok y\u00fczeyde g\u00fcvenle kullan\u0131labilir.<br \/>&#8211; Y\u00fczeye zarar vermeyen \u00f6zel dokusu sayesinde \u00e7izmeden temizler.<\/p>\n<p>2-Kullan\u0131m Talimat\u0131:<br \/>&#8211; Kovan\u0131n kapa\u011f\u0131n\u0131 a\u00e7arak bir adet mendil \u00e7\u0131kar\u0131n\u0131z.<br \/>&#8211; Temizlemek istedi\u011finiz y\u00fczeyi siliniz.<br \/>&#8211; Kurulama gerektirmez.<br \/>&#8211; Kalan mendillerin kurumas\u0131n\u0131 \u00f6nlemek i\u00e7in kovan\u0131n kapa\u011f\u0131n\u0131 s\u0131k\u0131ca kapat\u0131n\u0131z.<\/p>\n<p>3-Uyar\u0131lar:<br \/>&#8211; Sadece y\u00fczey temizli\u011fi i\u00e7in kullan\u0131n\u0131z.<br \/>&#8211; Cilt \u00fczerinde veya ki\u015fisel bak\u0131m amac\u0131yla kullanmay\u0131n\u0131z.<br \/>&#8211; Hassas y\u00fczeylerde (do\u011fal ta\u015f, ah\u015fap gibi) g\u00f6r\u00fcnmeyen bir alanda test ederek kullan\u0131n\u0131z.<br \/>&#8211; G\u00f6z ile temas\u0131ndan ka\u00e7\u0131n\u0131n\u0131z. Temas halinde bol su ile durulay\u0131n\u0131z.<br \/>&#8211; \u00c7ocuklar\u0131n eri\u015femeyece\u011fi yerlerde muhafaza ediniz.<\/p>\n<p>4-Saklama Ko\u015fullar\u0131:<br \/>&#8211; Serin ve kuru bir yerde, do\u011frudan g\u00fcne\u015f \u0131\u015f\u0131\u011f\u0131ndan uzakta saklay\u0131n\u0131z.<br \/>&#8211; Ambalaj a\u00e7\u0131ld\u0131ktan sonra \u00fcr\u00fcn\u00fcn kurumas\u0131n\u0131 \u00f6nlemek i\u00e7in a\u011fz\u0131n\u0131 daima kapal\u0131 tutunuz.<\/p>\n<p>5-Stok Bilgisi:<br \/>&#8211; \u00dcr\u00fcn stoklar\u0131 daimi mevcuttur. (Kampanya s\u0131n\u0131rlamalar\u0131 hari\u00e7.)<\/p>\n<p>6-Sat\u0131\u015f:<br \/>&#8211; \u00dcr\u00fcn \u00fcretici ve \u00fcreticinin belirledi\u011fi noktalar taraf\u0131ndan sat\u0131\u015f\u0131 yap\u0131lmaktad\u0131r. Birden hari\u00e7 sat\u0131\u015f noktas\u0131 mevcuttur. Sat\u0131\u015f fiyat\u0131, termin, teslimat ile alakal\u0131 sat\u0131\u015f noktalar\u0131 taraf\u0131ndan belirlenmi\u015ftir.<br \/>\u00a0<\/p>\n<p><b>\u00dcretici Markas\u0131 : SOSO<\/b><\/p>\n<p><b>\u00dcretici Kodu : KOVAS13<\/b><\/p>\n<p><b>1 ADET F\u0130YATIDIR<\/b><\/p>\n<\/h4>\n<p><\/p>\n","protected":false},"excerpt":{"rendered":"<p>3 adet X 250 Yaprak &#8211; Soso Kova Beyaz Sabun Kokulu Sirkeli Karbonatl\u0131 Y\u00fczey Temizleme Mendili<\/p>\n","protected":false},"featured_media":168506,"comment_status":"open","ping_status":"closed","template":"","meta":[],"product_brand":[],"product_cat":[379,2207],"product_tag":[1769,1350,1301,1663,13003,6660,3244,1940,5313,13002,3697,1939,1595,3277,3288],"class_list":{"0":"post-168509","1":"product","2":"type-product","3":"status-publish","4":"has-post-thumbnail","6":"product_cat-ev-yasam","7":"product_cat-islak-mendil-ev-ya-am","8":"product_tag-1769","9":"product_tag-1350","10":"product_tag-adet","11":"product_tag-beyaz","12":"product_tag-karbonatli","13":"product_tag-kokulu","14":"product_tag-kova","15":"product_tag-mendili","16":"product_tag-sabun","17":"product_tag-sirkeli","18":"product_tag-soso","19":"product_tag-temizleme","20":"product_tag-x","21":"product_tag-yaprak","22":"product_tag-yuzey","24":"first","25":"outofstock","26":"taxable","27":"shipping-taxable","28":"purchasable","29":"product-type-simple"},"_links":{"self":[{"href":"https:\/\/depodanmusteriye.com\/urunler\/wp-json\/wp\/v2\/product\/168509","targetHints":{"allow":["GET"]}}],"collection":[{"href":"https:\/\/depodanmusteriye.com\/urunler\/wp-json\/wp\/v2\/product"}],"about":[{"href":"https:\/\/depodanmusteriye.com\/urunler\/wp-json\/wp\/v2\/types\/product"}],"replies":[{"embeddable":true,"href":"https:\/\/depodanmusteriye.com\/urunler\/wp-json\/wp\/v2\/comments?post=168509"}],"version-history":[{"count":0,"href":"https:\/\/depodanmusteriye.com\/urunler\/wp-json\/wp\/v2\/product\/168509\/revisions"}],"wp:featuredmedia":[{"embeddable":true,"href":"https:\/\/depodanmusteriye.com\/urunler\/wp-json\/wp\/v2\/media\/168506"}],"wp:attachment":[{"href":"https:\/\/depodanmusteriye.com\/urunler\/wp-json\/wp\/v2\/media?parent=168509"}],"wp:term":[{"taxonomy":"product_brand","embeddable":true,"href":"https:\/\/depodanmusteriye.com\/urunler\/wp-json\/wp\/v2\/product_brand?post=168509"},{"taxonomy":"product_cat","embeddable":true,"href":"https:\/\/depodanmusteriye.com\/urunler\/wp-json\/wp\/v2\/product_cat?post=168509"},{"taxonomy":"product_tag","embeddable":true,"href":"https:\/\/depodanmusteriye.com\/urunler\/wp-json\/wp\/v2\/product_tag?post=168509"}],"curies":[{"name":"wp","href":"https:\/\/api.w.org\/{rel}","templated":true}]}}