{"id":168210,"date":"2025-12-14T10:39:23","date_gmt":"2025-12-14T10:39:23","guid":{"rendered":"https:\/\/b2b.depodanmusteriye.com\/urun\/61001-ym-mutfak-bicagi-tt131-surbisa\/"},"modified":"2025-12-14T10:39:23","modified_gmt":"2025-12-14T10:39:23","slug":"61001-ym-mutfak-bicagi-tt131-surbisa","status":"publish","type":"product","link":"https:\/\/depodanmusteriye.com\/urunler\/urun\/61001-ym-mutfak-bicagi-tt131-surbisa\/","title":{"rendered":"61001-YM MUTFAK BI\u00c7A\u011eI &#8211; TT131 &#8211; SURB\u0130SA"},"content":{"rendered":"<h4><span style=\"font-family: verdana, geneva, sans-serif;font-size: 12pt\"><strong>61001-YM \u00a0MUTFAK BI\u00c7A\u011eI \/ En 2.5 cm Boy 17.0 cm Kal\u0131nl\u0131k 2.5 mm<\/strong><br \/><strong>Not:<\/strong> B\u0131\u00e7ak \u00f6l\u00e7\u00fcleri sap hari\u00e7 olarak nitelendirilmi\u015ftir.<br \/><\/span><\/p>\n<ul style=\"font-family: undefined\">\n<li><span style=\"font-family: arial, helvetica, sans-serif;font-size: 10pt\"><strong><span style=\"text-decoration: underline;font-family: verdana, geneva, sans-serif;font-size: 12pt\">TEM\u0130ZLEME \/ GARANT\u0130<\/span><\/strong><br \/><span style=\"font-family: verdana, geneva, sans-serif;font-size: 12pt\">B\u0131\u00e7a\u011f\u0131n\u0131z\u0131 her kullan\u0131mdan sonra \u0131l\u0131k sabunlu su ile y\u0131kaman\u0131z\u0131 ve kuru bir havlu ile kurulaman\u0131z\u0131 tavsiye ediyoruz <strong>\u00c7\u00dcNK\u00dc;<\/strong> Bir \u00e7ok yiyecek asit i\u00e7erir. B\u0131\u00e7a\u011f\u0131n\u0131z\u0131n \u00fczerinde kalan yiyecek par\u00e7alar\u0131 b\u0131\u00e7a\u011f\u0131n\u0131z\u0131 a\u015f\u0131nd\u0131r\u0131r ve a\u015f\u0131nan b\u0131\u00e7a\u011f\u0131n paslanmas\u0131 m\u00fcmk\u00fcnd\u00fcr. S\u00fcrb\u0131sa b\u0131\u00e7aklar\u0131 en y\u00fcksek kalite standartlar\u0131n\u0131 yakalamak \u00fczere ustaca tasarlanm\u0131\u015ft\u0131r. S\u00fcrb\u0131sa taraf\u0131nca \u00f6nerilen bak\u0131mlar\u0131 ihmal edilmedi\u011fi s\u00fcrece, yap\u0131m a\u015famas\u0131ndaki ve malzemeden kaynaklanan hatalara kar\u015f\u0131 hayat boyu garanti verir. B\u0131\u00e7aklar\u0131n fonksiyon d\u0131\u015f\u0131 kullan\u0131lmas\u0131 sonucu olu\u015fan sorunlara kar\u015f\u0131 garanti s\u00f6z konusu de\u011fildir. <\/span><b>\u00a0<\/b><\/span><\/li>\n<\/ul>\n<p><b>\u00dcretici Markas\u0131 : S\u00fcrb\u0131sa<\/b><\/p>\n<p><b>\u00dcretici Kodu : TTT131<\/b><\/p>\n<p><b>1 ADET F\u0130YATIDIR<\/b><\/p>\n<\/h4>\n<p><\/p>\n","protected":false},"excerpt":{"rendered":"<p>61001-YM MUTFAK BI\u00c7A\u011eI &#8211; TT131 &#8211; SURB\u0130SA<\/p>\n","protected":false},"featured_media":168209,"comment_status":"open","ping_status":"closed","template":"","meta":[],"product_brand":[],"product_cat":[928,379],"product_tag":[12825,2440,1598,1671,12826],"class_list":{"0":"post-168210","1":"product","2":"type-product","3":"status-publish","4":"has-post-thumbnail","6":"product_cat-bicak-ve-bicak-seti","7":"product_cat-ev-yasam","8":"product_tag-61001-ym","9":"product_tag-bicagi","10":"product_tag-mutfak","11":"product_tag-surbisa","12":"product_tag-tt131","14":"first","15":"instock","16":"taxable","17":"shipping-taxable","18":"purchasable","19":"product-type-simple"},"_links":{"self":[{"href":"https:\/\/depodanmusteriye.com\/urunler\/wp-json\/wp\/v2\/product\/168210","targetHints":{"allow":["GET"]}}],"collection":[{"href":"https:\/\/depodanmusteriye.com\/urunler\/wp-json\/wp\/v2\/product"}],"about":[{"href":"https:\/\/depodanmusteriye.com\/urunler\/wp-json\/wp\/v2\/types\/product"}],"replies":[{"embeddable":true,"href":"https:\/\/depodanmusteriye.com\/urunler\/wp-json\/wp\/v2\/comments?post=168210"}],"version-history":[{"count":0,"href":"https:\/\/depodanmusteriye.com\/urunler\/wp-json\/wp\/v2\/product\/168210\/revisions"}],"wp:featuredmedia":[{"embeddable":true,"href":"https:\/\/depodanmusteriye.com\/urunler\/wp-json\/wp\/v2\/media\/168209"}],"wp:attachment":[{"href":"https:\/\/depodanmusteriye.com\/urunler\/wp-json\/wp\/v2\/media?parent=168210"}],"wp:term":[{"taxonomy":"product_brand","embeddable":true,"href":"https:\/\/depodanmusteriye.com\/urunler\/wp-json\/wp\/v2\/product_brand?post=168210"},{"taxonomy":"product_cat","embeddable":true,"href":"https:\/\/depodanmusteriye.com\/urunler\/wp-json\/wp\/v2\/product_cat?post=168210"},{"taxonomy":"product_tag","embeddable":true,"href":"https:\/\/depodanmusteriye.com\/urunler\/wp-json\/wp\/v2\/product_tag?post=168210"}],"curies":[{"name":"wp","href":"https:\/\/api.w.org\/{rel}","templated":true}]}}