{"id":16619,"date":"2025-12-02T23:07:12","date_gmt":"2025-12-02T23:07:12","guid":{"rendered":"https:\/\/b2b.depodanmusteriye.com\/urun\/mini-disko-topu\/"},"modified":"2025-12-03T18:52:21","modified_gmt":"2025-12-03T18:52:21","slug":"mini-disko-topu","status":"publish","type":"product","link":"https:\/\/depodanmusteriye.com\/urunler\/urun\/mini-disko-topu\/","title":{"rendered":"M\u0130N\u0130 D\u0130SKO TOPU"},"content":{"rendered":"<h4>Arkada\u015flar\u0131n\u0131z, aileniz veya kendiniz i\u00e7in m\u00fckemmel bir hediye se\u00e7ene\u011fi olan bu disko topu, ev partilerinden profesyonel sahne g\u00f6sterilerine kadar geni\u015f bir kullan\u0131m alan\u0131na sahiptir. Do\u011fum g\u00fcn\u00fc partilerinde, d\u00fc\u011f\u00fcnlerde, barlarda veya karaoke gecelerinde ortam\u0131 \u015fenlendirmek i\u00e7in ideal bir aksesuard\u0131r. Kolay kurulumu ve pratik kullan\u0131m\u0131 sayesinde herkes taraf\u0131ndan rahatl\u0131kla kullan\u0131labilir. Renkli LED \u0131\u015f\u0131klar ve dans eden \u0131\u015f\u0131k efektleriyle unutulmaz anlar ya\u015faman\u0131z\u0131 sa\u011flar. <\/p>\n<p><b>1 adet fiyat\u0131d\u0131r<\/b> <\/p>\n<p><p><b>\u00dcretici Markas\u0131 : ZERO LAND<\/b><\/p>\n<p><b>\u00dcretici Kodu : UCZZZM\u0130N\u0130D\u0130SKOTOPU5<\/b><\/p>\n<p><b>1 ADET F\u0130YATIDIR<\/b><\/p>\n<\/h4>\n<p><\/p>\n","protected":false},"excerpt":{"rendered":"<p>M\u0130N\u0130 D\u0130SKO TOPU<\/p>\n","protected":false},"featured_media":16614,"comment_status":"open","ping_status":"closed","template":"","meta":[],"product_brand":[],"product_cat":[379,812],"product_tag":[4048,2265,4049],"class_list":{"0":"post-16619","1":"product","2":"type-product","3":"status-publish","4":"has-post-thumbnail","6":"product_cat-ev-yasam","7":"product_cat-ikaz-urunu","8":"product_tag-disko","9":"product_tag-mini","10":"product_tag-topu","12":"first","13":"instock","14":"sale","15":"taxable","16":"shipping-taxable","17":"purchasable","18":"product-type-simple"},"_links":{"self":[{"href":"https:\/\/depodanmusteriye.com\/urunler\/wp-json\/wp\/v2\/product\/16619","targetHints":{"allow":["GET"]}}],"collection":[{"href":"https:\/\/depodanmusteriye.com\/urunler\/wp-json\/wp\/v2\/product"}],"about":[{"href":"https:\/\/depodanmusteriye.com\/urunler\/wp-json\/wp\/v2\/types\/product"}],"replies":[{"embeddable":true,"href":"https:\/\/depodanmusteriye.com\/urunler\/wp-json\/wp\/v2\/comments?post=16619"}],"version-history":[{"count":0,"href":"https:\/\/depodanmusteriye.com\/urunler\/wp-json\/wp\/v2\/product\/16619\/revisions"}],"wp:featuredmedia":[{"embeddable":true,"href":"https:\/\/depodanmusteriye.com\/urunler\/wp-json\/wp\/v2\/media\/16614"}],"wp:attachment":[{"href":"https:\/\/depodanmusteriye.com\/urunler\/wp-json\/wp\/v2\/media?parent=16619"}],"wp:term":[{"taxonomy":"product_brand","embeddable":true,"href":"https:\/\/depodanmusteriye.com\/urunler\/wp-json\/wp\/v2\/product_brand?post=16619"},{"taxonomy":"product_cat","embeddable":true,"href":"https:\/\/depodanmusteriye.com\/urunler\/wp-json\/wp\/v2\/product_cat?post=16619"},{"taxonomy":"product_tag","embeddable":true,"href":"https:\/\/depodanmusteriye.com\/urunler\/wp-json\/wp\/v2\/product_tag?post=16619"}],"curies":[{"name":"wp","href":"https:\/\/api.w.org\/{rel}","templated":true}]}}