{"id":166048,"date":"2025-12-13T03:37:00","date_gmt":"2025-12-13T03:37:00","guid":{"rendered":"https:\/\/b2b.depodanmusteriye.com\/urun\/italyan-zincir-celik-kolye-60-cm-sari-2\/"},"modified":"2025-12-13T03:37:00","modified_gmt":"2025-12-13T03:37:00","slug":"italyan-zincir-celik-kolye-60-cm-sari-2","status":"publish","type":"product","link":"https:\/\/depodanmusteriye.com\/urunler\/urun\/italyan-zincir-celik-kolye-60-cm-sari-2\/","title":{"rendered":"\u0130talyan Zincir \u00c7elik Kolye 60 cm-Sar\u0131"},"content":{"rendered":"<h4>\n<p>\u0130talyan Zincir \u00c7elik Kolye 60 cm-Sar\u0131<\/p>\n<p> \u0130talyan Zincir \u00c7elik Kolye 60 cm <\/p>\n<p><b>1 adet fiyat\u0131d\u0131r<\/b> <\/p>\n<p><p><b>\u00dcretici Markas\u0131 : ZERO<\/b><\/p>\n<p><b>\u00dcretici Kodu : 11841876Sar\u0131<\/b><\/p>\n<p><b>1 ADET F\u0130YATIDIR<\/b><\/p>\n<\/h4>\n<p><\/p>\n","protected":false},"excerpt":{"rendered":"<p>\u0130talyan Zincir \u00c7elik Kolye 60 cm-Sar\u0131<\/p>\n","protected":false},"featured_media":166046,"comment_status":"open","ping_status":"closed","template":"","meta":[],"product_brand":[],"product_cat":[371,498],"product_tag":[1106,3766,10490,3765,2374,2577],"class_list":{"0":"post-166048","1":"product","2":"type-product","3":"status-publish","4":"has-post-thumbnail","6":"product_cat-bijuteri-hediyelik","7":"product_cat-bijuteri-kolye","8":"product_tag-1106","9":"product_tag-celik","10":"product_tag-cm-sari","11":"product_tag-italyan","12":"product_tag-kolye","13":"product_tag-zincir","15":"first","16":"instock","17":"taxable","18":"shipping-taxable","19":"purchasable","20":"product-type-simple"},"_links":{"self":[{"href":"https:\/\/depodanmusteriye.com\/urunler\/wp-json\/wp\/v2\/product\/166048","targetHints":{"allow":["GET"]}}],"collection":[{"href":"https:\/\/depodanmusteriye.com\/urunler\/wp-json\/wp\/v2\/product"}],"about":[{"href":"https:\/\/depodanmusteriye.com\/urunler\/wp-json\/wp\/v2\/types\/product"}],"replies":[{"embeddable":true,"href":"https:\/\/depodanmusteriye.com\/urunler\/wp-json\/wp\/v2\/comments?post=166048"}],"version-history":[{"count":0,"href":"https:\/\/depodanmusteriye.com\/urunler\/wp-json\/wp\/v2\/product\/166048\/revisions"}],"wp:featuredmedia":[{"embeddable":true,"href":"https:\/\/depodanmusteriye.com\/urunler\/wp-json\/wp\/v2\/media\/166046"}],"wp:attachment":[{"href":"https:\/\/depodanmusteriye.com\/urunler\/wp-json\/wp\/v2\/media?parent=166048"}],"wp:term":[{"taxonomy":"product_brand","embeddable":true,"href":"https:\/\/depodanmusteriye.com\/urunler\/wp-json\/wp\/v2\/product_brand?post=166048"},{"taxonomy":"product_cat","embeddable":true,"href":"https:\/\/depodanmusteriye.com\/urunler\/wp-json\/wp\/v2\/product_cat?post=166048"},{"taxonomy":"product_tag","embeddable":true,"href":"https:\/\/depodanmusteriye.com\/urunler\/wp-json\/wp\/v2\/product_tag?post=166048"}],"curies":[{"name":"wp","href":"https:\/\/api.w.org\/{rel}","templated":true}]}}