{"id":16499,"date":"2025-12-02T23:05:28","date_gmt":"2025-12-02T23:05:28","guid":{"rendered":"https:\/\/b2b.depodanmusteriye.com\/urun\/konforlu-tasarimli-kablosuz-gaming-kulaklik-uzun-pil-omruyle\/"},"modified":"2025-12-03T18:51:35","modified_gmt":"2025-12-03T18:51:35","slug":"konforlu-tasarimli-kablosuz-gaming-kulaklik-uzun-pil-omruyle","status":"publish","type":"product","link":"https:\/\/depodanmusteriye.com\/urunler\/urun\/konforlu-tasarimli-kablosuz-gaming-kulaklik-uzun-pil-omruyle\/","title":{"rendered":"Konforlu Tasar\u0131ml\u0131 Kablosuz Gaming Kulakl\u0131k \u2013 Uzun Pil \u00d6mr\u00fcyle"},"content":{"rendered":"<h4>Kablosuz ba\u011flant\u0131 \u00f6zg\u00fcrl\u00fc\u011f\u00fc, y\u00fcksek ses kalitesi ve \u015f\u0131k RGB tasar\u0131m\u0131yla bu kulakl\u0131k hem oyuncular hem de mobil ya\u015fam\u0131 tercih eden kullan\u0131c\u0131lar i\u00e7in harika bir \u00e7\u00f6z\u00fcmd\u00fcr. Bluetooth 5.3 teknolojisi, 10 metre mesafeye kadar g\u00fc\u00e7l\u00fc sinyal sa\u011flar ve d\u00fc\u015f\u00fck gecikmesiyle g\u00f6r\u00fcnt\u00fc-ses senkronunu korur.<\/p>\n<p>40mm hoparl\u00f6r s\u00fcr\u00fcc\u00fcs\u00fc, oyunlarda detayl\u0131 ses ayr\u0131m\u0131; m\u00fczikte ise dengeli bir dinleme deneyimi sunar. 280 graml\u0131k hafif g\u00f6vdesi, ta\u015f\u0131ma ve uzun s\u00fcreli kullan\u0131m i\u00e7in uygundur. Katlanabilir yap\u0131daki ba\u015f band\u0131 ve konforlu pedleri, ergonomiyi maksimum seviyeye \u00e7\u0131kar\u0131r.<\/p>\n<p>RGB \u0131\u015f\u0131k kontrol\u00fc ile istedi\u011finiz g\u00f6rsel atmosferi an\u0131nda sa\u011flayabilirsiniz. Su s\u0131\u00e7ramalar\u0131na kar\u015f\u0131 IPX4 korumas\u0131 ile a\u00e7\u0131k alanlarda ya da spor s\u0131ras\u0131nda g\u00fcvenle kullan\u0131labilir. 800mAh bataryas\u0131 ve Type-C \u015farj \u00f6zelli\u011fiyle teknolojik ihtiya\u00e7lar\u0131n\u0131z\u0131 kar\u015f\u0131lar. <\/p>\n<p><b>1 adet fiyat\u0131d\u0131r<\/b> <\/p>\n<p><p><b>\u00dcretici Markas\u0131 : ZERO LAND<\/b><\/p>\n<p><b>\u00dcretici Kodu : XUCZPG580KULAKLIKKKKKKK5<\/b><\/p>\n<p><b>1 ADET F\u0130YATIDIR<\/b><\/p>\n<\/h4>\n<p><\/p>\n","protected":false},"excerpt":{"rendered":"<p>Konforlu Tasar\u0131ml\u0131 Kablosuz Gaming Kulakl\u0131k \u2013 Uzun Pil \u00d6mr\u00fcyle<\/p>\n","protected":false},"featured_media":16494,"comment_status":"open","ping_status":"closed","template":"","meta":[],"product_brand":[],"product_cat":[374,723],"product_tag":[4198,1640,4197,1641,4200,4199,3987,2357],"class_list":{"0":"post-16499","1":"product","2":"type-product","3":"status-publish","4":"has-post-thumbnail","6":"product_cat-mobil-aksesuar","7":"product_cat-oyuncu-kulaklik","8":"product_tag-gaming","9":"product_tag-kablosuz","10":"product_tag-konforlu","11":"product_tag-kulaklik","12":"product_tag-omruyle","13":"product_tag-pil","14":"product_tag-tasarimli","15":"product_tag-uzun","17":"first","18":"instock","19":"sale","20":"taxable","21":"shipping-taxable","22":"purchasable","23":"product-type-simple"},"_links":{"self":[{"href":"https:\/\/depodanmusteriye.com\/urunler\/wp-json\/wp\/v2\/product\/16499","targetHints":{"allow":["GET"]}}],"collection":[{"href":"https:\/\/depodanmusteriye.com\/urunler\/wp-json\/wp\/v2\/product"}],"about":[{"href":"https:\/\/depodanmusteriye.com\/urunler\/wp-json\/wp\/v2\/types\/product"}],"replies":[{"embeddable":true,"href":"https:\/\/depodanmusteriye.com\/urunler\/wp-json\/wp\/v2\/comments?post=16499"}],"version-history":[{"count":0,"href":"https:\/\/depodanmusteriye.com\/urunler\/wp-json\/wp\/v2\/product\/16499\/revisions"}],"wp:featuredmedia":[{"embeddable":true,"href":"https:\/\/depodanmusteriye.com\/urunler\/wp-json\/wp\/v2\/media\/16494"}],"wp:attachment":[{"href":"https:\/\/depodanmusteriye.com\/urunler\/wp-json\/wp\/v2\/media?parent=16499"}],"wp:term":[{"taxonomy":"product_brand","embeddable":true,"href":"https:\/\/depodanmusteriye.com\/urunler\/wp-json\/wp\/v2\/product_brand?post=16499"},{"taxonomy":"product_cat","embeddable":true,"href":"https:\/\/depodanmusteriye.com\/urunler\/wp-json\/wp\/v2\/product_cat?post=16499"},{"taxonomy":"product_tag","embeddable":true,"href":"https:\/\/depodanmusteriye.com\/urunler\/wp-json\/wp\/v2\/product_tag?post=16499"}],"curies":[{"name":"wp","href":"https:\/\/api.w.org\/{rel}","templated":true}]}}