{"id":164837,"date":"2025-12-13T01:35:20","date_gmt":"2025-12-13T01:35:20","guid":{"rendered":"https:\/\/b2b.depodanmusteriye.com\/urun\/cicek-zirkon-tasli-celik-piercing-1-adet-gumus-rengi\/"},"modified":"2025-12-13T01:35:20","modified_gmt":"2025-12-13T01:35:20","slug":"cicek-zirkon-tasli-celik-piercing-1-adet-gumus-rengi","status":"publish","type":"product","link":"https:\/\/depodanmusteriye.com\/urunler\/urun\/cicek-zirkon-tasli-celik-piercing-1-adet-gumus-rengi\/","title":{"rendered":"\u00c7i\u00e7ek Zirkon Ta\u015fl\u0131 \u00c7elik Piercing 1 Adet-G\u00fcm\u00fc\u015f Rengi"},"content":{"rendered":"<h4>\n<p>\u00c7i\u00e7ek Zirkon Ta\u015fl\u0131 \u00c7elik Piercing 1 Adet-G\u00fcm\u00fc\u015f Rengi<\/p>\n<p> \u00c7i\u00e7ek Zirkon Ta\u015fl\u0131 \u00c7elik Piercing 1 Adet <\/p>\n<p><b>1 adet fiyat\u0131d\u0131r<\/b> <\/p>\n<p><p><b>\u00dcretici Markas\u0131 : ZERO<\/b><\/p>\n<p><b>\u00dcretici Kodu : 11836063G\u00fcm\u00fc\u015f<\/b><\/p>\n<p><b>1 ADET F\u0130YATIDIR<\/b><\/p>\n<\/h4>\n<p><\/p>\n","protected":false},"excerpt":{"rendered":"<p>\u00c7i\u00e7ek Zirkon Ta\u015fl\u0131 \u00c7elik Piercing 1 Adet-G\u00fcm\u00fc\u015f Rengi<\/p>\n","protected":false},"featured_media":164835,"comment_status":"open","ping_status":"closed","template":"","meta":[],"product_brand":[],"product_cat":[371,764],"product_tag":[1056,10653,3766,1629,2100,2085,2030,3799],"class_list":{"0":"post-164837","1":"product","2":"type-product","3":"status-publish","4":"has-post-thumbnail","6":"product_cat-bijuteri-hediyelik","7":"product_cat-piercing","8":"product_tag-1056","9":"product_tag-adet-gumus","10":"product_tag-celik","11":"product_tag-cicek","12":"product_tag-piercing","13":"product_tag-rengi","14":"product_tag-tasli","15":"product_tag-zirkon","17":"first","18":"instock","19":"taxable","20":"shipping-taxable","21":"purchasable","22":"product-type-simple"},"_links":{"self":[{"href":"https:\/\/depodanmusteriye.com\/urunler\/wp-json\/wp\/v2\/product\/164837","targetHints":{"allow":["GET"]}}],"collection":[{"href":"https:\/\/depodanmusteriye.com\/urunler\/wp-json\/wp\/v2\/product"}],"about":[{"href":"https:\/\/depodanmusteriye.com\/urunler\/wp-json\/wp\/v2\/types\/product"}],"replies":[{"embeddable":true,"href":"https:\/\/depodanmusteriye.com\/urunler\/wp-json\/wp\/v2\/comments?post=164837"}],"version-history":[{"count":0,"href":"https:\/\/depodanmusteriye.com\/urunler\/wp-json\/wp\/v2\/product\/164837\/revisions"}],"wp:featuredmedia":[{"embeddable":true,"href":"https:\/\/depodanmusteriye.com\/urunler\/wp-json\/wp\/v2\/media\/164835"}],"wp:attachment":[{"href":"https:\/\/depodanmusteriye.com\/urunler\/wp-json\/wp\/v2\/media?parent=164837"}],"wp:term":[{"taxonomy":"product_brand","embeddable":true,"href":"https:\/\/depodanmusteriye.com\/urunler\/wp-json\/wp\/v2\/product_brand?post=164837"},{"taxonomy":"product_cat","embeddable":true,"href":"https:\/\/depodanmusteriye.com\/urunler\/wp-json\/wp\/v2\/product_cat?post=164837"},{"taxonomy":"product_tag","embeddable":true,"href":"https:\/\/depodanmusteriye.com\/urunler\/wp-json\/wp\/v2\/product_tag?post=164837"}],"curies":[{"name":"wp","href":"https:\/\/api.w.org\/{rel}","templated":true}]}}