{"id":164470,"date":"2025-12-13T00:58:34","date_gmt":"2025-12-13T00:58:34","guid":{"rendered":"https:\/\/b2b.depodanmusteriye.com\/urun\/06-mm-yildiz-ara-aparat-50-gram-gumus-rengi\/"},"modified":"2025-12-13T00:58:34","modified_gmt":"2025-12-13T00:58:34","slug":"06-mm-yildiz-ara-aparat-50-gram-gumus-rengi","status":"publish","type":"product","link":"https:\/\/depodanmusteriye.com\/urunler\/urun\/06-mm-yildiz-ara-aparat-50-gram-gumus-rengi\/","title":{"rendered":"0,6 mm Y\u0131ld\u0131z Ara Aparat 50 Gram-G\u00fcm\u00fc\u015f Rengi"},"content":{"rendered":"<h4>\n<p>0,6 mm Y\u0131ld\u0131z Ara Aparat 50 Gram-G\u00fcm\u00fc\u015f Rengi<\/p>\n<p> 0,6 mm Y\u0131ld\u0131z Ara Aparat 50 Gram <\/p>\n<p><b>1 adet fiyat\u0131d\u0131r<\/b> <\/p>\n<p><p><b>\u00dcretici Markas\u0131 : ZERO<\/b><\/p>\n<p><b>\u00dcretici Kodu : 11834342G\u00fcm\u00fc\u015f<\/b><\/p>\n<p><b>1 ADET F\u0130YATIDIR<\/b><\/p>\n<\/h4>\n<p><\/p>\n","protected":false},"excerpt":{"rendered":"<p>0,6 mm Y\u0131ld\u0131z Ara Aparat 50 Gram-G\u00fcm\u00fc\u015f Rengi<\/p>\n","protected":false},"featured_media":164468,"comment_status":"open","ping_status":"closed","template":"","meta":[],"product_brand":[],"product_cat":[371,501],"product_tag":[1105,1224,4356,2065,12442,2098,2085,2308],"class_list":{"0":"post-164470","1":"product","2":"type-product","3":"status-publish","4":"has-post-thumbnail","6":"product_cat-bijuteri-hediyelik","7":"product_cat-bijuteri-set","8":"product_tag-1105","9":"product_tag-1224","10":"product_tag-aparat","11":"product_tag-ara","12":"product_tag-gram-gumus","13":"product_tag-mm","14":"product_tag-rengi","15":"product_tag-yildiz","17":"first","18":"instock","19":"taxable","20":"shipping-taxable","21":"purchasable","22":"product-type-simple"},"_links":{"self":[{"href":"https:\/\/depodanmusteriye.com\/urunler\/wp-json\/wp\/v2\/product\/164470","targetHints":{"allow":["GET"]}}],"collection":[{"href":"https:\/\/depodanmusteriye.com\/urunler\/wp-json\/wp\/v2\/product"}],"about":[{"href":"https:\/\/depodanmusteriye.com\/urunler\/wp-json\/wp\/v2\/types\/product"}],"replies":[{"embeddable":true,"href":"https:\/\/depodanmusteriye.com\/urunler\/wp-json\/wp\/v2\/comments?post=164470"}],"version-history":[{"count":0,"href":"https:\/\/depodanmusteriye.com\/urunler\/wp-json\/wp\/v2\/product\/164470\/revisions"}],"wp:featuredmedia":[{"embeddable":true,"href":"https:\/\/depodanmusteriye.com\/urunler\/wp-json\/wp\/v2\/media\/164468"}],"wp:attachment":[{"href":"https:\/\/depodanmusteriye.com\/urunler\/wp-json\/wp\/v2\/media?parent=164470"}],"wp:term":[{"taxonomy":"product_brand","embeddable":true,"href":"https:\/\/depodanmusteriye.com\/urunler\/wp-json\/wp\/v2\/product_brand?post=164470"},{"taxonomy":"product_cat","embeddable":true,"href":"https:\/\/depodanmusteriye.com\/urunler\/wp-json\/wp\/v2\/product_cat?post=164470"},{"taxonomy":"product_tag","embeddable":true,"href":"https:\/\/depodanmusteriye.com\/urunler\/wp-json\/wp\/v2\/product_tag?post=164470"}],"curies":[{"name":"wp","href":"https:\/\/api.w.org\/{rel}","templated":true}]}}