{"id":164464,"date":"2025-12-13T00:56:46","date_gmt":"2025-12-13T00:56:46","guid":{"rendered":"https:\/\/b2b.depodanmusteriye.com\/urun\/cicek-ara-aparat-50-gram-gumus-rengi-2\/"},"modified":"2025-12-13T00:56:46","modified_gmt":"2025-12-13T00:56:46","slug":"cicek-ara-aparat-50-gram-gumus-rengi-2","status":"publish","type":"product","link":"https:\/\/depodanmusteriye.com\/urunler\/urun\/cicek-ara-aparat-50-gram-gumus-rengi-2\/","title":{"rendered":"\u00c7i\u00e7ek Ara Aparat 50 Gram-G\u00fcm\u00fc\u015f Rengi"},"content":{"rendered":"<h4>\n<p>\u00c7i\u00e7ek Ara Aparat 50 Gram-G\u00fcm\u00fc\u015f Rengi<\/p>\n<p> \u00c7i\u00e7ek Ara Aparat 50 Gram <\/p>\n<p><b>1 adet fiyat\u0131d\u0131r<\/b> <\/p>\n<p><p><b>\u00dcretici Markas\u0131 : ZERO<\/b><\/p>\n<p><b>\u00dcretici Kodu : 11834366G\u00fcm\u00fc\u015f<\/b><\/p>\n<p><b>1 ADET F\u0130YATIDIR<\/b><\/p>\n<\/h4>\n<p><\/p>\n","protected":false},"excerpt":{"rendered":"<p>\u00c7i\u00e7ek Ara Aparat 50 Gram-G\u00fcm\u00fc\u015f Rengi<\/p>\n","protected":false},"featured_media":164462,"comment_status":"open","ping_status":"closed","template":"","meta":[],"product_brand":[],"product_cat":[371,501],"product_tag":[1105,4356,2065,1629,12442,2085],"class_list":{"0":"post-164464","1":"product","2":"type-product","3":"status-publish","4":"has-post-thumbnail","6":"product_cat-bijuteri-hediyelik","7":"product_cat-bijuteri-set","8":"product_tag-1105","9":"product_tag-aparat","10":"product_tag-ara","11":"product_tag-cicek","12":"product_tag-gram-gumus","13":"product_tag-rengi","15":"first","16":"instock","17":"taxable","18":"shipping-taxable","19":"purchasable","20":"product-type-simple"},"_links":{"self":[{"href":"https:\/\/depodanmusteriye.com\/urunler\/wp-json\/wp\/v2\/product\/164464","targetHints":{"allow":["GET"]}}],"collection":[{"href":"https:\/\/depodanmusteriye.com\/urunler\/wp-json\/wp\/v2\/product"}],"about":[{"href":"https:\/\/depodanmusteriye.com\/urunler\/wp-json\/wp\/v2\/types\/product"}],"replies":[{"embeddable":true,"href":"https:\/\/depodanmusteriye.com\/urunler\/wp-json\/wp\/v2\/comments?post=164464"}],"version-history":[{"count":0,"href":"https:\/\/depodanmusteriye.com\/urunler\/wp-json\/wp\/v2\/product\/164464\/revisions"}],"wp:featuredmedia":[{"embeddable":true,"href":"https:\/\/depodanmusteriye.com\/urunler\/wp-json\/wp\/v2\/media\/164462"}],"wp:attachment":[{"href":"https:\/\/depodanmusteriye.com\/urunler\/wp-json\/wp\/v2\/media?parent=164464"}],"wp:term":[{"taxonomy":"product_brand","embeddable":true,"href":"https:\/\/depodanmusteriye.com\/urunler\/wp-json\/wp\/v2\/product_brand?post=164464"},{"taxonomy":"product_cat","embeddable":true,"href":"https:\/\/depodanmusteriye.com\/urunler\/wp-json\/wp\/v2\/product_cat?post=164464"},{"taxonomy":"product_tag","embeddable":true,"href":"https:\/\/depodanmusteriye.com\/urunler\/wp-json\/wp\/v2\/product_tag?post=164464"}],"curies":[{"name":"wp","href":"https:\/\/api.w.org\/{rel}","templated":true}]}}