{"id":163992,"date":"2025-12-13T00:12:32","date_gmt":"2025-12-13T00:12:32","guid":{"rendered":"https:\/\/b2b.depodanmusteriye.com\/urun\/18-cm-tugra-para-tesbih-aparati-50-gram-gumus-rengi\/"},"modified":"2025-12-13T00:12:32","modified_gmt":"2025-12-13T00:12:32","slug":"18-cm-tugra-para-tesbih-aparati-50-gram-gumus-rengi","status":"publish","type":"product","link":"https:\/\/depodanmusteriye.com\/urunler\/urun\/18-cm-tugra-para-tesbih-aparati-50-gram-gumus-rengi\/","title":{"rendered":"1,8 cm Tu\u011fra Para Tesbih Aparat\u0131 50 Gram-G\u00fcm\u00fc\u015f Rengi"},"content":{"rendered":"<h4>\n<p>1,8 cm Tu\u011fra Para Tesbih Aparat\u0131 50 Gram-G\u00fcm\u00fc\u015f Rengi<\/p>\n<p> 1,8 cm Tu\u011fra Para Tesbih Aparat\u0131 50 Gram <\/p>\n<p><b>1 adet fiyat\u0131d\u0131r<\/b> <\/p>\n<p><p><b>\u00dcretici Markas\u0131 : ZERO<\/b><\/p>\n<p><b>\u00dcretici Kodu : 11832362G\u00fcm\u00fc\u015f<\/b><\/p>\n<p><b>1 ADET F\u0130YATIDIR<\/b><\/p>\n<\/h4>\n<p><\/p>\n","protected":false},"excerpt":{"rendered":"<p>1,8 cm Tu\u011fra Para Tesbih Aparat\u0131 50 Gram-G\u00fcm\u00fc\u015f Rengi<\/p>\n","protected":false},"featured_media":163990,"comment_status":"open","ping_status":"closed","template":"","meta":[],"product_brand":[],"product_cat":[371,501],"product_tag":[1056,1105,2005,3274,1529,12442,3838,2085,3728,10451],"class_list":{"0":"post-163992","1":"product","2":"type-product","3":"status-publish","4":"has-post-thumbnail","6":"product_cat-bijuteri-hediyelik","7":"product_cat-bijuteri-set","8":"product_tag-1056","9":"product_tag-1105","10":"product_tag-2005","11":"product_tag-aparati","12":"product_tag-cm","13":"product_tag-gram-gumus","14":"product_tag-para","15":"product_tag-rengi","16":"product_tag-tesbih","17":"product_tag-tugra","19":"first","20":"instock","21":"taxable","22":"shipping-taxable","23":"purchasable","24":"product-type-simple"},"_links":{"self":[{"href":"https:\/\/depodanmusteriye.com\/urunler\/wp-json\/wp\/v2\/product\/163992","targetHints":{"allow":["GET"]}}],"collection":[{"href":"https:\/\/depodanmusteriye.com\/urunler\/wp-json\/wp\/v2\/product"}],"about":[{"href":"https:\/\/depodanmusteriye.com\/urunler\/wp-json\/wp\/v2\/types\/product"}],"replies":[{"embeddable":true,"href":"https:\/\/depodanmusteriye.com\/urunler\/wp-json\/wp\/v2\/comments?post=163992"}],"version-history":[{"count":0,"href":"https:\/\/depodanmusteriye.com\/urunler\/wp-json\/wp\/v2\/product\/163992\/revisions"}],"wp:featuredmedia":[{"embeddable":true,"href":"https:\/\/depodanmusteriye.com\/urunler\/wp-json\/wp\/v2\/media\/163990"}],"wp:attachment":[{"href":"https:\/\/depodanmusteriye.com\/urunler\/wp-json\/wp\/v2\/media?parent=163992"}],"wp:term":[{"taxonomy":"product_brand","embeddable":true,"href":"https:\/\/depodanmusteriye.com\/urunler\/wp-json\/wp\/v2\/product_brand?post=163992"},{"taxonomy":"product_cat","embeddable":true,"href":"https:\/\/depodanmusteriye.com\/urunler\/wp-json\/wp\/v2\/product_cat?post=163992"},{"taxonomy":"product_tag","embeddable":true,"href":"https:\/\/depodanmusteriye.com\/urunler\/wp-json\/wp\/v2\/product_tag?post=163992"}],"curies":[{"name":"wp","href":"https:\/\/api.w.org\/{rel}","templated":true}]}}