{"id":163923,"date":"2025-12-13T00:05:38","date_gmt":"2025-12-13T00:05:38","guid":{"rendered":"https:\/\/b2b.depodanmusteriye.com\/urun\/cicek-celik-piercing-1-adet-siyah\/"},"modified":"2025-12-13T00:05:38","modified_gmt":"2025-12-13T00:05:38","slug":"cicek-celik-piercing-1-adet-siyah","status":"publish","type":"product","link":"https:\/\/depodanmusteriye.com\/urunler\/urun\/cicek-celik-piercing-1-adet-siyah\/","title":{"rendered":"\u00c7i\u00e7ek \u00c7elik Piercing 1 Adet-Siyah"},"content":{"rendered":"<h4>\n<p>\u00c7i\u00e7ek \u00c7elik Piercing 1 Adet-Siyah<\/p>\n<p> \u00c7i\u00e7ek \u00c7elik Piercing 1 Adet <\/p>\n<p><b>1 adet fiyat\u0131d\u0131r<\/b> <\/p>\n<p><p><b>\u00dcretici Markas\u0131 : ZERO<\/b><\/p>\n<p><b>\u00dcretici Kodu : 11832683Siyah<\/b><\/p>\n<p><b>1 ADET F\u0130YATIDIR<\/b><\/p>\n<\/h4>\n<p><\/p>\n","protected":false},"excerpt":{"rendered":"<p>\u00c7i\u00e7ek \u00c7elik Piercing 1 Adet-Siyah<\/p>\n","protected":false},"featured_media":163921,"comment_status":"open","ping_status":"closed","template":"","meta":[],"product_brand":[],"product_cat":[371,764],"product_tag":[1056,2101,3766,1629,2100],"class_list":{"0":"post-163923","1":"product","2":"type-product","3":"status-publish","4":"has-post-thumbnail","6":"product_cat-bijuteri-hediyelik","7":"product_cat-piercing","8":"product_tag-1056","9":"product_tag-adet-siyah","10":"product_tag-celik","11":"product_tag-cicek","12":"product_tag-piercing","14":"first","15":"instock","16":"taxable","17":"shipping-taxable","18":"purchasable","19":"product-type-simple"},"_links":{"self":[{"href":"https:\/\/depodanmusteriye.com\/urunler\/wp-json\/wp\/v2\/product\/163923","targetHints":{"allow":["GET"]}}],"collection":[{"href":"https:\/\/depodanmusteriye.com\/urunler\/wp-json\/wp\/v2\/product"}],"about":[{"href":"https:\/\/depodanmusteriye.com\/urunler\/wp-json\/wp\/v2\/types\/product"}],"replies":[{"embeddable":true,"href":"https:\/\/depodanmusteriye.com\/urunler\/wp-json\/wp\/v2\/comments?post=163923"}],"version-history":[{"count":0,"href":"https:\/\/depodanmusteriye.com\/urunler\/wp-json\/wp\/v2\/product\/163923\/revisions"}],"wp:featuredmedia":[{"embeddable":true,"href":"https:\/\/depodanmusteriye.com\/urunler\/wp-json\/wp\/v2\/media\/163921"}],"wp:attachment":[{"href":"https:\/\/depodanmusteriye.com\/urunler\/wp-json\/wp\/v2\/media?parent=163923"}],"wp:term":[{"taxonomy":"product_brand","embeddable":true,"href":"https:\/\/depodanmusteriye.com\/urunler\/wp-json\/wp\/v2\/product_brand?post=163923"},{"taxonomy":"product_cat","embeddable":true,"href":"https:\/\/depodanmusteriye.com\/urunler\/wp-json\/wp\/v2\/product_cat?post=163923"},{"taxonomy":"product_tag","embeddable":true,"href":"https:\/\/depodanmusteriye.com\/urunler\/wp-json\/wp\/v2\/product_tag?post=163923"}],"curies":[{"name":"wp","href":"https:\/\/api.w.org\/{rel}","templated":true}]}}