{"id":16390,"date":"2025-12-02T23:02:28","date_gmt":"2025-12-02T23:02:28","guid":{"rendered":"https:\/\/b2b.depodanmusteriye.com\/urun\/arac-ici-isitici-termos-bardak-paslanmaz-celik\/"},"modified":"2025-12-03T18:50:48","modified_gmt":"2025-12-03T18:50:48","slug":"arac-ici-isitici-termos-bardak-paslanmaz-celik","status":"publish","type":"product","link":"https:\/\/depodanmusteriye.com\/urunler\/urun\/arac-ici-isitici-termos-bardak-paslanmaz-celik\/","title":{"rendered":"Ara\u00e7 \u0130\u00e7i Is\u0131t\u0131c\u0131 Termos Bardak Paslanmaz \u00c7elik"},"content":{"rendered":"<h4>Yolculuk s\u0131ras\u0131nda s\u0131cak i\u00e7eceklerinizi elinizin alt\u0131nda bulundurmak art\u0131k \u00e7ok kolay! Bu paslanmaz \u00e7elik termos bardak, dayan\u0131kl\u0131 g\u00f6vdesiyle uzun \u00f6m\u00fcrl\u00fc kullan\u0131m sunar. \u00c7elik i\u00e7 yap\u0131, i\u00e7ece\u011finizin \u0131s\u0131s\u0131n\u0131 uzun s\u00fcre korurken, plastik d\u0131\u015f kaplama hafiflik ve kolay ta\u015f\u0131nabilirlik sa\u011flar. \u00c7akmak tipi priz ile arac\u0131n\u0131z\u0131n elektrik sistemine g\u00fcvenle ba\u011flanarak, diledi\u011finiz an i\u00e7ece\u011finizi \u0131s\u0131tabilirsiniz. Kompakt boyutlar\u0131 sayesinde arac\u0131n\u0131zda yer kaplamaz. 2 y\u0131l ithalat\u00e7\u0131 garantisi ile uzun s\u00fcre g\u00fcvenle kullanabilece\u011finiz bir \u00fcr\u00fcnd\u00fcr. Kahve, \u00e7ay veya s\u0131cak suyu her zaman ideal s\u0131cakl\u0131kta t\u00fcketmek i\u00e7in m\u00fckemmel bir se\u00e7imdir. Kolay temizlenebilir yap\u0131s\u0131 ve \u015f\u0131k tasar\u0131m\u0131yla hem estetik hem de i\u015flevsel bir \u00e7\u00f6z\u00fcmd\u00fcr. <\/p>\n<p><b>1 adet fiyat\u0131d\u0131r<\/b> <\/p>\n<p><p><b>\u00dcretici Markas\u0131 : ZERO LAND<\/b><\/p>\n<p><b>\u00dcretici Kodu : XUCZARA\u00c7\u0130\u00c7\u0130TERMOS5<\/b><\/p>\n<p><b>1 ADET F\u0130YATIDIR<\/b><\/p>\n<\/h4>\n<p><\/p>\n","protected":false},"excerpt":{"rendered":"<p>Ara\u00e7 \u0130\u00e7i Is\u0131t\u0131c\u0131 Termos Bardak Paslanmaz \u00c7elik<\/p>\n","protected":false},"featured_media":16385,"comment_status":"open","ping_status":"closed","template":"","meta":[],"product_brand":[],"product_cat":[373,635],"product_tag":[3278,4146,3766,1904,4144,4147,4145],"class_list":{"0":"post-16390","1":"product","2":"type-product","3":"status-publish","4":"has-post-thumbnail","6":"product_cat-oto-aksesuar-modifiye","7":"product_cat-oto-bardaklik-ve-isitici","8":"product_tag-arac","9":"product_tag-bardak","10":"product_tag-celik","11":"product_tag-ici","12":"product_tag-isitici","13":"product_tag-paslanmaz","14":"product_tag-termos","16":"first","17":"instock","18":"sale","19":"taxable","20":"shipping-taxable","21":"purchasable","22":"product-type-simple"},"_links":{"self":[{"href":"https:\/\/depodanmusteriye.com\/urunler\/wp-json\/wp\/v2\/product\/16390","targetHints":{"allow":["GET"]}}],"collection":[{"href":"https:\/\/depodanmusteriye.com\/urunler\/wp-json\/wp\/v2\/product"}],"about":[{"href":"https:\/\/depodanmusteriye.com\/urunler\/wp-json\/wp\/v2\/types\/product"}],"replies":[{"embeddable":true,"href":"https:\/\/depodanmusteriye.com\/urunler\/wp-json\/wp\/v2\/comments?post=16390"}],"version-history":[{"count":0,"href":"https:\/\/depodanmusteriye.com\/urunler\/wp-json\/wp\/v2\/product\/16390\/revisions"}],"wp:featuredmedia":[{"embeddable":true,"href":"https:\/\/depodanmusteriye.com\/urunler\/wp-json\/wp\/v2\/media\/16385"}],"wp:attachment":[{"href":"https:\/\/depodanmusteriye.com\/urunler\/wp-json\/wp\/v2\/media?parent=16390"}],"wp:term":[{"taxonomy":"product_brand","embeddable":true,"href":"https:\/\/depodanmusteriye.com\/urunler\/wp-json\/wp\/v2\/product_brand?post=16390"},{"taxonomy":"product_cat","embeddable":true,"href":"https:\/\/depodanmusteriye.com\/urunler\/wp-json\/wp\/v2\/product_cat?post=16390"},{"taxonomy":"product_tag","embeddable":true,"href":"https:\/\/depodanmusteriye.com\/urunler\/wp-json\/wp\/v2\/product_tag?post=16390"}],"curies":[{"name":"wp","href":"https:\/\/api.w.org\/{rel}","templated":true}]}}