{"id":16300,"date":"2025-12-02T23:00:14","date_gmt":"2025-12-02T23:00:14","guid":{"rendered":"https:\/\/b2b.depodanmusteriye.com\/urun\/kia-seat-mazda-mitsubishi-araclar-icin-cok-fonksiyonlu-arac-sarj-adaptoru\/"},"modified":"2025-12-03T18:50:13","modified_gmt":"2025-12-03T18:50:13","slug":"kia-seat-mazda-mitsubishi-araclar-icin-cok-fonksiyonlu-arac-sarj-adaptoru","status":"publish","type":"product","link":"https:\/\/depodanmusteriye.com\/urunler\/urun\/kia-seat-mazda-mitsubishi-araclar-icin-cok-fonksiyonlu-arac-sarj-adaptoru\/","title":{"rendered":"Kia, Seat, Mazda, Mitsubishi Ara\u00e7lar i\u00e7in \u00c7ok Fonksiyonlu Ara\u00e7 \u015earj Adapt\u00f6r\u00fc"},"content":{"rendered":"<h4>Kia, Seat, Mazda ve Mitsubishi kullan\u0131c\u0131lar\u0131 i\u00e7in \u00f6zel olarak tasarlanan bu ara\u00e7 \u015farj cihaz\u0131, 66W g\u00fcc\u00fc ile ayn\u0131 anda 4 cihaz\u0131 \u015farj edebilme kapasitesine sahiptir. PD 30W ve QC teknolojileri ile cihazlar\u0131n\u0131za h\u0131zl\u0131 ve g\u00fcvenli enerji sa\u011flar.<br \/>\nKompakt yap\u0131s\u0131 ve \u00e7ekilebilir kablo \u00f6zelli\u011fi, arac\u0131n\u0131zda d\u00fczenli ve estetik bir kullan\u0131m sunar. 180 derece d\u00f6nebilen \u015farj ba\u015fl\u0131\u011f\u0131, s\u00fcr\u00fc\u015f esnas\u0131nda g\u00fcvenli kullan\u0131m sa\u011flar. Ayr\u0131ca cihaz, a\u015f\u0131r\u0131 ak\u0131m, voltaj ve s\u0131cakl\u0131\u011fa kar\u015f\u0131 koruma teknolojileriyle donat\u0131lm\u0131\u015ft\u0131r.<br \/>\nGece yolculuklar\u0131nda LED \u0131\u015f\u0131klar\u0131 sayesinde keyifli bir atmosfer olu\u015fturur. Kia, Seat, Mazda ve Mitsubishi ara\u00e7larla uyumlu olan bu cihaz, yolculuklar\u0131n\u0131zda vazge\u00e7ilmez bir yard\u0131mc\u0131d\u0131r. <\/p>\n<p><b>1 adet fiyat\u0131d\u0131r<\/b> <\/p>\n<p><p><b>\u00dcretici Markas\u0131 : ZERO LAND<\/b><\/p>\n<p><b>\u00dcretici Kodu : UCZZZ4L\u00dcARA\u00c7SET\u01304<\/b><\/p>\n<p><b>1 ADET F\u0130YATIDIR<\/b><\/p>\n<\/h4>\n<p><\/p>\n","protected":false},"excerpt":{"rendered":"<p>Kia, Seat, Mazda, Mitsubishi Ara\u00e7lar i\u00e7in \u00c7ok Fonksiyonlu Ara\u00e7 \u015earj Adapt\u00f6r\u00fc<\/p>\n","protected":false},"featured_media":16295,"comment_status":"open","ping_status":"closed","template":"","meta":[],"product_brand":[],"product_cat":[1041,379],"product_tag":[4112,3278,4111,4047,3009,1853,4109,4110,2276,2755,2267],"class_list":{"0":"post-16300","1":"product","2":"type-product","3":"status-publish","4":"has-post-thumbnail","6":"product_cat-arac-arj-cihazi","7":"product_cat-ev-yasam","8":"product_tag-adaptoru","9":"product_tag-arac","10":"product_tag-araclar","11":"product_tag-cok","12":"product_tag-fonksiyonlu","13":"product_tag-icin","14":"product_tag-kia","15":"product_tag-mazda","16":"product_tag-mitsubishi","17":"product_tag-sarj","18":"product_tag-seat","20":"first","21":"instock","22":"sale","23":"taxable","24":"shipping-taxable","25":"purchasable","26":"product-type-simple"},"_links":{"self":[{"href":"https:\/\/depodanmusteriye.com\/urunler\/wp-json\/wp\/v2\/product\/16300","targetHints":{"allow":["GET"]}}],"collection":[{"href":"https:\/\/depodanmusteriye.com\/urunler\/wp-json\/wp\/v2\/product"}],"about":[{"href":"https:\/\/depodanmusteriye.com\/urunler\/wp-json\/wp\/v2\/types\/product"}],"replies":[{"embeddable":true,"href":"https:\/\/depodanmusteriye.com\/urunler\/wp-json\/wp\/v2\/comments?post=16300"}],"version-history":[{"count":0,"href":"https:\/\/depodanmusteriye.com\/urunler\/wp-json\/wp\/v2\/product\/16300\/revisions"}],"wp:featuredmedia":[{"embeddable":true,"href":"https:\/\/depodanmusteriye.com\/urunler\/wp-json\/wp\/v2\/media\/16295"}],"wp:attachment":[{"href":"https:\/\/depodanmusteriye.com\/urunler\/wp-json\/wp\/v2\/media?parent=16300"}],"wp:term":[{"taxonomy":"product_brand","embeddable":true,"href":"https:\/\/depodanmusteriye.com\/urunler\/wp-json\/wp\/v2\/product_brand?post=16300"},{"taxonomy":"product_cat","embeddable":true,"href":"https:\/\/depodanmusteriye.com\/urunler\/wp-json\/wp\/v2\/product_cat?post=16300"},{"taxonomy":"product_tag","embeddable":true,"href":"https:\/\/depodanmusteriye.com\/urunler\/wp-json\/wp\/v2\/product_tag?post=16300"}],"curies":[{"name":"wp","href":"https:\/\/api.w.org\/{rel}","templated":true}]}}