{"id":16114,"date":"2025-12-02T22:55:33","date_gmt":"2025-12-02T22:55:33","guid":{"rendered":"https:\/\/b2b.depodanmusteriye.com\/urun\/topuzlu-kapi-kilidi\/"},"modified":"2025-12-03T18:48:55","modified_gmt":"2025-12-03T18:48:55","slug":"topuzlu-kapi-kilidi","status":"publish","type":"product","link":"https:\/\/depodanmusteriye.com\/urunler\/urun\/topuzlu-kapi-kilidi\/","title":{"rendered":"Topuzlu Kap\u0131 Kilidi"},"content":{"rendered":"<h4>Modern tasar\u0131m\u0131 ve sa\u011flam yap\u0131s\u0131yla \u00f6ne \u00e7\u0131kan topuzlu kap\u0131 kilidi, giri\u015f kap\u0131lar\u0131nda g\u00fcvenli\u011finizi art\u0131rmak i\u00e7in geli\u015ftirilmi\u015ftir. Mat y\u00fczeyi sayesinde \u015f\u0131k bir g\u00f6r\u00fcn\u00fcm sunar ve ev dekorasyonlar\u0131yla m\u00fckemmel uyum sa\u011flar. Paslanmaz \u00e7elik malzeme kullan\u0131larak \u00fcretilen bu kilit, paslanmaya kar\u015f\u0131 dayan\u0131kl\u0131d\u0131r ve uzun \u00f6m\u00fcrl\u00fcd\u00fcr. Kolay montaj \u00f6zelli\u011fi sayesinde ev kullan\u0131c\u0131lar\u0131 taraf\u0131ndan k\u0131sa s\u00fcrede tak\u0131labilir. Kap\u0131 kal\u0131nl\u0131klar\u0131na uygun yap\u0131s\u0131 ve iki ayar c\u0131vata mandal\u0131 ile pratik kullan\u0131m sa\u011flar. \u00dcr\u00fcn, \u00fc\u00e7 anahtar ile birlikte sunulmaktad\u0131r. Hem i\u00e7 hem d\u0131\u015f mekanlarda kullan\u0131labilen bu topuzlu kap\u0131 kilidi, g\u00fcvenli\u011fi \u00f6n planda tutarken estetikten de \u00f6d\u00fcn vermek istemeyenler i\u00e7in ideal bir tercihtir. <\/p>\n<p><b>1 adet fiyat\u0131d\u0131r<\/b> <\/p>\n<p><p><b>\u00dcretici Markas\u0131 : ZERO LAND<\/b><\/p>\n<p><b>\u00dcretici Kodu : UCZZZKAPIK\u0130L\u0130T5<\/b><\/p>\n<p><b>1 ADET F\u0130YATIDIR<\/b><\/p>\n<\/h4>\n<p><\/p>\n","protected":false},"excerpt":{"rendered":"<p>Topuzlu Kap\u0131 Kilidi<\/p>\n","protected":false},"featured_media":16109,"comment_status":"open","ping_status":"closed","template":"","meta":[],"product_brand":[],"product_cat":[379,717],"product_tag":[1450,1390,4021],"class_list":{"0":"post-16114","1":"product","2":"type-product","3":"status-publish","4":"has-post-thumbnail","6":"product_cat-ev-yasam","7":"product_cat-kapi-hirdavati","8":"product_tag-kapi","9":"product_tag-kilidi","10":"product_tag-topuzlu","12":"first","13":"instock","14":"sale","15":"taxable","16":"shipping-taxable","17":"purchasable","18":"product-type-simple"},"_links":{"self":[{"href":"https:\/\/depodanmusteriye.com\/urunler\/wp-json\/wp\/v2\/product\/16114","targetHints":{"allow":["GET"]}}],"collection":[{"href":"https:\/\/depodanmusteriye.com\/urunler\/wp-json\/wp\/v2\/product"}],"about":[{"href":"https:\/\/depodanmusteriye.com\/urunler\/wp-json\/wp\/v2\/types\/product"}],"replies":[{"embeddable":true,"href":"https:\/\/depodanmusteriye.com\/urunler\/wp-json\/wp\/v2\/comments?post=16114"}],"version-history":[{"count":0,"href":"https:\/\/depodanmusteriye.com\/urunler\/wp-json\/wp\/v2\/product\/16114\/revisions"}],"wp:featuredmedia":[{"embeddable":true,"href":"https:\/\/depodanmusteriye.com\/urunler\/wp-json\/wp\/v2\/media\/16109"}],"wp:attachment":[{"href":"https:\/\/depodanmusteriye.com\/urunler\/wp-json\/wp\/v2\/media?parent=16114"}],"wp:term":[{"taxonomy":"product_brand","embeddable":true,"href":"https:\/\/depodanmusteriye.com\/urunler\/wp-json\/wp\/v2\/product_brand?post=16114"},{"taxonomy":"product_cat","embeddable":true,"href":"https:\/\/depodanmusteriye.com\/urunler\/wp-json\/wp\/v2\/product_cat?post=16114"},{"taxonomy":"product_tag","embeddable":true,"href":"https:\/\/depodanmusteriye.com\/urunler\/wp-json\/wp\/v2\/product_tag?post=16114"}],"curies":[{"name":"wp","href":"https:\/\/api.w.org\/{rel}","templated":true}]}}