{"id":160842,"date":"2025-12-12T19:16:23","date_gmt":"2025-12-12T19:16:23","guid":{"rendered":"https:\/\/b2b.depodanmusteriye.com\/urun\/1-adet-pamuk-puskul-14-cm-yesil\/"},"modified":"2025-12-12T19:16:23","modified_gmt":"2025-12-12T19:16:23","slug":"1-adet-pamuk-puskul-14-cm-yesil","status":"publish","type":"product","link":"https:\/\/depodanmusteriye.com\/urunler\/urun\/1-adet-pamuk-puskul-14-cm-yesil\/","title":{"rendered":"1 Adet Pamuk P\u00fcsk\u00fcl 14 cm-Ye\u015fil"},"content":{"rendered":"<h4>\n<p>1 Adet Pamuk P\u00fcsk\u00fcl 14 cm-Ye\u015fil<\/p>\n<p> 1 Adet Pamuk P\u00fcsk\u00fcl 14 cm <\/p>\n<p><b>1 adet fiyat\u0131d\u0131r<\/b> <\/p>\n<p><p><b>\u00dcretici Markas\u0131 : ZERO<\/b><\/p>\n<p><b>\u00dcretici Kodu : 11802808Ye\u015fil<\/b><\/p>\n<p><b>1 ADET F\u0130YATIDIR<\/b><\/p>\n<\/h4>\n<p><\/p>\n","protected":false},"excerpt":{"rendered":"<p>1 Adet Pamuk P\u00fcsk\u00fcl 14 cm-Ye\u015fil<\/p>\n","protected":false},"featured_media":160840,"comment_status":"open","ping_status":"closed","template":"","meta":[],"product_brand":[],"product_cat":[371,501],"product_tag":[1056,1858,1301,11410,5810,3769],"class_list":{"0":"post-160842","1":"product","2":"type-product","3":"status-publish","4":"has-post-thumbnail","6":"product_cat-bijuteri-hediyelik","7":"product_cat-bijuteri-set","8":"product_tag-1056","9":"product_tag-1858","10":"product_tag-adet","11":"product_tag-cm-yesil","12":"product_tag-pamuk","13":"product_tag-puskul","15":"first","16":"instock","17":"taxable","18":"shipping-taxable","19":"purchasable","20":"product-type-simple"},"_links":{"self":[{"href":"https:\/\/depodanmusteriye.com\/urunler\/wp-json\/wp\/v2\/product\/160842","targetHints":{"allow":["GET"]}}],"collection":[{"href":"https:\/\/depodanmusteriye.com\/urunler\/wp-json\/wp\/v2\/product"}],"about":[{"href":"https:\/\/depodanmusteriye.com\/urunler\/wp-json\/wp\/v2\/types\/product"}],"replies":[{"embeddable":true,"href":"https:\/\/depodanmusteriye.com\/urunler\/wp-json\/wp\/v2\/comments?post=160842"}],"version-history":[{"count":0,"href":"https:\/\/depodanmusteriye.com\/urunler\/wp-json\/wp\/v2\/product\/160842\/revisions"}],"wp:featuredmedia":[{"embeddable":true,"href":"https:\/\/depodanmusteriye.com\/urunler\/wp-json\/wp\/v2\/media\/160840"}],"wp:attachment":[{"href":"https:\/\/depodanmusteriye.com\/urunler\/wp-json\/wp\/v2\/media?parent=160842"}],"wp:term":[{"taxonomy":"product_brand","embeddable":true,"href":"https:\/\/depodanmusteriye.com\/urunler\/wp-json\/wp\/v2\/product_brand?post=160842"},{"taxonomy":"product_cat","embeddable":true,"href":"https:\/\/depodanmusteriye.com\/urunler\/wp-json\/wp\/v2\/product_cat?post=160842"},{"taxonomy":"product_tag","embeddable":true,"href":"https:\/\/depodanmusteriye.com\/urunler\/wp-json\/wp\/v2\/product_tag?post=160842"}],"curies":[{"name":"wp","href":"https:\/\/api.w.org\/{rel}","templated":true}]}}