{"id":16000,"date":"2025-12-02T22:52:36","date_gmt":"2025-12-02T22:52:36","guid":{"rendered":"https:\/\/b2b.depodanmusteriye.com\/urun\/arac-ici-pro-supurge\/"},"modified":"2025-12-03T18:48:09","modified_gmt":"2025-12-03T18:48:09","slug":"arac-ici-pro-supurge","status":"publish","type":"product","link":"https:\/\/depodanmusteriye.com\/urunler\/urun\/arac-ici-pro-supurge\/","title":{"rendered":"ARA\u00c7 \u0130\u00c7\u0130 PRO S\u00dcP\u00dcRGE"},"content":{"rendered":"<h4>Temizlik i\u015flerinizi pratik, h\u0131zl\u0131 ve etkili hale getiren bu kablosuz ara\u00e7 i\u00e7i s\u00fcp\u00fcrge, fonksiyonel \u00f6zellikleriyle hayat\u0131n\u0131z\u0131 kolayla\u015ft\u0131r\u0131yor. 2 in 1 fonksiyonlu yap\u0131s\u0131 sayesinde hem vakumlama hem de \u00fcfleme \u00f6zelli\u011fini bir arada sunuyor. 15.000 PA g\u00fc\u00e7l\u00fc emi\u015f kapasitesiyle en k\u00fc\u00e7\u00fck tozlardan inat\u00e7\u0131 kir ve k\u0131r\u0131nt\u0131lara kadar her \u015feyi kolayca temizler. \u00dc\u00e7 kademeli emi\u015f se\u00e7ene\u011fiyle kullan\u0131m alan\u0131na g\u00f6re ayarlama yapabilirsiniz. HEPA filtre sistemi tozlar\u0131 y\u00fcksek verimlilikle hapsederek temiz ve sa\u011fl\u0131kl\u0131 bir ortam olu\u015fturur. Y\u0131kanabilir filtre \u00f6zelli\u011fi sayesinde hijyenik kullan\u0131m ve uzun \u00f6m\u00fcrl\u00fc performans elde edersiniz. Geni\u015f toz haznesi kolayca bo\u015falt\u0131labilir ve temizlenebilir. Kompakt ve hafif yap\u0131s\u0131, ergonomik tutma kolu ile birle\u015ferek uzun s\u00fcreli kullan\u0131mda bile konfor sa\u011flar. Sessiz \u00e7al\u0131\u015fan motoru, her ortamda rahatl\u0131kla kullan\u0131m imk\u00e2n\u0131 tan\u0131r. Farkl\u0131 ba\u015fl\u0131k se\u00e7enekleri ile dar alanlardan hassas y\u00fczeylere kadar her k\u00f6\u015feyi derinlemesine temizlemeniz m\u00fcmk\u00fcn olur. Ara\u00e7 i\u00e7i detayl\u0131 temizlik i\u00e7in ideal olan bu s\u00fcp\u00fcrge, ayn\u0131 zamanda evinizde k\u00fc\u00e7\u00fck alanlarda da \u00e7ok y\u00f6nl\u00fc kullan\u0131m sa\u011flar. Fonksiyonel \u00f6zellikleri ve g\u00fc\u00e7l\u00fc performans\u0131yla her an yan\u0131n\u0131zda olacak pratik bir temizlik yard\u0131mc\u0131s\u0131d\u0131r. <\/p>\n<p><b>1 adet fiyat\u0131d\u0131r<\/b> <\/p>\n<p><p><b>\u00dcretici Markas\u0131 : ZERO LAND<\/b><\/p>\n<p><b>\u00dcretici Kodu : UCZZZPROARA\u00c7S\u00dcP\u00dcRGES\u01305<\/b><\/p>\n<p><b>1 ADET F\u0130YATIDIR<\/b><\/p>\n<\/h4>\n<p><\/p>\n","protected":false},"excerpt":{"rendered":"<p>ARA\u00c7 \u0130\u00c7\u0130 PRO S\u00dcP\u00dcRGE<\/p>\n","protected":false},"featured_media":15995,"comment_status":"open","ping_status":"closed","template":"","meta":[],"product_brand":[],"product_cat":[2241,379],"product_tag":[3278,1904,2484,3022],"class_list":{"0":"post-16000","1":"product","2":"type-product","3":"status-publish","4":"has-post-thumbnail","6":"product_cat-arac-ici-supurge-ev-ya-am","7":"product_cat-ev-yasam","8":"product_tag-arac","9":"product_tag-ici","10":"product_tag-pro","11":"product_tag-supurge","13":"first","14":"instock","15":"sale","16":"taxable","17":"shipping-taxable","18":"purchasable","19":"product-type-simple"},"_links":{"self":[{"href":"https:\/\/depodanmusteriye.com\/urunler\/wp-json\/wp\/v2\/product\/16000","targetHints":{"allow":["GET"]}}],"collection":[{"href":"https:\/\/depodanmusteriye.com\/urunler\/wp-json\/wp\/v2\/product"}],"about":[{"href":"https:\/\/depodanmusteriye.com\/urunler\/wp-json\/wp\/v2\/types\/product"}],"replies":[{"embeddable":true,"href":"https:\/\/depodanmusteriye.com\/urunler\/wp-json\/wp\/v2\/comments?post=16000"}],"version-history":[{"count":0,"href":"https:\/\/depodanmusteriye.com\/urunler\/wp-json\/wp\/v2\/product\/16000\/revisions"}],"wp:featuredmedia":[{"embeddable":true,"href":"https:\/\/depodanmusteriye.com\/urunler\/wp-json\/wp\/v2\/media\/15995"}],"wp:attachment":[{"href":"https:\/\/depodanmusteriye.com\/urunler\/wp-json\/wp\/v2\/media?parent=16000"}],"wp:term":[{"taxonomy":"product_brand","embeddable":true,"href":"https:\/\/depodanmusteriye.com\/urunler\/wp-json\/wp\/v2\/product_brand?post=16000"},{"taxonomy":"product_cat","embeddable":true,"href":"https:\/\/depodanmusteriye.com\/urunler\/wp-json\/wp\/v2\/product_cat?post=16000"},{"taxonomy":"product_tag","embeddable":true,"href":"https:\/\/depodanmusteriye.com\/urunler\/wp-json\/wp\/v2\/product_tag?post=16000"}],"curies":[{"name":"wp","href":"https:\/\/api.w.org\/{rel}","templated":true}]}}