{"id":15852,"date":"2025-12-02T22:48:31","date_gmt":"2025-12-02T22:48:31","guid":{"rendered":"https:\/\/b2b.depodanmusteriye.com\/urun\/65x140-karisik-sifon-sal-renkli\/"},"modified":"2025-12-03T18:46:27","modified_gmt":"2025-12-03T18:46:27","slug":"65x140-karisik-sifon-sal-renkli","status":"publish","type":"product","link":"https:\/\/depodanmusteriye.com\/urunler\/urun\/65x140-karisik-sifon-sal-renkli\/","title":{"rendered":"65X140 Kar\u0131\u015f\u0131k \u015eifon \u015eal-Renkli"},"content":{"rendered":"<h4>\n<p>65X140 Kar\u0131\u015f\u0131k \u015eifon \u015eal-Renkli<\/p>\n<p> 65X140 Kar\u0131\u015f\u0131k \u015eifon \u015eal <\/p>\n<p><b>1 adet fiyat\u0131d\u0131r<\/b> <\/p>\n<p><p><b>\u00dcretici Markas\u0131 : ZERO<\/b><\/p>\n<p><b>\u00dcretici Kodu : 11730798Renkli<\/b><\/p>\n<p><b>1 ADET F\u0130YATIDIR<\/b><\/p>\n<\/h4>\n<p><\/p>\n","protected":false},"excerpt":{"rendered":"<p>65X140 Kar\u0131\u015f\u0131k \u015eifon \u015eal-Renkli<\/p>\n","protected":false},"featured_media":15851,"comment_status":"open","ping_status":"closed","template":"","meta":[],"product_brand":[],"product_cat":[371,389],"product_tag":[3896,1555,2037,3070],"class_list":{"0":"post-15852","1":"product","2":"type-product","3":"status-publish","4":"has-post-thumbnail","6":"product_cat-bijuteri-hediyelik","7":"product_cat-al","8":"product_tag-65x140","9":"product_tag-karisik","10":"product_tag-sal-renkli","11":"product_tag-sifon","13":"first","14":"instock","15":"sale","16":"taxable","17":"shipping-taxable","18":"purchasable","19":"product-type-simple"},"_links":{"self":[{"href":"https:\/\/depodanmusteriye.com\/urunler\/wp-json\/wp\/v2\/product\/15852","targetHints":{"allow":["GET"]}}],"collection":[{"href":"https:\/\/depodanmusteriye.com\/urunler\/wp-json\/wp\/v2\/product"}],"about":[{"href":"https:\/\/depodanmusteriye.com\/urunler\/wp-json\/wp\/v2\/types\/product"}],"replies":[{"embeddable":true,"href":"https:\/\/depodanmusteriye.com\/urunler\/wp-json\/wp\/v2\/comments?post=15852"}],"version-history":[{"count":0,"href":"https:\/\/depodanmusteriye.com\/urunler\/wp-json\/wp\/v2\/product\/15852\/revisions"}],"wp:featuredmedia":[{"embeddable":true,"href":"https:\/\/depodanmusteriye.com\/urunler\/wp-json\/wp\/v2\/media\/15851"}],"wp:attachment":[{"href":"https:\/\/depodanmusteriye.com\/urunler\/wp-json\/wp\/v2\/media?parent=15852"}],"wp:term":[{"taxonomy":"product_brand","embeddable":true,"href":"https:\/\/depodanmusteriye.com\/urunler\/wp-json\/wp\/v2\/product_brand?post=15852"},{"taxonomy":"product_cat","embeddable":true,"href":"https:\/\/depodanmusteriye.com\/urunler\/wp-json\/wp\/v2\/product_cat?post=15852"},{"taxonomy":"product_tag","embeddable":true,"href":"https:\/\/depodanmusteriye.com\/urunler\/wp-json\/wp\/v2\/product_tag?post=15852"}],"curies":[{"name":"wp","href":"https:\/\/api.w.org\/{rel}","templated":true}]}}