{"id":157423,"date":"2025-12-12T14:44:16","date_gmt":"2025-12-12T14:44:16","guid":{"rendered":"https:\/\/b2b.depodanmusteriye.com\/urun\/23-nisan-19-mayis-turk-bayrakli-ve-ataturk-imzali-bandana-50x50-renkli\/"},"modified":"2025-12-12T14:44:16","modified_gmt":"2025-12-12T14:44:16","slug":"23-nisan-19-mayis-turk-bayrakli-ve-ataturk-imzali-bandana-50x50-renkli","status":"publish","type":"product","link":"https:\/\/depodanmusteriye.com\/urunler\/urun\/23-nisan-19-mayis-turk-bayrakli-ve-ataturk-imzali-bandana-50x50-renkli\/","title":{"rendered":"23 Nisan 19 May\u0131s T\u00fcrk Bayrakl\u0131 ve Atat\u00fcrk \u0130mzal\u0131 Bandana 50X50-Renkli"},"content":{"rendered":"<h4>\n<p>23 Nisan 19 May\u0131s T\u00fcrk Bayrakl\u0131 ve Atat\u00fcrk \u0130mzal\u0131 Bandana 50X50-Renkli<\/p>\n<p> 23 Nisan 19 May\u0131s T\u00fcrk Bayrakl\u0131 ve Atat\u00fcrk \u0130mzal\u0131 Bandana 50X50 <\/p>\n<p><b>1 adet fiyat\u0131d\u0131r<\/b> <\/p>\n<p><p><b>\u00dcretici Markas\u0131 : ZERO<\/b><\/p>\n<p><b>\u00dcretici Kodu : 11771098Renkli<\/b><\/p>\n<p><b>1 ADET F\u0130YATIDIR<\/b><\/p>\n<\/h4>\n<p><\/p>\n","protected":false},"excerpt":{"rendered":"<p>23 Nisan 19 May\u0131s T\u00fcrk Bayrakl\u0131 ve Atat\u00fcrk \u0130mzal\u0131 Bandana 50X50-Renkli<\/p>\n","protected":false},"featured_media":157422,"comment_status":"open","ping_status":"closed","template":"","meta":[],"product_brand":[],"product_cat":[371,389],"product_tag":[1334,4504,12247,8614,3877,12246,10319,8916,3756,4326,2104],"class_list":{"0":"post-157423","1":"product","2":"type-product","3":"status-publish","4":"has-post-thumbnail","6":"product_cat-bijuteri-hediyelik","7":"product_cat-al","8":"product_tag-1334","9":"product_tag-4504","10":"product_tag-50x50-renkli","11":"product_tag-ataturk","12":"product_tag-bandana","13":"product_tag-bayrakli","14":"product_tag-imzali","15":"product_tag-mayis","16":"product_tag-nisan","17":"product_tag-turk","18":"product_tag-ve","20":"first","21":"instock","22":"taxable","23":"shipping-taxable","24":"purchasable","25":"product-type-simple"},"_links":{"self":[{"href":"https:\/\/depodanmusteriye.com\/urunler\/wp-json\/wp\/v2\/product\/157423","targetHints":{"allow":["GET"]}}],"collection":[{"href":"https:\/\/depodanmusteriye.com\/urunler\/wp-json\/wp\/v2\/product"}],"about":[{"href":"https:\/\/depodanmusteriye.com\/urunler\/wp-json\/wp\/v2\/types\/product"}],"replies":[{"embeddable":true,"href":"https:\/\/depodanmusteriye.com\/urunler\/wp-json\/wp\/v2\/comments?post=157423"}],"version-history":[{"count":0,"href":"https:\/\/depodanmusteriye.com\/urunler\/wp-json\/wp\/v2\/product\/157423\/revisions"}],"wp:featuredmedia":[{"embeddable":true,"href":"https:\/\/depodanmusteriye.com\/urunler\/wp-json\/wp\/v2\/media\/157422"}],"wp:attachment":[{"href":"https:\/\/depodanmusteriye.com\/urunler\/wp-json\/wp\/v2\/media?parent=157423"}],"wp:term":[{"taxonomy":"product_brand","embeddable":true,"href":"https:\/\/depodanmusteriye.com\/urunler\/wp-json\/wp\/v2\/product_brand?post=157423"},{"taxonomy":"product_cat","embeddable":true,"href":"https:\/\/depodanmusteriye.com\/urunler\/wp-json\/wp\/v2\/product_cat?post=157423"},{"taxonomy":"product_tag","embeddable":true,"href":"https:\/\/depodanmusteriye.com\/urunler\/wp-json\/wp\/v2\/product_tag?post=157423"}],"curies":[{"name":"wp","href":"https:\/\/api.w.org\/{rel}","templated":true}]}}