{"id":156925,"date":"2025-12-12T14:16:33","date_gmt":"2025-12-12T14:16:33","guid":{"rendered":"https:\/\/b2b.depodanmusteriye.com\/urun\/rose-3-katli-kas-fari-2\/"},"modified":"2025-12-12T14:16:33","modified_gmt":"2025-12-12T14:16:33","slug":"rose-3-katli-kas-fari-2","status":"publish","type":"product","link":"https:\/\/depodanmusteriye.com\/urunler\/urun\/rose-3-katli-kas-fari-2\/","title":{"rendered":"Rose 3 Katl\u0131 Ka\u015f Far\u0131-2"},"content":{"rendered":"<h4>\n<p>Rose 3 Katl\u0131 Ka\u015f Far\u0131-2<\/p>\n<p> Rose 3 Katl\u0131 Ka\u015f Far\u0131 <\/p>\n<p><b>1 adet fiyat\u0131d\u0131r<\/b> <\/p>\n<p><p><b>\u00dcretici Markas\u0131 : ZERO<\/b><\/p>\n<p><b>\u00dcretici Kodu : 117677012<\/b><\/p>\n<p><b>1 ADET F\u0130YATIDIR<\/b><\/p>\n<\/h4>\n<p><\/p>\n","protected":false},"excerpt":{"rendered":"<p>Rose 3 Katl\u0131 Ka\u015f Far\u0131-2<\/p>\n","protected":false},"featured_media":156922,"comment_status":"open","ping_status":"closed","template":"","meta":[],"product_brand":[],"product_cat":[371,445],"product_tag":[1350,12188,2135,3763,2014],"class_list":{"0":"post-156925","1":"product","2":"type-product","3":"status-publish","4":"has-post-thumbnail","6":"product_cat-bijuteri-hediyelik","7":"product_cat-goz-fari","8":"product_tag-1350","9":"product_tag-fari-2","10":"product_tag-kas","11":"product_tag-katli","12":"product_tag-rose","14":"first","15":"instock","16":"taxable","17":"shipping-taxable","18":"purchasable","19":"product-type-simple"},"_links":{"self":[{"href":"https:\/\/depodanmusteriye.com\/urunler\/wp-json\/wp\/v2\/product\/156925","targetHints":{"allow":["GET"]}}],"collection":[{"href":"https:\/\/depodanmusteriye.com\/urunler\/wp-json\/wp\/v2\/product"}],"about":[{"href":"https:\/\/depodanmusteriye.com\/urunler\/wp-json\/wp\/v2\/types\/product"}],"replies":[{"embeddable":true,"href":"https:\/\/depodanmusteriye.com\/urunler\/wp-json\/wp\/v2\/comments?post=156925"}],"version-history":[{"count":0,"href":"https:\/\/depodanmusteriye.com\/urunler\/wp-json\/wp\/v2\/product\/156925\/revisions"}],"wp:featuredmedia":[{"embeddable":true,"href":"https:\/\/depodanmusteriye.com\/urunler\/wp-json\/wp\/v2\/media\/156922"}],"wp:attachment":[{"href":"https:\/\/depodanmusteriye.com\/urunler\/wp-json\/wp\/v2\/media?parent=156925"}],"wp:term":[{"taxonomy":"product_brand","embeddable":true,"href":"https:\/\/depodanmusteriye.com\/urunler\/wp-json\/wp\/v2\/product_brand?post=156925"},{"taxonomy":"product_cat","embeddable":true,"href":"https:\/\/depodanmusteriye.com\/urunler\/wp-json\/wp\/v2\/product_cat?post=156925"},{"taxonomy":"product_tag","embeddable":true,"href":"https:\/\/depodanmusteriye.com\/urunler\/wp-json\/wp\/v2\/product_tag?post=156925"}],"curies":[{"name":"wp","href":"https:\/\/api.w.org\/{rel}","templated":true}]}}