{"id":156917,"date":"2025-12-12T14:16:06","date_gmt":"2025-12-12T14:16:06","guid":{"rendered":"https:\/\/b2b.depodanmusteriye.com\/urun\/mujgan-terra-cotta-highlighter-acik-pembe\/"},"modified":"2025-12-12T14:16:06","modified_gmt":"2025-12-12T14:16:06","slug":"mujgan-terra-cotta-highlighter-acik-pembe","status":"publish","type":"product","link":"https:\/\/depodanmusteriye.com\/urunler\/urun\/mujgan-terra-cotta-highlighter-acik-pembe\/","title":{"rendered":"M\u00fcjgan Terra Cotta Highlighter-A\u00e7\u0131k Pembe"},"content":{"rendered":"<h4>\n<p>M\u00fcjgan Terra Cotta Highlighter-A\u00e7\u0131k Pembe<\/p>\n<p> M\u00fcjgan Terra Cotta Highlighter <\/p>\n<p><b>1 adet fiyat\u0131d\u0131r<\/b> <\/p>\n<p><p><b>\u00dcretici Markas\u0131 : ZERO<\/b><\/p>\n<p><b>\u00dcretici Kodu : 11767763A\u00e7\u0131kPembe<\/b><\/p>\n<p><b>1 ADET F\u0130YATIDIR<\/b><\/p>\n<\/h4>\n<p><\/p>\n","protected":false},"excerpt":{"rendered":"<p>M\u00fcjgan Terra Cotta Highlighter-A\u00e7\u0131k Pembe<\/p>\n","protected":false},"featured_media":156914,"comment_status":"open","ping_status":"closed","template":"","meta":[],"product_brand":[],"product_cat":[371,670],"product_tag":[12184,12186,2167,2166,1890],"class_list":{"0":"post-156917","1":"product","2":"type-product","3":"status-publish","4":"has-post-thumbnail","6":"product_cat-bijuteri-hediyelik","7":"product_cat-kapatici","8":"product_tag-cotta","9":"product_tag-highlighter-acik","10":"product_tag-mujgan","11":"product_tag-pembe","12":"product_tag-terra","14":"first","15":"instock","16":"taxable","17":"shipping-taxable","18":"purchasable","19":"product-type-simple"},"_links":{"self":[{"href":"https:\/\/depodanmusteriye.com\/urunler\/wp-json\/wp\/v2\/product\/156917","targetHints":{"allow":["GET"]}}],"collection":[{"href":"https:\/\/depodanmusteriye.com\/urunler\/wp-json\/wp\/v2\/product"}],"about":[{"href":"https:\/\/depodanmusteriye.com\/urunler\/wp-json\/wp\/v2\/types\/product"}],"replies":[{"embeddable":true,"href":"https:\/\/depodanmusteriye.com\/urunler\/wp-json\/wp\/v2\/comments?post=156917"}],"version-history":[{"count":0,"href":"https:\/\/depodanmusteriye.com\/urunler\/wp-json\/wp\/v2\/product\/156917\/revisions"}],"wp:featuredmedia":[{"embeddable":true,"href":"https:\/\/depodanmusteriye.com\/urunler\/wp-json\/wp\/v2\/media\/156914"}],"wp:attachment":[{"href":"https:\/\/depodanmusteriye.com\/urunler\/wp-json\/wp\/v2\/media?parent=156917"}],"wp:term":[{"taxonomy":"product_brand","embeddable":true,"href":"https:\/\/depodanmusteriye.com\/urunler\/wp-json\/wp\/v2\/product_brand?post=156917"},{"taxonomy":"product_cat","embeddable":true,"href":"https:\/\/depodanmusteriye.com\/urunler\/wp-json\/wp\/v2\/product_cat?post=156917"},{"taxonomy":"product_tag","embeddable":true,"href":"https:\/\/depodanmusteriye.com\/urunler\/wp-json\/wp\/v2\/product_tag?post=156917"}],"curies":[{"name":"wp","href":"https:\/\/api.w.org\/{rel}","templated":true}]}}