{"id":156869,"date":"2025-12-12T14:13:33","date_gmt":"2025-12-12T14:13:33","guid":{"rendered":"https:\/\/b2b.depodanmusteriye.com\/urun\/mujgan-matte-profosyonel-sungerli-likit-allik-2\/"},"modified":"2025-12-12T14:13:33","modified_gmt":"2025-12-12T14:13:33","slug":"mujgan-matte-profosyonel-sungerli-likit-allik-2","status":"publish","type":"product","link":"https:\/\/depodanmusteriye.com\/urunler\/urun\/mujgan-matte-profosyonel-sungerli-likit-allik-2\/","title":{"rendered":"M\u00fcjgan Matte Profosyonel S\u00fcngerli Likit All\u0131k-2"},"content":{"rendered":"<h4>\n<p>M\u00fcjgan Matte Profosyonel S\u00fcngerli Likit All\u0131k-2<\/p>\n<p> M\u00fcjgan Matte Profosyonel S\u00fcngerli Likit All\u0131k <\/p>\n<p><b>1 adet fiyat\u0131d\u0131r<\/b> <\/p>\n<p><p><b>\u00dcretici Markas\u0131 : ZERO<\/b><\/p>\n<p><b>\u00dcretici Kodu : 117679852<\/b><\/p>\n<p><b>1 ADET F\u0130YATIDIR<\/b><\/p>\n<\/h4>\n<p><\/p>\n","protected":false},"excerpt":{"rendered":"<p>M\u00fcjgan Matte Profosyonel S\u00fcngerli Likit All\u0131k-2<\/p>\n","protected":false},"featured_media":156866,"comment_status":"open","ping_status":"closed","template":"","meta":[],"product_brand":[],"product_cat":[449,371],"product_tag":[12177,12172,3659,2167,12174,5078],"class_list":{"0":"post-156869","1":"product","2":"type-product","3":"status-publish","4":"has-post-thumbnail","6":"product_cat-allik","7":"product_cat-bijuteri-hediyelik","8":"product_tag-allik-2","9":"product_tag-likit","10":"product_tag-matte","11":"product_tag-mujgan","12":"product_tag-profosyonel","13":"product_tag-sungerli","15":"first","16":"instock","17":"taxable","18":"shipping-taxable","19":"purchasable","20":"product-type-simple"},"_links":{"self":[{"href":"https:\/\/depodanmusteriye.com\/urunler\/wp-json\/wp\/v2\/product\/156869","targetHints":{"allow":["GET"]}}],"collection":[{"href":"https:\/\/depodanmusteriye.com\/urunler\/wp-json\/wp\/v2\/product"}],"about":[{"href":"https:\/\/depodanmusteriye.com\/urunler\/wp-json\/wp\/v2\/types\/product"}],"replies":[{"embeddable":true,"href":"https:\/\/depodanmusteriye.com\/urunler\/wp-json\/wp\/v2\/comments?post=156869"}],"version-history":[{"count":0,"href":"https:\/\/depodanmusteriye.com\/urunler\/wp-json\/wp\/v2\/product\/156869\/revisions"}],"wp:featuredmedia":[{"embeddable":true,"href":"https:\/\/depodanmusteriye.com\/urunler\/wp-json\/wp\/v2\/media\/156866"}],"wp:attachment":[{"href":"https:\/\/depodanmusteriye.com\/urunler\/wp-json\/wp\/v2\/media?parent=156869"}],"wp:term":[{"taxonomy":"product_brand","embeddable":true,"href":"https:\/\/depodanmusteriye.com\/urunler\/wp-json\/wp\/v2\/product_brand?post=156869"},{"taxonomy":"product_cat","embeddable":true,"href":"https:\/\/depodanmusteriye.com\/urunler\/wp-json\/wp\/v2\/product_cat?post=156869"},{"taxonomy":"product_tag","embeddable":true,"href":"https:\/\/depodanmusteriye.com\/urunler\/wp-json\/wp\/v2\/product_tag?post=156869"}],"curies":[{"name":"wp","href":"https:\/\/api.w.org\/{rel}","templated":true}]}}