{"id":156695,"date":"2025-12-12T14:04:01","date_gmt":"2025-12-12T14:04:01","guid":{"rendered":"https:\/\/b2b.depodanmusteriye.com\/urun\/karisik-renkli-torpu-4-adet-renkli\/"},"modified":"2025-12-12T14:04:01","modified_gmt":"2025-12-12T14:04:01","slug":"karisik-renkli-torpu-4-adet-renkli","status":"publish","type":"product","link":"https:\/\/depodanmusteriye.com\/urunler\/urun\/karisik-renkli-torpu-4-adet-renkli\/","title":{"rendered":"Kar\u0131\u015f\u0131k Renkli T\u00f6rp\u00fc 4 Adet-Renkli"},"content":{"rendered":"<h4>\n<p>Kar\u0131\u015f\u0131k Renkli T\u00f6rp\u00fc 4 Adet-Renkli<\/p>\n<p> Kar\u0131\u015f\u0131k Renkli T\u00f6rp\u00fc 4 Adet <\/p>\n<p><b>1 adet fiyat\u0131d\u0131r<\/b> <\/p>\n<p><p><b>\u00dcretici Markas\u0131 : ZERO<\/b><\/p>\n<p><b>\u00dcretici Kodu : 11766056Renkli<\/b><\/p>\n<p><b>1 ADET F\u0130YATIDIR<\/b><\/p>\n<\/h4>\n<p><\/p>\n","protected":false},"excerpt":{"rendered":"<p>Kar\u0131\u015f\u0131k Renkli T\u00f6rp\u00fc 4 Adet-Renkli<\/p>\n","protected":false},"featured_media":156694,"comment_status":"open","ping_status":"closed","template":"","meta":[],"product_brand":[],"product_cat":[955,371],"product_tag":[1058,2155,1555,1556,12130],"class_list":{"0":"post-156695","1":"product","2":"type-product","3":"status-publish","4":"has-post-thumbnail","6":"product_cat-ayak-torpusu","7":"product_cat-bijuteri-hediyelik","8":"product_tag-1058","9":"product_tag-adet-renkli","10":"product_tag-karisik","11":"product_tag-renkli","12":"product_tag-torpu","14":"first","15":"instock","16":"taxable","17":"shipping-taxable","18":"purchasable","19":"product-type-simple"},"_links":{"self":[{"href":"https:\/\/depodanmusteriye.com\/urunler\/wp-json\/wp\/v2\/product\/156695","targetHints":{"allow":["GET"]}}],"collection":[{"href":"https:\/\/depodanmusteriye.com\/urunler\/wp-json\/wp\/v2\/product"}],"about":[{"href":"https:\/\/depodanmusteriye.com\/urunler\/wp-json\/wp\/v2\/types\/product"}],"replies":[{"embeddable":true,"href":"https:\/\/depodanmusteriye.com\/urunler\/wp-json\/wp\/v2\/comments?post=156695"}],"version-history":[{"count":0,"href":"https:\/\/depodanmusteriye.com\/urunler\/wp-json\/wp\/v2\/product\/156695\/revisions"}],"wp:featuredmedia":[{"embeddable":true,"href":"https:\/\/depodanmusteriye.com\/urunler\/wp-json\/wp\/v2\/media\/156694"}],"wp:attachment":[{"href":"https:\/\/depodanmusteriye.com\/urunler\/wp-json\/wp\/v2\/media?parent=156695"}],"wp:term":[{"taxonomy":"product_brand","embeddable":true,"href":"https:\/\/depodanmusteriye.com\/urunler\/wp-json\/wp\/v2\/product_brand?post=156695"},{"taxonomy":"product_cat","embeddable":true,"href":"https:\/\/depodanmusteriye.com\/urunler\/wp-json\/wp\/v2\/product_cat?post=156695"},{"taxonomy":"product_tag","embeddable":true,"href":"https:\/\/depodanmusteriye.com\/urunler\/wp-json\/wp\/v2\/product_tag?post=156695"}],"curies":[{"name":"wp","href":"https:\/\/api.w.org\/{rel}","templated":true}]}}