{"id":156682,"date":"2025-12-12T14:03:23","date_gmt":"2025-12-12T14:03:23","guid":{"rendered":"https:\/\/b2b.depodanmusteriye.com\/urun\/stamper-oje-kaziyici-aparati-seffaf\/"},"modified":"2025-12-12T14:03:23","modified_gmt":"2025-12-12T14:03:23","slug":"stamper-oje-kaziyici-aparati-seffaf","status":"publish","type":"product","link":"https:\/\/depodanmusteriye.com\/urunler\/urun\/stamper-oje-kaziyici-aparati-seffaf\/","title":{"rendered":"Stamper Oje Kaz\u0131y\u0131c\u0131 Aparat\u0131-\u015eeffaf"},"content":{"rendered":"<h4>\n<p>Stamper Oje Kaz\u0131y\u0131c\u0131 Aparat\u0131-\u015eeffaf<\/p>\n<p> Stamper Oje Kaz\u0131y\u0131c\u0131 Aparat\u0131 <\/p>\n<p><b>1 adet fiyat\u0131d\u0131r<\/b> <\/p>\n<p><p><b>\u00dcretici Markas\u0131 : ZERO<\/b><\/p>\n<p><b>\u00dcretici Kodu : 11766223\u015eeffaf<\/b><\/p>\n<p><b>1 ADET F\u0130YATIDIR<\/b><\/p>\n<\/h4>\n<p><\/p>\n","protected":false},"excerpt":{"rendered":"<p>Stamper Oje Kaz\u0131y\u0131c\u0131 Aparat\u0131-\u015eeffaf<\/p>\n","protected":false},"featured_media":156680,"comment_status":"open","ping_status":"closed","template":"","meta":[],"product_brand":[],"product_cat":[371,438],"product_tag":[10277,5649,2131,12129],"class_list":{"0":"post-156682","1":"product","2":"type-product","3":"status-publish","4":"has-post-thumbnail","6":"product_cat-bijuteri-hediyelik","7":"product_cat-takma-tirnak-and-aksesuari","8":"product_tag-aparati-seffaf","9":"product_tag-kaziyici","10":"product_tag-oje","11":"product_tag-stamper","13":"first","14":"instock","15":"taxable","16":"shipping-taxable","17":"purchasable","18":"product-type-simple"},"_links":{"self":[{"href":"https:\/\/depodanmusteriye.com\/urunler\/wp-json\/wp\/v2\/product\/156682","targetHints":{"allow":["GET"]}}],"collection":[{"href":"https:\/\/depodanmusteriye.com\/urunler\/wp-json\/wp\/v2\/product"}],"about":[{"href":"https:\/\/depodanmusteriye.com\/urunler\/wp-json\/wp\/v2\/types\/product"}],"replies":[{"embeddable":true,"href":"https:\/\/depodanmusteriye.com\/urunler\/wp-json\/wp\/v2\/comments?post=156682"}],"version-history":[{"count":0,"href":"https:\/\/depodanmusteriye.com\/urunler\/wp-json\/wp\/v2\/product\/156682\/revisions"}],"wp:featuredmedia":[{"embeddable":true,"href":"https:\/\/depodanmusteriye.com\/urunler\/wp-json\/wp\/v2\/media\/156680"}],"wp:attachment":[{"href":"https:\/\/depodanmusteriye.com\/urunler\/wp-json\/wp\/v2\/media?parent=156682"}],"wp:term":[{"taxonomy":"product_brand","embeddable":true,"href":"https:\/\/depodanmusteriye.com\/urunler\/wp-json\/wp\/v2\/product_brand?post=156682"},{"taxonomy":"product_cat","embeddable":true,"href":"https:\/\/depodanmusteriye.com\/urunler\/wp-json\/wp\/v2\/product_cat?post=156682"},{"taxonomy":"product_tag","embeddable":true,"href":"https:\/\/depodanmusteriye.com\/urunler\/wp-json\/wp\/v2\/product_tag?post=156682"}],"curies":[{"name":"wp","href":"https:\/\/api.w.org\/{rel}","templated":true}]}}