{"id":156584,"date":"2025-12-12T13:58:08","date_gmt":"2025-12-12T13:58:08","guid":{"rendered":"https:\/\/b2b.depodanmusteriye.com\/urun\/4-mm-cavus-hematit-tasi-antrasit\/"},"modified":"2025-12-12T13:58:08","modified_gmt":"2025-12-12T13:58:08","slug":"4-mm-cavus-hematit-tasi-antrasit","status":"publish","type":"product","link":"https:\/\/depodanmusteriye.com\/urunler\/urun\/4-mm-cavus-hematit-tasi-antrasit\/","title":{"rendered":"4 mm \u00c7avu\u015f Hematit Ta\u015f\u0131-Antrasit"},"content":{"rendered":"<h4>\n<p>4 mm \u00c7avu\u015f Hematit Ta\u015f\u0131-Antrasit<\/p>\n<p> 4 mm \u00c7avu\u015f Hematit Ta\u015f\u0131 <\/p>\n<p><b>1 adet fiyat\u0131d\u0131r<\/b> <\/p>\n<p><p><b>\u00dcretici Markas\u0131 : ZERO<\/b><\/p>\n<p><b>\u00dcretici Kodu : 11588535Antrasit<\/b><\/p>\n<p><b>1 ADET F\u0130YATIDIR<\/b><\/p>\n<\/h4>\n<p><\/p>\n","protected":false},"excerpt":{"rendered":"<p>4 mm \u00c7avu\u015f Hematit Ta\u015f\u0131-Antrasit<\/p>\n","protected":false},"featured_media":156580,"comment_status":"open","ping_status":"closed","template":"","meta":[],"product_brand":[],"product_cat":[371,498],"product_tag":[1058,3787,3777,2098,12111],"class_list":{"0":"post-156584","1":"product","2":"type-product","3":"status-publish","4":"has-post-thumbnail","6":"product_cat-bijuteri-hediyelik","7":"product_cat-bijuteri-kolye","8":"product_tag-1058","9":"product_tag-cavus","10":"product_tag-hematit","11":"product_tag-mm","12":"product_tag-tasi-antrasit","14":"first","15":"instock","16":"taxable","17":"shipping-taxable","18":"purchasable","19":"product-type-simple"},"_links":{"self":[{"href":"https:\/\/depodanmusteriye.com\/urunler\/wp-json\/wp\/v2\/product\/156584","targetHints":{"allow":["GET"]}}],"collection":[{"href":"https:\/\/depodanmusteriye.com\/urunler\/wp-json\/wp\/v2\/product"}],"about":[{"href":"https:\/\/depodanmusteriye.com\/urunler\/wp-json\/wp\/v2\/types\/product"}],"replies":[{"embeddable":true,"href":"https:\/\/depodanmusteriye.com\/urunler\/wp-json\/wp\/v2\/comments?post=156584"}],"version-history":[{"count":0,"href":"https:\/\/depodanmusteriye.com\/urunler\/wp-json\/wp\/v2\/product\/156584\/revisions"}],"wp:featuredmedia":[{"embeddable":true,"href":"https:\/\/depodanmusteriye.com\/urunler\/wp-json\/wp\/v2\/media\/156580"}],"wp:attachment":[{"href":"https:\/\/depodanmusteriye.com\/urunler\/wp-json\/wp\/v2\/media?parent=156584"}],"wp:term":[{"taxonomy":"product_brand","embeddable":true,"href":"https:\/\/depodanmusteriye.com\/urunler\/wp-json\/wp\/v2\/product_brand?post=156584"},{"taxonomy":"product_cat","embeddable":true,"href":"https:\/\/depodanmusteriye.com\/urunler\/wp-json\/wp\/v2\/product_cat?post=156584"},{"taxonomy":"product_tag","embeddable":true,"href":"https:\/\/depodanmusteriye.com\/urunler\/wp-json\/wp\/v2\/product_tag?post=156584"}],"curies":[{"name":"wp","href":"https:\/\/api.w.org\/{rel}","templated":true}]}}