{"id":156352,"date":"2025-12-12T13:44:41","date_gmt":"2025-12-12T13:44:41","guid":{"rendered":"https:\/\/b2b.depodanmusteriye.com\/urun\/tragus-zirkon-tasli-piercing-1-adet-sari\/"},"modified":"2025-12-12T13:44:41","modified_gmt":"2025-12-12T13:44:41","slug":"tragus-zirkon-tasli-piercing-1-adet-sari","status":"publish","type":"product","link":"https:\/\/depodanmusteriye.com\/urunler\/urun\/tragus-zirkon-tasli-piercing-1-adet-sari\/","title":{"rendered":"Tragus Zirkon Ta\u015fl\u0131  Piercing 1 Adet-Sar\u0131"},"content":{"rendered":"<h4>\n<p>Tragus Zirkon Ta\u015fl\u0131  Piercing 1 Adet-Sar\u0131<\/p>\n<p> Kar\u0131\u015f\u0131k Zirkon Ta\u015fl\u0131Piercing 1 Adet <\/p>\n<p><b>1 adet fiyat\u0131d\u0131r<\/b> <\/p>\n<p><p><b>\u00dcretici Markas\u0131 : ZERO<\/b><\/p>\n<p><b>\u00dcretici Kodu : 11763734Sar\u0131<\/b><\/p>\n<p><b>1 ADET F\u0130YATIDIR<\/b><\/p>\n<\/h4>\n<p><\/p>\n","protected":false},"excerpt":{"rendered":"<p>Tragus Zirkon Ta\u015fl\u0131  Piercing 1 Adet-Sar\u0131<\/p>\n","protected":false},"featured_media":156349,"comment_status":"open","ping_status":"closed","template":"","meta":[],"product_brand":[],"product_cat":[371,764],"product_tag":[1056,10584,2100,2030,12091,3799],"class_list":{"0":"post-156352","1":"product","2":"type-product","3":"status-publish","4":"has-post-thumbnail","6":"product_cat-bijuteri-hediyelik","7":"product_cat-piercing","8":"product_tag-1056","9":"product_tag-adet-sari","10":"product_tag-piercing","11":"product_tag-tasli","12":"product_tag-tragus","13":"product_tag-zirkon","15":"first","16":"instock","17":"taxable","18":"shipping-taxable","19":"purchasable","20":"product-type-simple"},"_links":{"self":[{"href":"https:\/\/depodanmusteriye.com\/urunler\/wp-json\/wp\/v2\/product\/156352","targetHints":{"allow":["GET"]}}],"collection":[{"href":"https:\/\/depodanmusteriye.com\/urunler\/wp-json\/wp\/v2\/product"}],"about":[{"href":"https:\/\/depodanmusteriye.com\/urunler\/wp-json\/wp\/v2\/types\/product"}],"replies":[{"embeddable":true,"href":"https:\/\/depodanmusteriye.com\/urunler\/wp-json\/wp\/v2\/comments?post=156352"}],"version-history":[{"count":0,"href":"https:\/\/depodanmusteriye.com\/urunler\/wp-json\/wp\/v2\/product\/156352\/revisions"}],"wp:featuredmedia":[{"embeddable":true,"href":"https:\/\/depodanmusteriye.com\/urunler\/wp-json\/wp\/v2\/media\/156349"}],"wp:attachment":[{"href":"https:\/\/depodanmusteriye.com\/urunler\/wp-json\/wp\/v2\/media?parent=156352"}],"wp:term":[{"taxonomy":"product_brand","embeddable":true,"href":"https:\/\/depodanmusteriye.com\/urunler\/wp-json\/wp\/v2\/product_brand?post=156352"},{"taxonomy":"product_cat","embeddable":true,"href":"https:\/\/depodanmusteriye.com\/urunler\/wp-json\/wp\/v2\/product_cat?post=156352"},{"taxonomy":"product_tag","embeddable":true,"href":"https:\/\/depodanmusteriye.com\/urunler\/wp-json\/wp\/v2\/product_tag?post=156352"}],"curies":[{"name":"wp","href":"https:\/\/api.w.org\/{rel}","templated":true}]}}