{"id":156348,"date":"2025-12-12T13:44:30","date_gmt":"2025-12-12T13:44:30","guid":{"rendered":"https:\/\/b2b.depodanmusteriye.com\/urun\/tragus-zirkon-tasli-piercing-1-adet-gumus-rengi\/"},"modified":"2025-12-12T13:44:30","modified_gmt":"2025-12-12T13:44:30","slug":"tragus-zirkon-tasli-piercing-1-adet-gumus-rengi","status":"publish","type":"product","link":"https:\/\/depodanmusteriye.com\/urunler\/urun\/tragus-zirkon-tasli-piercing-1-adet-gumus-rengi\/","title":{"rendered":"Tragus Zirkon Ta\u015fl\u0131  Piercing 1 Adet-G\u00fcm\u00fc\u015f Rengi"},"content":{"rendered":"<h4>\n<p>Tragus Zirkon Ta\u015fl\u0131  Piercing 1 Adet-G\u00fcm\u00fc\u015f Rengi<\/p>\n<p> Kar\u0131\u015f\u0131k Zirkon Ta\u015fl\u0131Piercing 1 Adet <\/p>\n<p><b>1 adet fiyat\u0131d\u0131r<\/b> <\/p>\n<p><p><b>\u00dcretici Markas\u0131 : ZERO<\/b><\/p>\n<p><b>\u00dcretici Kodu : 11763727G\u00fcm\u00fc\u015f<\/b><\/p>\n<p><b>1 ADET F\u0130YATIDIR<\/b><\/p>\n<\/h4>\n<p><\/p>\n","protected":false},"excerpt":{"rendered":"<p>Tragus Zirkon Ta\u015fl\u0131  Piercing 1 Adet-G\u00fcm\u00fc\u015f Rengi<\/p>\n","protected":false},"featured_media":156345,"comment_status":"open","ping_status":"closed","template":"","meta":[],"product_brand":[],"product_cat":[371,764],"product_tag":[1056,10653,2100,2085,2030,12091,3799],"class_list":{"0":"post-156348","1":"product","2":"type-product","3":"status-publish","4":"has-post-thumbnail","6":"product_cat-bijuteri-hediyelik","7":"product_cat-piercing","8":"product_tag-1056","9":"product_tag-adet-gumus","10":"product_tag-piercing","11":"product_tag-rengi","12":"product_tag-tasli","13":"product_tag-tragus","14":"product_tag-zirkon","16":"first","17":"instock","18":"taxable","19":"shipping-taxable","20":"purchasable","21":"product-type-simple"},"_links":{"self":[{"href":"https:\/\/depodanmusteriye.com\/urunler\/wp-json\/wp\/v2\/product\/156348","targetHints":{"allow":["GET"]}}],"collection":[{"href":"https:\/\/depodanmusteriye.com\/urunler\/wp-json\/wp\/v2\/product"}],"about":[{"href":"https:\/\/depodanmusteriye.com\/urunler\/wp-json\/wp\/v2\/types\/product"}],"replies":[{"embeddable":true,"href":"https:\/\/depodanmusteriye.com\/urunler\/wp-json\/wp\/v2\/comments?post=156348"}],"version-history":[{"count":0,"href":"https:\/\/depodanmusteriye.com\/urunler\/wp-json\/wp\/v2\/product\/156348\/revisions"}],"wp:featuredmedia":[{"embeddable":true,"href":"https:\/\/depodanmusteriye.com\/urunler\/wp-json\/wp\/v2\/media\/156345"}],"wp:attachment":[{"href":"https:\/\/depodanmusteriye.com\/urunler\/wp-json\/wp\/v2\/media?parent=156348"}],"wp:term":[{"taxonomy":"product_brand","embeddable":true,"href":"https:\/\/depodanmusteriye.com\/urunler\/wp-json\/wp\/v2\/product_brand?post=156348"},{"taxonomy":"product_cat","embeddable":true,"href":"https:\/\/depodanmusteriye.com\/urunler\/wp-json\/wp\/v2\/product_cat?post=156348"},{"taxonomy":"product_tag","embeddable":true,"href":"https:\/\/depodanmusteriye.com\/urunler\/wp-json\/wp\/v2\/product_tag?post=156348"}],"curies":[{"name":"wp","href":"https:\/\/api.w.org\/{rel}","templated":true}]}}