{"id":156236,"date":"2025-12-12T13:38:33","date_gmt":"2025-12-12T13:38:33","guid":{"rendered":"https:\/\/b2b.depodanmusteriye.com\/urun\/kartlik-deri-cuzdan-yavruagzi\/"},"modified":"2025-12-12T13:38:33","modified_gmt":"2025-12-12T13:38:33","slug":"kartlik-deri-cuzdan-yavruagzi","status":"publish","type":"product","link":"https:\/\/depodanmusteriye.com\/urunler\/urun\/kartlik-deri-cuzdan-yavruagzi\/","title":{"rendered":"Kartl\u0131k Deri C\u00fczdan-Yavrua\u011fz\u0131"},"content":{"rendered":"<h4>\n<p>Kartl\u0131k Deri C\u00fczdan-Yavrua\u011fz\u0131<\/p>\n<p> Kartl\u0131k Deri C\u00fczdan <\/p>\n<p><b>1 adet fiyat\u0131d\u0131r<\/b> <\/p>\n<p><p><b>\u00dcretici Markas\u0131 : ZERO<\/b><\/p>\n<p><b>\u00dcretici Kodu : 11763000Yavrua\u011fz\u0131<\/b><\/p>\n<p><b>1 ADET F\u0130YATIDIR<\/b><\/p>\n<\/h4>\n<p><\/p>\n","protected":false},"excerpt":{"rendered":"<p>Kartl\u0131k Deri C\u00fczdan-Yavrua\u011fz\u0131<\/p>\n","protected":false},"featured_media":156235,"comment_status":"open","ping_status":"closed","template":"","meta":[],"product_brand":[],"product_cat":[371,620],"product_tag":[12081,1517,12077],"class_list":{"0":"post-156236","1":"product","2":"type-product","3":"status-publish","4":"has-post-thumbnail","6":"product_cat-bijuteri-hediyelik","7":"product_cat-cuzdan","8":"product_tag-cuzdan-yavruagzi","9":"product_tag-deri","10":"product_tag-kartlik","12":"first","13":"instock","14":"taxable","15":"shipping-taxable","16":"purchasable","17":"product-type-simple"},"_links":{"self":[{"href":"https:\/\/depodanmusteriye.com\/urunler\/wp-json\/wp\/v2\/product\/156236","targetHints":{"allow":["GET"]}}],"collection":[{"href":"https:\/\/depodanmusteriye.com\/urunler\/wp-json\/wp\/v2\/product"}],"about":[{"href":"https:\/\/depodanmusteriye.com\/urunler\/wp-json\/wp\/v2\/types\/product"}],"replies":[{"embeddable":true,"href":"https:\/\/depodanmusteriye.com\/urunler\/wp-json\/wp\/v2\/comments?post=156236"}],"version-history":[{"count":0,"href":"https:\/\/depodanmusteriye.com\/urunler\/wp-json\/wp\/v2\/product\/156236\/revisions"}],"wp:featuredmedia":[{"embeddable":true,"href":"https:\/\/depodanmusteriye.com\/urunler\/wp-json\/wp\/v2\/media\/156235"}],"wp:attachment":[{"href":"https:\/\/depodanmusteriye.com\/urunler\/wp-json\/wp\/v2\/media?parent=156236"}],"wp:term":[{"taxonomy":"product_brand","embeddable":true,"href":"https:\/\/depodanmusteriye.com\/urunler\/wp-json\/wp\/v2\/product_brand?post=156236"},{"taxonomy":"product_cat","embeddable":true,"href":"https:\/\/depodanmusteriye.com\/urunler\/wp-json\/wp\/v2\/product_cat?post=156236"},{"taxonomy":"product_tag","embeddable":true,"href":"https:\/\/depodanmusteriye.com\/urunler\/wp-json\/wp\/v2\/product_tag?post=156236"}],"curies":[{"name":"wp","href":"https:\/\/api.w.org\/{rel}","templated":true}]}}