{"id":154360,"date":"2025-12-12T12:01:56","date_gmt":"2025-12-12T12:01:56","guid":{"rendered":"https:\/\/b2b.depodanmusteriye.com\/urun\/10-dis-duz-metal-tarak-1-adet-gumus-rengi\/"},"modified":"2025-12-12T12:01:56","modified_gmt":"2025-12-12T12:01:56","slug":"10-dis-duz-metal-tarak-1-adet-gumus-rengi","status":"publish","type":"product","link":"https:\/\/depodanmusteriye.com\/urunler\/urun\/10-dis-duz-metal-tarak-1-adet-gumus-rengi\/","title":{"rendered":"10 Di\u015f D\u00fcz Metal Tarak 1 Adet-G\u00fcm\u00fc\u015f Rengi"},"content":{"rendered":"<h4>\n<p>10 Di\u015f D\u00fcz Metal Tarak 1 Adet-G\u00fcm\u00fc\u015f Rengi<\/p>\n<p> 10 Di\u015f D\u00fcz Metal Tarak 1 Adet <\/p>\n<p><b>1 adet fiyat\u0131d\u0131r<\/b> <\/p>\n<p><p><b>\u00dcretici Markas\u0131 : ZERO<\/b><\/p>\n<p><b>\u00dcretici Kodu : 11729686G\u00fcm\u00fc\u015f<\/b><\/p>\n<p><b>1 ADET F\u0130YATIDIR<\/b><\/p>\n<\/h4>\n<p><\/p>\n","protected":false},"excerpt":{"rendered":"<p>10 Di\u015f D\u00fcz Metal Tarak 1 Adet-G\u00fcm\u00fc\u015f Rengi<\/p>\n","protected":false},"featured_media":154359,"comment_status":"open","ping_status":"closed","template":"","meta":[],"product_brand":[],"product_cat":[371,501],"product_tag":[1056,10653,2313,2146,1875,2085,1559],"class_list":{"0":"post-154360","1":"product","2":"type-product","3":"status-publish","4":"has-post-thumbnail","6":"product_cat-bijuteri-hediyelik","7":"product_cat-bijuteri-set","8":"product_tag-1056","9":"product_tag-adet-gumus","10":"product_tag-dis","11":"product_tag-duz","12":"product_tag-metal","13":"product_tag-rengi","14":"product_tag-tarak","16":"first","17":"instock","18":"taxable","19":"shipping-taxable","20":"purchasable","21":"product-type-simple"},"_links":{"self":[{"href":"https:\/\/depodanmusteriye.com\/urunler\/wp-json\/wp\/v2\/product\/154360","targetHints":{"allow":["GET"]}}],"collection":[{"href":"https:\/\/depodanmusteriye.com\/urunler\/wp-json\/wp\/v2\/product"}],"about":[{"href":"https:\/\/depodanmusteriye.com\/urunler\/wp-json\/wp\/v2\/types\/product"}],"replies":[{"embeddable":true,"href":"https:\/\/depodanmusteriye.com\/urunler\/wp-json\/wp\/v2\/comments?post=154360"}],"version-history":[{"count":0,"href":"https:\/\/depodanmusteriye.com\/urunler\/wp-json\/wp\/v2\/product\/154360\/revisions"}],"wp:featuredmedia":[{"embeddable":true,"href":"https:\/\/depodanmusteriye.com\/urunler\/wp-json\/wp\/v2\/media\/154359"}],"wp:attachment":[{"href":"https:\/\/depodanmusteriye.com\/urunler\/wp-json\/wp\/v2\/media?parent=154360"}],"wp:term":[{"taxonomy":"product_brand","embeddable":true,"href":"https:\/\/depodanmusteriye.com\/urunler\/wp-json\/wp\/v2\/product_brand?post=154360"},{"taxonomy":"product_cat","embeddable":true,"href":"https:\/\/depodanmusteriye.com\/urunler\/wp-json\/wp\/v2\/product_cat?post=154360"},{"taxonomy":"product_tag","embeddable":true,"href":"https:\/\/depodanmusteriye.com\/urunler\/wp-json\/wp\/v2\/product_tag?post=154360"}],"curies":[{"name":"wp","href":"https:\/\/api.w.org\/{rel}","templated":true}]}}