{"id":153891,"date":"2025-12-12T11:38:01","date_gmt":"2025-12-12T11:38:01","guid":{"rendered":"https:\/\/b2b.depodanmusteriye.com\/urun\/04-mm-yuvarlak-ara-aparat-20-adet-gumus-rengi\/"},"modified":"2025-12-12T11:38:01","modified_gmt":"2025-12-12T11:38:01","slug":"04-mm-yuvarlak-ara-aparat-20-adet-gumus-rengi","status":"publish","type":"product","link":"https:\/\/depodanmusteriye.com\/urunler\/urun\/04-mm-yuvarlak-ara-aparat-20-adet-gumus-rengi\/","title":{"rendered":"0,4 mm Yuvarlak Ara Aparat 20 Adet-G\u00fcm\u00fc\u015f Rengi"},"content":{"rendered":"<h4>\n<p>0,4 mm Yuvarlak Ara Aparat 20 Adet-G\u00fcm\u00fc\u015f Rengi<\/p>\n<p> 0,4 mm Yuvarlak Ara Aparat 20 Adet <\/p>\n<p><b>1 adet fiyat\u0131d\u0131r<\/b> <\/p>\n<p><p><b>\u00dcretici Markas\u0131 : ZERO<\/b><\/p>\n<p><b>\u00dcretici Kodu : 11722939G\u00fcm\u00fc\u015f<\/b><\/p>\n<p><b>1 ADET F\u0130YATIDIR<\/b><\/p>\n<\/h4>\n<p><\/p>\n","protected":false},"excerpt":{"rendered":"<p>0,4 mm Yuvarlak Ara Aparat 20 Adet-G\u00fcm\u00fc\u015f Rengi<\/p>\n","protected":false},"featured_media":153889,"comment_status":"open","ping_status":"closed","template":"","meta":[],"product_brand":[],"product_cat":[371,501],"product_tag":[1058,10653,4356,2065,2098,2085,2369],"class_list":{"0":"post-153891","1":"product","2":"type-product","3":"status-publish","4":"has-post-thumbnail","6":"product_cat-bijuteri-hediyelik","7":"product_cat-bijuteri-set","8":"product_tag-1058","9":"product_tag-adet-gumus","10":"product_tag-aparat","11":"product_tag-ara","12":"product_tag-mm","13":"product_tag-rengi","14":"product_tag-yuvarlak","16":"first","17":"instock","18":"taxable","19":"shipping-taxable","20":"purchasable","21":"product-type-simple"},"_links":{"self":[{"href":"https:\/\/depodanmusteriye.com\/urunler\/wp-json\/wp\/v2\/product\/153891","targetHints":{"allow":["GET"]}}],"collection":[{"href":"https:\/\/depodanmusteriye.com\/urunler\/wp-json\/wp\/v2\/product"}],"about":[{"href":"https:\/\/depodanmusteriye.com\/urunler\/wp-json\/wp\/v2\/types\/product"}],"replies":[{"embeddable":true,"href":"https:\/\/depodanmusteriye.com\/urunler\/wp-json\/wp\/v2\/comments?post=153891"}],"version-history":[{"count":0,"href":"https:\/\/depodanmusteriye.com\/urunler\/wp-json\/wp\/v2\/product\/153891\/revisions"}],"wp:featuredmedia":[{"embeddable":true,"href":"https:\/\/depodanmusteriye.com\/urunler\/wp-json\/wp\/v2\/media\/153889"}],"wp:attachment":[{"href":"https:\/\/depodanmusteriye.com\/urunler\/wp-json\/wp\/v2\/media?parent=153891"}],"wp:term":[{"taxonomy":"product_brand","embeddable":true,"href":"https:\/\/depodanmusteriye.com\/urunler\/wp-json\/wp\/v2\/product_brand?post=153891"},{"taxonomy":"product_cat","embeddable":true,"href":"https:\/\/depodanmusteriye.com\/urunler\/wp-json\/wp\/v2\/product_cat?post=153891"},{"taxonomy":"product_tag","embeddable":true,"href":"https:\/\/depodanmusteriye.com\/urunler\/wp-json\/wp\/v2\/product_tag?post=153891"}],"curies":[{"name":"wp","href":"https:\/\/api.w.org\/{rel}","templated":true}]}}