{"id":153214,"date":"2025-12-12T11:03:05","date_gmt":"2025-12-12T11:03:05","guid":{"rendered":"https:\/\/b2b.depodanmusteriye.com\/urun\/0-rh-pozitif-kan-grubu-anahtarlik-kirmizi\/"},"modified":"2025-12-12T11:03:05","modified_gmt":"2025-12-12T11:03:05","slug":"0-rh-pozitif-kan-grubu-anahtarlik-kirmizi","status":"publish","type":"product","link":"https:\/\/depodanmusteriye.com\/urunler\/urun\/0-rh-pozitif-kan-grubu-anahtarlik-kirmizi\/","title":{"rendered":"0 Rh Pozitif Kan Grubu Anahtarl\u0131k-K\u0131rm\u0131z\u0131"},"content":{"rendered":"<h4>\n<p>0 Rh Pozitif Kan Grubu Anahtarl\u0131k-K\u0131rm\u0131z\u0131<\/p>\n<p> 0 Rh Pozitif Kan Grubu Anahtarl\u0131k <\/p>\n<p><b>1 adet fiyat\u0131d\u0131r<\/b> <\/p>\n<p><p><b>\u00dcretici Markas\u0131 : ZERO<\/b><\/p>\n<p><b>\u00dcretici Kodu : 11713593K\u0131rm\u0131z\u0131<\/b><\/p>\n<p><b>1 ADET F\u0130YATIDIR<\/b><\/p>\n<\/h4>\n<p><\/p>\n","protected":false},"excerpt":{"rendered":"<p>0 Rh Pozitif Kan Grubu Anahtarl\u0131k-K\u0131rm\u0131z\u0131<\/p>\n","protected":false},"featured_media":153212,"comment_status":"open","ping_status":"closed","template":"","meta":[],"product_brand":[],"product_cat":[728,371],"product_tag":[3864,11775,8773,11776,11773],"class_list":{"0":"post-153214","1":"product","2":"type-product","3":"status-publish","4":"has-post-thumbnail","6":"product_cat-anahtarlik","7":"product_cat-bijuteri-hediyelik","8":"product_tag-anahtarlik-kirmizi","9":"product_tag-grubu","10":"product_tag-kan","11":"product_tag-pozitif","12":"product_tag-rh","14":"first","15":"instock","16":"taxable","17":"shipping-taxable","18":"purchasable","19":"product-type-simple"},"_links":{"self":[{"href":"https:\/\/depodanmusteriye.com\/urunler\/wp-json\/wp\/v2\/product\/153214","targetHints":{"allow":["GET"]}}],"collection":[{"href":"https:\/\/depodanmusteriye.com\/urunler\/wp-json\/wp\/v2\/product"}],"about":[{"href":"https:\/\/depodanmusteriye.com\/urunler\/wp-json\/wp\/v2\/types\/product"}],"replies":[{"embeddable":true,"href":"https:\/\/depodanmusteriye.com\/urunler\/wp-json\/wp\/v2\/comments?post=153214"}],"version-history":[{"count":0,"href":"https:\/\/depodanmusteriye.com\/urunler\/wp-json\/wp\/v2\/product\/153214\/revisions"}],"wp:featuredmedia":[{"embeddable":true,"href":"https:\/\/depodanmusteriye.com\/urunler\/wp-json\/wp\/v2\/media\/153212"}],"wp:attachment":[{"href":"https:\/\/depodanmusteriye.com\/urunler\/wp-json\/wp\/v2\/media?parent=153214"}],"wp:term":[{"taxonomy":"product_brand","embeddable":true,"href":"https:\/\/depodanmusteriye.com\/urunler\/wp-json\/wp\/v2\/product_brand?post=153214"},{"taxonomy":"product_cat","embeddable":true,"href":"https:\/\/depodanmusteriye.com\/urunler\/wp-json\/wp\/v2\/product_cat?post=153214"},{"taxonomy":"product_tag","embeddable":true,"href":"https:\/\/depodanmusteriye.com\/urunler\/wp-json\/wp\/v2\/product_tag?post=153214"}],"curies":[{"name":"wp","href":"https:\/\/api.w.org\/{rel}","templated":true}]}}