{"id":151569,"date":"2025-12-12T09:42:05","date_gmt":"2025-12-12T09:42:05","guid":{"rendered":"https:\/\/b2b.depodanmusteriye.com\/urun\/oval-tasli-esarp-ignesi-gumus-rengi\/"},"modified":"2025-12-12T09:42:05","modified_gmt":"2025-12-12T09:42:05","slug":"oval-tasli-esarp-ignesi-gumus-rengi","status":"publish","type":"product","link":"https:\/\/depodanmusteriye.com\/urunler\/urun\/oval-tasli-esarp-ignesi-gumus-rengi\/","title":{"rendered":"Oval Ta\u015fl\u0131 E\u015farp \u0130\u011fnesi-G\u00fcm\u00fc\u015f Rengi"},"content":{"rendered":"<h4>\n<p>Oval Ta\u015fl\u0131 E\u015farp \u0130\u011fnesi-G\u00fcm\u00fc\u015f Rengi<\/p>\n<p> Oval Ta\u015fl\u0131 E\u015farp \u0130\u011fnesi <\/p>\n<p><b>1 adet fiyat\u0131d\u0131r<\/b> <\/p>\n<p><p><b>\u00dcretici Markas\u0131 : ZERO<\/b><\/p>\n<p><b>\u00dcretici Kodu : 11559757G\u00fcm\u00fc\u015f<\/b><\/p>\n<p><b>1 ADET F\u0130YATIDIR<\/b><\/p>\n<\/h4>\n<p><\/p>\n","protected":false},"excerpt":{"rendered":"<p>Oval Ta\u015fl\u0131 E\u015farp \u0130\u011fnesi-G\u00fcm\u00fc\u015f Rengi<\/p>\n","protected":false},"featured_media":151567,"comment_status":"open","ping_status":"closed","template":"","meta":[],"product_brand":[],"product_cat":[371,387],"product_tag":[2036,11537,2249,2085,2030],"class_list":{"0":"post-151569","1":"product","2":"type-product","3":"status-publish","4":"has-post-thumbnail","6":"product_cat-bijuteri-hediyelik","7":"product_cat-esarp","8":"product_tag-esarp","9":"product_tag-ignesi-gumus","10":"product_tag-oval","11":"product_tag-rengi","12":"product_tag-tasli","14":"first","15":"instock","16":"taxable","17":"shipping-taxable","18":"purchasable","19":"product-type-simple"},"_links":{"self":[{"href":"https:\/\/depodanmusteriye.com\/urunler\/wp-json\/wp\/v2\/product\/151569","targetHints":{"allow":["GET"]}}],"collection":[{"href":"https:\/\/depodanmusteriye.com\/urunler\/wp-json\/wp\/v2\/product"}],"about":[{"href":"https:\/\/depodanmusteriye.com\/urunler\/wp-json\/wp\/v2\/types\/product"}],"replies":[{"embeddable":true,"href":"https:\/\/depodanmusteriye.com\/urunler\/wp-json\/wp\/v2\/comments?post=151569"}],"version-history":[{"count":0,"href":"https:\/\/depodanmusteriye.com\/urunler\/wp-json\/wp\/v2\/product\/151569\/revisions"}],"wp:featuredmedia":[{"embeddable":true,"href":"https:\/\/depodanmusteriye.com\/urunler\/wp-json\/wp\/v2\/media\/151567"}],"wp:attachment":[{"href":"https:\/\/depodanmusteriye.com\/urunler\/wp-json\/wp\/v2\/media?parent=151569"}],"wp:term":[{"taxonomy":"product_brand","embeddable":true,"href":"https:\/\/depodanmusteriye.com\/urunler\/wp-json\/wp\/v2\/product_brand?post=151569"},{"taxonomy":"product_cat","embeddable":true,"href":"https:\/\/depodanmusteriye.com\/urunler\/wp-json\/wp\/v2\/product_cat?post=151569"},{"taxonomy":"product_tag","embeddable":true,"href":"https:\/\/depodanmusteriye.com\/urunler\/wp-json\/wp\/v2\/product_tag?post=151569"}],"curies":[{"name":"wp","href":"https:\/\/api.w.org\/{rel}","templated":true}]}}