{"id":151563,"date":"2025-12-12T09:41:48","date_gmt":"2025-12-12T09:41:48","guid":{"rendered":"https:\/\/b2b.depodanmusteriye.com\/urun\/dua-tasli-trend-bileklik-sari\/"},"modified":"2025-12-12T09:41:48","modified_gmt":"2025-12-12T09:41:48","slug":"dua-tasli-trend-bileklik-sari","status":"publish","type":"product","link":"https:\/\/depodanmusteriye.com\/urunler\/urun\/dua-tasli-trend-bileklik-sari\/","title":{"rendered":"Dua Ta\u015fl\u0131 Trend Bileklik-Sar\u0131"},"content":{"rendered":"<h4>\n<p>Dua Ta\u015fl\u0131 Trend Bileklik-Sar\u0131<\/p>\n<p> Dua Ta\u015fl\u0131 Trend Bileklik <\/p>\n<p><b>1 adet fiyat\u0131d\u0131r<\/b> <\/p>\n<p><p><b>\u00dcretici Markas\u0131 : ZERO<\/b><\/p>\n<p><b>\u00dcretici Kodu : 11562382Sar\u0131<\/b><\/p>\n<p><b>1 ADET F\u0130YATIDIR<\/b><\/p>\n<\/h4>\n<p><\/p>\n","protected":false},"excerpt":{"rendered":"<p>Dua Ta\u015fl\u0131 Trend Bileklik-Sar\u0131<\/p>\n","protected":false},"featured_media":151559,"comment_status":"open","ping_status":"closed","template":"","meta":[],"product_brand":[],"product_cat":[371,497],"product_tag":[3817,11534,2030,2497],"class_list":{"0":"post-151563","1":"product","2":"type-product","3":"status-publish","4":"has-post-thumbnail","6":"product_cat-bijuteri-hediyelik","7":"product_cat-bijuteri-bileklik","8":"product_tag-bileklik-sari","9":"product_tag-dua","10":"product_tag-tasli","11":"product_tag-trend","13":"first","14":"instock","15":"taxable","16":"shipping-taxable","17":"purchasable","18":"product-type-simple"},"_links":{"self":[{"href":"https:\/\/depodanmusteriye.com\/urunler\/wp-json\/wp\/v2\/product\/151563","targetHints":{"allow":["GET"]}}],"collection":[{"href":"https:\/\/depodanmusteriye.com\/urunler\/wp-json\/wp\/v2\/product"}],"about":[{"href":"https:\/\/depodanmusteriye.com\/urunler\/wp-json\/wp\/v2\/types\/product"}],"replies":[{"embeddable":true,"href":"https:\/\/depodanmusteriye.com\/urunler\/wp-json\/wp\/v2\/comments?post=151563"}],"version-history":[{"count":0,"href":"https:\/\/depodanmusteriye.com\/urunler\/wp-json\/wp\/v2\/product\/151563\/revisions"}],"wp:featuredmedia":[{"embeddable":true,"href":"https:\/\/depodanmusteriye.com\/urunler\/wp-json\/wp\/v2\/media\/151559"}],"wp:attachment":[{"href":"https:\/\/depodanmusteriye.com\/urunler\/wp-json\/wp\/v2\/media?parent=151563"}],"wp:term":[{"taxonomy":"product_brand","embeddable":true,"href":"https:\/\/depodanmusteriye.com\/urunler\/wp-json\/wp\/v2\/product_brand?post=151563"},{"taxonomy":"product_cat","embeddable":true,"href":"https:\/\/depodanmusteriye.com\/urunler\/wp-json\/wp\/v2\/product_cat?post=151563"},{"taxonomy":"product_tag","embeddable":true,"href":"https:\/\/depodanmusteriye.com\/urunler\/wp-json\/wp\/v2\/product_tag?post=151563"}],"curies":[{"name":"wp","href":"https:\/\/api.w.org\/{rel}","templated":true}]}}