{"id":151558,"date":"2025-12-12T09:41:34","date_gmt":"2025-12-12T09:41:34","guid":{"rendered":"https:\/\/b2b.depodanmusteriye.com\/urun\/yonca-tasli-trend-bileklik-sari\/"},"modified":"2025-12-12T09:41:34","modified_gmt":"2025-12-12T09:41:34","slug":"yonca-tasli-trend-bileklik-sari","status":"publish","type":"product","link":"https:\/\/depodanmusteriye.com\/urunler\/urun\/yonca-tasli-trend-bileklik-sari\/","title":{"rendered":"Yonca Ta\u015fl\u0131 Trend Bileklik-Sar\u0131"},"content":{"rendered":"<h4>\n<p>Yonca Ta\u015fl\u0131 Trend Bileklik-Sar\u0131<\/p>\n<p> Yonca Ta\u015fl\u0131 Trend Bileklik <\/p>\n<p><b>1 adet fiyat\u0131d\u0131r<\/b> <\/p>\n<p><p><b>\u00dcretici Markas\u0131 : ZERO<\/b><\/p>\n<p><b>\u00dcretici Kodu : 11562405Sar\u0131<\/b><\/p>\n<p><b>1 ADET F\u0130YATIDIR<\/b><\/p>\n<\/h4>\n<p><\/p>\n","protected":false},"excerpt":{"rendered":"<p>Yonca Ta\u015fl\u0131 Trend Bileklik-Sar\u0131<\/p>\n","protected":false},"featured_media":151556,"comment_status":"open","ping_status":"closed","template":"","meta":[],"product_brand":[],"product_cat":[371,497],"product_tag":[3817,2030,2497,4482],"class_list":{"0":"post-151558","1":"product","2":"type-product","3":"status-publish","4":"has-post-thumbnail","6":"product_cat-bijuteri-hediyelik","7":"product_cat-bijuteri-bileklik","8":"product_tag-bileklik-sari","9":"product_tag-tasli","10":"product_tag-trend","11":"product_tag-yonca","13":"first","14":"instock","15":"taxable","16":"shipping-taxable","17":"purchasable","18":"product-type-simple"},"_links":{"self":[{"href":"https:\/\/depodanmusteriye.com\/urunler\/wp-json\/wp\/v2\/product\/151558","targetHints":{"allow":["GET"]}}],"collection":[{"href":"https:\/\/depodanmusteriye.com\/urunler\/wp-json\/wp\/v2\/product"}],"about":[{"href":"https:\/\/depodanmusteriye.com\/urunler\/wp-json\/wp\/v2\/types\/product"}],"replies":[{"embeddable":true,"href":"https:\/\/depodanmusteriye.com\/urunler\/wp-json\/wp\/v2\/comments?post=151558"}],"version-history":[{"count":0,"href":"https:\/\/depodanmusteriye.com\/urunler\/wp-json\/wp\/v2\/product\/151558\/revisions"}],"wp:featuredmedia":[{"embeddable":true,"href":"https:\/\/depodanmusteriye.com\/urunler\/wp-json\/wp\/v2\/media\/151556"}],"wp:attachment":[{"href":"https:\/\/depodanmusteriye.com\/urunler\/wp-json\/wp\/v2\/media?parent=151558"}],"wp:term":[{"taxonomy":"product_brand","embeddable":true,"href":"https:\/\/depodanmusteriye.com\/urunler\/wp-json\/wp\/v2\/product_brand?post=151558"},{"taxonomy":"product_cat","embeddable":true,"href":"https:\/\/depodanmusteriye.com\/urunler\/wp-json\/wp\/v2\/product_cat?post=151558"},{"taxonomy":"product_tag","embeddable":true,"href":"https:\/\/depodanmusteriye.com\/urunler\/wp-json\/wp\/v2\/product_tag?post=151558"}],"curies":[{"name":"wp","href":"https:\/\/api.w.org\/{rel}","templated":true}]}}