{"id":15016,"date":"2025-12-02T22:20:03","date_gmt":"2025-12-02T22:20:03","guid":{"rendered":"https:\/\/b2b.depodanmusteriye.com\/urun\/konfulon-sn06-3in1-kablo-ve-kart-duzenleyici-mavi\/"},"modified":"2025-12-03T18:35:55","modified_gmt":"2025-12-03T18:35:55","slug":"konfulon-sn06-3in1-kablo-ve-kart-duzenleyici-mavi","status":"publish","type":"product","link":"https:\/\/depodanmusteriye.com\/urunler\/urun\/konfulon-sn06-3in1-kablo-ve-kart-duzenleyici-mavi\/","title":{"rendered":"Konfulon SN06 3in1 Kablo ve Kart D\u00fczenleyici &#8211; Mavi"},"content":{"rendered":"<h4>Konfulon SN06 3in1 Kablo ve Kart D\u00fczenleyici &#8211; Mavi<\/p>\n<p><span style=\"font-weight: bolder\">KONFULON SN-06 3 \u0130N 1 KABLO VE KART D\u00dcZENLEY\u0130C\u0130<\/span><\/p>\n<p>\u00c7ok fonksiyonlu stant \u00f6zellikli kablo d\u00fczenleyici ta\u015f\u0131nabilir set\u00a0<\/p>\n<p>Kutu i\u00e7eri\u011finde 28cm iki ucu Type-C kablo, USB adapt\u00f6r, Lightning adapt\u00f6r, Micro USB adapt\u00f6r ve sim kart \u00e7\u0131karma i\u011fnesi mevcuttur. D\u00fczenleyici kutu i\u00e7inde ayr\u0131ca \u00fc\u00e7 adet sim kart saklama haznesi bulunmaktad\u0131r.\u00a0<\/p>\n<p>Marka: Konfulon JOKO\u00a0<\/p>\n<p>Model No: SN06\u00a0<\/p>\n<p>G\u00fc\u00e7: 60W\u00a0<\/p>\n<p>1. U\u00e7: USB-A\u00a0<\/p>\n<p>2. U\u00e7: Type-C\u00a0<\/p>\n<p>3. U\u00e7: Micro USB\u00a0<\/p>\n<p>4. U\u00e7: Lightning\u00a0<\/p>\n<p>Materyal: PC + TPE\u00a0<\/p>\n<p>Kablo Uzunluk: 28 cm\u00a0<\/p>\n<p>\u00d6zellik: G\u00fcvenli, h\u0131zl\u0131 \u015farj ve veri aktar\u0131m\u0131\u00a0<\/p>\n<p>Uyumluluk: Lightning, Micro USB ve Type-C giri\u015fli t\u00fcm cihazlar i\u00e7in uyumludur\u00a0<\/p>\n<p>Paket \u0130\u00e7eri\u011fi\u00a0<\/p>\n<p>\u2022 Stant \u00f6zellikli d\u00fczenleyici kutu\u00a0<\/p>\n<p>\u2022 Type-C &#8211; Type-C Kablo 28cm\u00a0<\/p>\n<p>\u2022 Type-C &#8211; Micro USB \u00c7evirici Adapt\u00f6r\u00a0<\/p>\n<p>\u2022 Type-C &#8211; Lightning \u00c7evirici Adapt\u00f6r\u00a0<\/p>\n<p>\u2022 Type-C &#8211; USB \u00c7evirici Adapt\u00f6r\u00a0<\/p>\n<\/p>\n<p>\u2022 Sim Kart \u0130\u011fnesi<\/p>\n<p><span style=\"font-weight: bolder\"><br \/><\/span><img decoding=\"async\" src=\"https:\/\/www.newface.com.tr\/img\/descriptions\/630728872d356.jpg\" style=\"width: 780px\"><\/p>\n<p><\/p>\n<p><img decoding=\"async\" src=\"https:\/\/www.newface.com.tr\/img\/descriptions\/630728bb7cfdf.jpg\" style=\"width: 780px\"><\/p>\n<p><\/p>\n<p><b>1 adet fiyat\u0131d\u0131r<\/b> <\/p>\n<p><p><b>\u00dcretici Markas\u0131 : KONFULON<\/b><\/p>\n<p><b>\u00dcretici Kodu : 8683140427931<\/b><\/p>\n<p><b>1 ADET F\u0130YATIDIR<\/b><\/p>\n<\/h4>\n<p><\/p>\n","protected":false},"excerpt":{"rendered":"<p>Konfulon SN06 3in1 Kablo ve Kart D\u00fczenleyici &#8211; Mavi<\/p>\n","protected":false},"featured_media":15013,"comment_status":"open","ping_status":"closed","template":"","meta":[],"product_brand":[],"product_cat":[374,460],"product_tag":[1814,3608,2512,3429,2008,1737,3607,2104],"class_list":{"0":"post-15016","1":"product","2":"type-product","3":"status-publish","4":"has-post-thumbnail","6":"product_cat-mobil-aksesuar","7":"product_cat-arj-aleti","8":"product_tag-3in1","9":"product_tag-duzenleyici","10":"product_tag-kablo","11":"product_tag-kart","12":"product_tag-konfulon","13":"product_tag-mavi","14":"product_tag-sn06","15":"product_tag-ve","17":"first","18":"instock","19":"sale","20":"taxable","21":"shipping-taxable","22":"purchasable","23":"product-type-simple"},"_links":{"self":[{"href":"https:\/\/depodanmusteriye.com\/urunler\/wp-json\/wp\/v2\/product\/15016","targetHints":{"allow":["GET"]}}],"collection":[{"href":"https:\/\/depodanmusteriye.com\/urunler\/wp-json\/wp\/v2\/product"}],"about":[{"href":"https:\/\/depodanmusteriye.com\/urunler\/wp-json\/wp\/v2\/types\/product"}],"replies":[{"embeddable":true,"href":"https:\/\/depodanmusteriye.com\/urunler\/wp-json\/wp\/v2\/comments?post=15016"}],"version-history":[{"count":0,"href":"https:\/\/depodanmusteriye.com\/urunler\/wp-json\/wp\/v2\/product\/15016\/revisions"}],"wp:featuredmedia":[{"embeddable":true,"href":"https:\/\/depodanmusteriye.com\/urunler\/wp-json\/wp\/v2\/media\/15013"}],"wp:attachment":[{"href":"https:\/\/depodanmusteriye.com\/urunler\/wp-json\/wp\/v2\/media?parent=15016"}],"wp:term":[{"taxonomy":"product_brand","embeddable":true,"href":"https:\/\/depodanmusteriye.com\/urunler\/wp-json\/wp\/v2\/product_brand?post=15016"},{"taxonomy":"product_cat","embeddable":true,"href":"https:\/\/depodanmusteriye.com\/urunler\/wp-json\/wp\/v2\/product_cat?post=15016"},{"taxonomy":"product_tag","embeddable":true,"href":"https:\/\/depodanmusteriye.com\/urunler\/wp-json\/wp\/v2\/product_tag?post=15016"}],"curies":[{"name":"wp","href":"https:\/\/api.w.org\/{rel}","templated":true}]}}