{"id":15012,"date":"2025-12-02T22:19:55","date_gmt":"2025-12-02T22:19:55","guid":{"rendered":"https:\/\/b2b.depodanmusteriye.com\/urun\/konfulon-ina16-type-c-kablolu-kulak-ici-kulaklik-beyaz\/"},"modified":"2025-12-03T18:35:53","modified_gmt":"2025-12-03T18:35:53","slug":"konfulon-ina16-type-c-kablolu-kulak-ici-kulaklik-beyaz","status":"publish","type":"product","link":"https:\/\/depodanmusteriye.com\/urunler\/urun\/konfulon-ina16-type-c-kablolu-kulak-ici-kulaklik-beyaz\/","title":{"rendered":"Konfulon INA16 Type-C Kablolu Kulak \u0130\u00e7i Kulakl\u0131k &#8211; Beyaz"},"content":{"rendered":"<h4>Konfulon INA16 Type-C Kablolu Kulak \u0130\u00e7i Kulakl\u0131k &#8211; Beyaz<\/p>\n<p><b>Konfulon INA16 Type-C Kablolu Kulak \u0130\u00e7i Kulakl\u0131k<\/b><\/p>\n<p><b>Konfulon INA16, m\u00fczik dinleme deneyiminizi zenginle\u015ftiren kablolu kulak i\u00e7i kulakl\u0131kt\u0131r. Type-C ba\u011flant\u0131s\u0131 sayesinde modern cihazlarla uyumlu bir \u015fekilde \u00e7al\u0131\u015f\u0131r ve y\u00fcksek ses kalitesi sunar.<\/b><\/p>\n<p><b>Ba\u011flant\u0131 Tipi:<\/b> Type-C, h\u0131zl\u0131 ve g\u00fcvenilir ba\u011flant\u0131 sa\u011flar.<\/p>\n<p><b>Ses Kalitesi:<\/b> Geli\u015fmi\u015f ses teknolojisi ile derin baslar ve net tizler.<\/p>\n<p><b>Ergonomik Tasar\u0131m: <\/b>Kulak i\u00e7ine m\u00fckemmel uyum sa\u011flayarak uzun s\u00fcreli konfor sunar.<\/p>\n<p><b>Dayan\u0131kl\u0131 Malzeme: <\/b>Sa\u011flam yap\u0131s\u0131 sayesinde g\u00fcnl\u00fck kullan\u0131ma dayan\u0131kl\u0131d\u0131r.<\/p>\n<p><b>Ta\u015f\u0131nabilirlik: <\/b>Hafif ve kompakt tasar\u0131m\u0131 ile her yere kolayca ta\u015f\u0131nabilir.<\/p>\n<p><b>1 adet fiyat\u0131d\u0131r<\/b> <\/p>\n<p><p><b>\u00dcretici Markas\u0131 : KONFULON<\/b><\/p>\n<p><b>\u00dcretici Kodu : 6956974999236<\/b><\/p>\n<p><b>1 ADET F\u0130YATIDIR<\/b><\/p>\n<\/h4>\n<p><\/p>\n","protected":false},"excerpt":{"rendered":"<p>Konfulon INA16 Type-C Kablolu Kulak \u0130\u00e7i Kulakl\u0131k &#8211; Beyaz<\/p>\n","protected":false},"featured_media":15010,"comment_status":"open","ping_status":"closed","template":"","meta":[],"product_brand":[],"product_cat":[617,374],"product_tag":[1663,1904,3606,1953,2008,1638,1641,1952],"class_list":{"0":"post-15012","1":"product","2":"type-product","3":"status-publish","4":"has-post-thumbnail","6":"product_cat-kulak-ustu-kablolu-kulaklik","7":"product_cat-mobil-aksesuar","8":"product_tag-beyaz","9":"product_tag-ici","10":"product_tag-ina16","11":"product_tag-kablolu","12":"product_tag-konfulon","13":"product_tag-kulak","14":"product_tag-kulaklik","15":"product_tag-type-c","17":"first","18":"instock","19":"sale","20":"taxable","21":"shipping-taxable","22":"purchasable","23":"product-type-simple"},"_links":{"self":[{"href":"https:\/\/depodanmusteriye.com\/urunler\/wp-json\/wp\/v2\/product\/15012","targetHints":{"allow":["GET"]}}],"collection":[{"href":"https:\/\/depodanmusteriye.com\/urunler\/wp-json\/wp\/v2\/product"}],"about":[{"href":"https:\/\/depodanmusteriye.com\/urunler\/wp-json\/wp\/v2\/types\/product"}],"replies":[{"embeddable":true,"href":"https:\/\/depodanmusteriye.com\/urunler\/wp-json\/wp\/v2\/comments?post=15012"}],"version-history":[{"count":0,"href":"https:\/\/depodanmusteriye.com\/urunler\/wp-json\/wp\/v2\/product\/15012\/revisions"}],"wp:featuredmedia":[{"embeddable":true,"href":"https:\/\/depodanmusteriye.com\/urunler\/wp-json\/wp\/v2\/media\/15010"}],"wp:attachment":[{"href":"https:\/\/depodanmusteriye.com\/urunler\/wp-json\/wp\/v2\/media?parent=15012"}],"wp:term":[{"taxonomy":"product_brand","embeddable":true,"href":"https:\/\/depodanmusteriye.com\/urunler\/wp-json\/wp\/v2\/product_brand?post=15012"},{"taxonomy":"product_cat","embeddable":true,"href":"https:\/\/depodanmusteriye.com\/urunler\/wp-json\/wp\/v2\/product_cat?post=15012"},{"taxonomy":"product_tag","embeddable":true,"href":"https:\/\/depodanmusteriye.com\/urunler\/wp-json\/wp\/v2\/product_tag?post=15012"}],"curies":[{"name":"wp","href":"https:\/\/api.w.org\/{rel}","templated":true}]}}